{"id":1372,"date":"2017-09-27T13:18:09","date_gmt":"2017-09-27T11:18:09","guid":{"rendered":"https:\/\/www.entris-banking.ch\/startseite\/"},"modified":"2025-02-17T09:48:57","modified_gmt":"2025-02-17T08:48:57","slug":"home-2-2-2","status":"publish","type":"page","link":"https:\/\/www.entris-banking.ch\/fr\/","title":{"rendered":"Home"},"content":{"rendered":"<div class=\"wpb-content-wrapper\"><p>[vc_row full_width=\u00a0\u00bbstretch_row\u00a0\u00bb el_class=\u00a0\u00bbintro color blue\u00a0\u00bb][vc_column][vc_column_text]<\/p>\n<h1>Entris Banking \u2013 un prestataire pour petites et moyennes banques en Suisse<\/h1>\n<p>En tant que banque centrale titulaire d&rsquo;une licence bancaire, nous \u00e9paulons avec succ\u00e8s les petits et moyens \u00e9tablissements financiers. Gr\u00e2ce \u00e0 nos services financiers individuels et \u00e0 notre savoir-faire, nous combinons capacit\u00e9s et comp\u00e9tences pour offrir \u00e0 nos clients un soutien professionnel. Nous r\u00e9duisons la complexit\u00e9 afin que nos clients puissent se concentrer sur leur c\u0153ur de m\u00e9tier et r\u00e9duire le co\u00fbt des processus backend.[\/vc_column_text][\/vc_column][\/vc_row][vc_row el_class=\u00a0\u00bbcenter dienstleistungen\u00a0\u00bb][vc_column][vc_column_text]<\/p>\n<h2>Services financiers pour banques<\/h2>\n<p>[\/vc_column_text]<div class=\"service-container\"><div class=\"service anlegen-bankprodukte\"><a class=\"full\" href=\"https:\/\/www.entris-banking.ch\/fr\/services-financiers\/placements-produits-bancaires\/\">Placements & Produits bancaires<\/a><h3>Placements & Produits bancaires<\/h3><div class=\"service-overlay\"><h3>Placements & Produits bancaires<\/h3><p>En tant que d\u00e9positaire central, nous vous offrons tous les services dans les domaines Global Custody, n\u00e9goce de fonds, ex\u00e9cution globale, Fondsinvest et Fondsinvest Liberta.<div class=\"more\">En savoir plus<\/div><\/div><\/div><div class=\"service bancomaten\"><a class=\"full\" href=\"https:\/\/www.entris-banking.ch\/fr\/services-financiers\/bancomat\/\">Bancomat<\/a><h3>Bancomat<\/h3><div class=\"service-overlay\"><h3>Bancomat<\/h3><p>Nous vous soutenons dans l\u2019\u00e9valuation, l\u2019acquisition, l\u2019entretien et l\u2019exploitation de distributeurs automatiques de billets.<div class=\"more\">En savoir plus<\/div><\/div><\/div><div class=\"service giroorganisation-banking\"><a class=\"full\" href=\"https:\/\/www.entris-banking.ch\/fr\/services-financiers\/organisation-de-giro-banking\/\">Organisation de giro &amp; Banking<\/a><h3>Organisation de giro &amp; Banking<\/h3><div class=\"service-overlay\"><h3>Organisation de giro &amp; Banking<\/h3><p>En tant que banque centrale, nous proposons le raccordement \u00e0 SIC RBTR, Instant Payment et euroSIC avec une gamme compl\u00e8te d'instruments de gestion des liquidit\u00e9s et le traitement des ordres de paiement \u00e0 l'\u00e9tranger.<div class=\"more\">En savoir plus<\/div><\/div><\/div><div class=\"service alm-risiko-und-regulierungsmanagement\"><a class=\"full\" href=\"https:\/\/www.entris-banking.ch\/fr\/gestion-des-risques-et-gestion-de-la-reglementation\/\">Gestion des risques et de la r\u00e9glementation<\/a><h3>Gestion des risques et de la r\u00e9glementation<\/h3><div class=\"service-overlay\"><h3>Gestion des risques et de la r\u00e9glementation<\/h3><p>Nous vous conseillons et vous assistons dans tous les aspects de la gestion des risques, de la mise en \u0153uvre informatique des exigences r\u00e9glementaires et des directives.<div class=\"more\">En savoir plus<\/div><\/div><\/div><div class=\"service trading-treasury\"><a class=\"full\" href=\"https:\/\/www.entris-banking.ch\/fr\/services-financiers\/trading-treasury\/\">Trading & Treasury<\/a><h3>Trading & Treasury<\/h3><div class=\"service-overlay\"><h3>Trading & Treasury<\/h3><p>Nous assurons et pilotons la gestion de vos liquidit\u00e9s, le n\u00e9goce et le courtage, ainsi que la prise en charge d\u2019op\u00e9rations de d\u00e9riv\u00e9s de gr\u00e9 \u00e0 gr\u00e9 et de cr\u00e9dit. <div class=\"more\">En savoir plus<\/div><\/div><\/div><div class=\"service vorsorge\"><a class=\"full\" href=\"https:\/\/www.entris-banking.ch\/fr\/services-financiers\/prevoyance\/\">Pr\u00e9voyance<\/a><h3>Pr\u00e9voyance<\/h3><div class=\"service-overlay\"><h3>Pr\u00e9voyance<\/h3><p>Nos comp\u00e9tences principales sont la direction de fondations, la gestion de la pr\u00e9voyance adapt\u00e9e \u00e0 vos besoins et la tenue de la comptabilit\u00e9 de fondation.<div class=\"more\">En savoir plus<\/div><\/div><\/div><div class=\"service zahlungsmittel\"><a class=\"full\" href=\"https:\/\/www.entris-banking.ch\/fr\/services-financiers\/moyens-de-paiement\/\">Moyens de paiement<\/a><h3>Moyens de paiement<\/h3><div class=\"service-overlay\"><h3>Moyens de paiement<\/h3><p>Nous proposons des cartes de d\u00e9bit et de cr\u00e9dit ainsi que des moyens de paiement touristiques et vous d\u00e9chargeons d\u2019activit\u00e9s de back-office chronophages.<div class=\"more\">En savoir plus<\/div><\/div><\/div><\/div>[\/vc_column][\/vc_row][vc_row full_width=\u00a0\u00bbstretch_row\u00a0\u00bb el_class=\u00a0\u00bbcolor grey news\u00a0\u00bb][vc_column]<div class=\"news\"><span class=\"date\">28.08.2024<\/span><h3>30 ans Entris<\/h3><div class=\"shortdesc\"><p>Cette ann\u00e9e, nous c\u00e9l\u00e9brons un anniversaire particulier: depuis 30 ans, Entris est avec succ\u00e8s au service des petites et moyennes banques en Suisse en tant que \u00abbanque pour les banques\u00bb.<\/p><\/div><div class=\"button\"><a href=\"https:\/\/www.entris-banking.ch\/fr\/?post_type=post&p=5619\">En savoir plus<\/a><\/div><\/div>[\/vc_column][\/vc_row][vc_row full_width=\u00a0\u00bbstretch_row\u00a0\u00bb el_class=\u00a0\u00bbcolor blue small center kennzahlen\u00a0\u00bb][vc_column][vc_column_text]<\/p>\n<h2>Nos chiffres cl\u00e9s<\/h2>\n<p>[\/vc_column_text]<div class=\"counter js-counter col-xs-12\"><div class=\"counter__number\"><span class=\"number\" data-count=\"70\">0<\/span><\/div><div class=\"counter__label\">collaborateurs<\/div><\/div><div class=\"counter js-counter col-xs-12 col-sm-6\"><div class=\"counter__number\"><span class=\"number\" data-count=\"10.5\">0<\/span><span class=\"number_prefix\">mrd<\/span><\/div><div class=\"counter__label\">de total du bilan en CHF<\/div><\/div><div class=\"counter js-counter col-xs-12 col-sm-6\"><div class=\"counter__number counter__number--less-space\"><span class=\"number\" data-count=\"41\">0<\/span><span class=\"number_prefix\">%<\/span><\/div><div class=\"counter__label\">de ratio de fonds propres<\/div><\/div><div class=\"counter js-counter col-xs-12 col-sm-6\"><div class=\"counter__label\">Gestion de<\/div><div class=\"counter__number\"><span class=\"number\" data-count=\"28\">0<\/span><span class=\"number_prefix\">mrd<\/span><\/div><div class=\"counter__label\">d'actifs under Custody pour clients en CHF<\/div><\/div><div class=\"counter js-counter col-xs-12 col-sm-6\"><div class=\"counter__label\">Exploitation de<\/div><div class=\"counter__number\"><span class=\"number\" data-count=\"10\">0<\/span><span class=\"number_prefix\">%<\/span><\/div><div class=\"counter__label\">de tous les distributeurs automatiques de billets suisses<\/div><\/div><div class=\"counter js-counter col-xs-12\"><div class=\"counter__label\">Gestion de<\/div><div class=\"counter__number\"><span class=\"number\" data-count=\"200000\">0<\/span><\/div><div class=\"counter__label\">comptes de pension<\/div><\/div>[\/vc_column][\/vc_row][vc_row el_class=\u00a0\u00bbkunden center\u00a0\u00bb][vc_column][vc_column_text]<\/p>\n<h2>\u00c9coutons nos clients:<\/h2>\n<p>[\/vc_column_text]<div class=\"carousel-container\"><ul class=\"carousel\"><li><p>Avec Entris Banking, nous avons \u00e0 nos c\u00f4t\u00e9s un sp\u00e9cialiste dans le domaine des moyens de paiement. Le renouvellement de la carte Maestro \u00e0 l'automne 2017, par exemple, s'est d\u00e9roul\u00e9 sans heurts. En contrepartie, les banques clientes Entris b\u00e9n\u00e9ficient de notre n\u00e9goce de titres. Cette coop\u00e9ration s'est rapidement av\u00e9r\u00e9e gagnante pour toutes les parties concern\u00e9es.\n                    <span>Bank Vontobel AG <\/span>\n            <\/li><li><p>En tant que plus grande banque r\u00e9gionale de Suisse, nous sommes \u00e9galement heureux de pouvoir faire appel aux services d'Entris Banking. Gr\u00e2ce \u00e0 l'interface avec SIC\/euroSIC dans le trafic des paiements, Entris Banking est un partenaire fiable qui nous soutient \u00e9galement en tant que lien avec l'infrastructure des march\u00e9s financiers.\n                    <span>Banque Valiant SA <\/span>\n            <\/li><li><p>En tant que petite banque r\u00e9gionale, nous sommes heureux de pouvoir compter sur les services et la flexibilit\u00e9 d'Entris Banking. Chez Entris Banking, nous avons des interlocuteurs bien d\u00e9finis, qui comprennent nos d\u00e9fis et nous prennent au s\u00e9rieux en tant que client.\n                    <span>Clientis Sparkasse Oftringen Genossenschaft <\/span>\n            <\/li><li><p>Travailler avec Entris Banking est toujours professionnel et cibl\u00e9. Nous appr\u00e9cions son orientation orient\u00e9e vers l'avenir et son r\u00f4le de point de contact central pour des solutions dans le domaine des distributeurs automatiques de billets et des services innovants associ\u00e9s pour les banques Entris. Dans le cadre du projet ATMfutura, Entris Banking est un Sparring partner comp\u00e9tent qui nous aide \u00e0 mener \u00e0 bien ce projet interbancaire.\n                    <span>Diebold Nixdorf AG <\/span>\n            <\/li><li><p>Avec PRIVOR Fondation 3e pilier d\u2019Entris Banking, nous disposons d\u2019un partenaire engag\u00e9 dans le domaine de la pr\u00e9voyance professionnelle. Ensemble, nous avons lanc\u00e9 la campagne Facebook innovante \u00abPop Your Money\u00bb pour attirer l'attention des jeunes sur le th\u00e8me de la pr\u00e9voyance. Nous avons aussi eu la chance de faire nos premi\u00e8res exp\u00e9riences avec notre agent conversationnel \u00abPoppy\u00bb.\n                    <span>Hypothekarbank Lenzburg AG <\/span>\n            <\/li><li><p>Efficace, coop\u00e9ratif, rentable. Avec Entris Banking, nous disposons d'un partenaire fiable qui nous permet d'acheminer nos paiements dans le monde entier.\n                    <span>Bank Zimmerberg AG <\/span>\n            <\/li><\/ul><\/div><div class=\"clients\"><div class=\"client\"><a href=\"http:\/\/www.esprit-netzwerk.ch\/\" target=\"_blank\" class=\"full\">esprit netzwerk<\/a><img decoding=\"async\" src=\"https:\/\/www.entris-banking.ch\/wp-content\/uploads\/esprit-netzwerk_logo.png\" alt=\"esprit netzwerk\" \/><\/a><\/div><div class=\"client\"><a href=\"http:\/\/www.zaehringer-privatbank.ch\/\" target=\"_blank\" class=\"full\">Z\u00e4hringer Privatbank<\/a><img decoding=\"async\" src=\"https:\/\/www.entris-banking.ch\/wp-content\/uploads\/zaehringer-privatbank_logo.png\" alt=\"Z\u00e4hringer Privatbank\" \/><\/a><\/div><div class=\"client\"><a href=\"https:\/\/www.vontobel.com\/de-ch\/\" target=\"_blank\" class=\"full\">Vontobel<\/a><img decoding=\"async\" src=\"https:\/\/www.entris-banking.ch\/wp-content\/uploads\/vontobel_logo.png\" alt=\"Vontobel\" \/><\/a><\/div><div class=\"client\"><a href=\"https:\/\/www.valiant.ch\/privatkunden\" target=\"_blank\" class=\"full\">Valiant<\/a><img decoding=\"async\" src=\"https:\/\/www.entris-banking.ch\/wp-content\/uploads\/valiant_logo-3.png\" alt=\"Valiant\" \/><\/a><\/div><div class=\"client\"><a href=\"https:\/\/www.clientis.ch\/\" target=\"_blank\" class=\"full\">Clientis<\/a><img decoding=\"async\" src=\"https:\/\/www.entris-banking.ch\/wp-content\/uploads\/clientis-neues-logo-claim-de-rgb-schwarz.png\" alt=\"Clientis\" \/><\/a><\/div><div class=\"client\"><a href=\"https:\/\/www.lombardodier.com\/de\/home.html\" target=\"_blank\" class=\"full\">Lombard Odier<\/a><img decoding=\"async\" src=\"https:\/\/www.entris-banking.ch\/wp-content\/uploads\/lombard_odier_logo-3.png\" alt=\"Lombard Odier\" \/><\/a><\/div><div class=\"client\"><a href=\"https:\/\/www.hypobank.ch\/\" target=\"_blank\" class=\"full\">Hypo Vorarlberg<\/a><img decoding=\"async\" src=\"https:\/\/www.entris-banking.ch\/wp-content\/uploads\/hypo_vorarlberg_logo-1.png\" alt=\"Hypo Vorarlberg\" \/><\/a><\/div><div class=\"client\"><a href=\"https:\/\/www.entris-holding.ch\/\" target=\"_blank\" class=\"full\">Entris Holding<\/a><img decoding=\"async\" src=\"https:\/\/www.entris-banking.ch\/wp-content\/uploads\/eh_logo.png\" alt=\"Entris Holding\" \/><\/a><\/div><\/div>[\/vc_column][\/vc_row][vc_row el_class=\u00a0\u00bbkarriere\u00a0\u00bb][vc_column][vc_column_text]<\/p>\n<h2>Faire carri\u00e8re chez Entris Banking<\/h2>\n<p>[\/vc_column_text][vc_column_text css=\u00a0\u00bb\u00a0\u00bb]Vous cherchez un nouveau d\u00e9fi? \u00cates-vous int\u00e9ress\u00e9 par notre activit\u00e9 commerciale unique en tant que banque centrale pour les petits et moyens \u00e9tablissements financiers? Vous appr\u00e9ciez une atmosph\u00e8re de travail famili\u00e8re et des processus d\u00e9cisionnels courts? Apprenez-en plus ici sur le travail chez Entris Banking et nos offres d&#8217;emploi.[\/vc_column_text]<div class=\"button\"><a href=\"https:\/\/www.entris-banking.ch\/fr\/carriere\/\">Trouver un emploi<\/a><\/div>[\/vc_column][\/vc_row]<\/p>\n<\/div>","protected":false},"excerpt":{"rendered":"<p>[vc_row full_width=\u00a0\u00bbstretch_row\u00a0\u00bb el_class=\u00a0\u00bbintro color blue\u00a0\u00bb][vc_column][vc_column_text] Entris Banking \u2013 un prestataire pour petites et moyennes banques en Suisse En tant que banque centrale titulaire d&rsquo;une licence bancaire, nous \u00e9paulons avec succ\u00e8s les petits et moyens \u00e9tablissements financiers. Gr\u00e2ce \u00e0 nos services financiers individuels et \u00e0 notre savoir-faire, nous combinons capacit\u00e9s et comp\u00e9tences pour offrir \u00e0 nos [&hellip;]<\/p>\n","protected":false},"author":3,"featured_media":0,"parent":0,"menu_order":1,"comment_status":"closed","ping_status":"closed","template":"page-headerbild.php","meta":{"_acf_changed":false,"footnotes":""},"class_list":["post-1372","page","type-page","status-publish","hentry"],"acf":[],"yoast_head":"<!-- This site is optimized with the Yoast SEO plugin v27.4 - https:\/\/yoast.com\/product\/yoast-seo-wordpress\/ -->\n<title>Banque centrale avec licence bancaire pour banques r\u00e9gionales<\/title>\n<meta name=\"description\" content=\"Entris Banking offre des services financiers individuels de A \u00e0 Z pour petites et moyennes banques.\" \/>\n<meta name=\"robots\" content=\"index, follow, max-snippet:-1, max-image-preview:large, max-video-preview:-1\" \/>\n<link rel=\"canonical\" href=\"https:\/\/www.entris-banking.ch\/fr\/\" \/>\n<meta property=\"og:locale\" content=\"fr_FR\" \/>\n<meta property=\"og:type\" content=\"article\" \/>\n<meta property=\"og:title\" content=\"Banque centrale avec licence bancaire pour banques r\u00e9gionales\" \/>\n<meta property=\"og:description\" content=\"Entris Banking offre des services financiers individuels de A \u00e0 Z pour petites et moyennes banques.\" \/>\n<meta property=\"og:url\" content=\"https:\/\/www.entris-banking.ch\/fr\/\" \/>\n<meta property=\"og:site_name\" content=\"Entris Banking AG\" \/>\n<meta property=\"article:modified_time\" content=\"2025-02-17T08:48:57+00:00\" \/>\n<meta name=\"twitter:card\" content=\"summary_large_image\" \/>\n<meta name=\"twitter:label1\" content=\"Dur\u00e9e de lecture estim\u00e9e\" \/>\n\t<meta name=\"twitter:data1\" content=\"2 minutes\" \/>\n<script type=\"application\/ld+json\" class=\"yoast-schema-graph\">{\"@context\":\"https:\\\/\\\/schema.org\",\"@graph\":[{\"@type\":\"WebPage\",\"@id\":\"https:\\\/\\\/www.entris-banking.ch\\\/fr\\\/\",\"url\":\"https:\\\/\\\/www.entris-banking.ch\\\/fr\\\/\",\"name\":\"Banque centrale avec licence bancaire pour banques r\u00e9gionales\",\"isPartOf\":{\"@id\":\"https:\\\/\\\/www.entris-banking.ch\\\/#website\"},\"datePublished\":\"2017-09-27T11:18:09+00:00\",\"dateModified\":\"2025-02-17T08:48:57+00:00\",\"description\":\"Entris Banking offre des services financiers individuels de A \u00e0 Z pour petites et moyennes banques.\",\"breadcrumb\":{\"@id\":\"https:\\\/\\\/www.entris-banking.ch\\\/fr\\\/#breadcrumb\"},\"inLanguage\":\"fr-FR\",\"potentialAction\":[{\"@type\":\"ReadAction\",\"target\":[\"https:\\\/\\\/www.entris-banking.ch\\\/fr\\\/\"]}]},{\"@type\":\"BreadcrumbList\",\"@id\":\"https:\\\/\\\/www.entris-banking.ch\\\/fr\\\/#breadcrumb\",\"itemListElement\":[{\"@type\":\"ListItem\",\"position\":1,\"name\":\"Startseite\",\"item\":\"https:\\\/\\\/www.entris-banking.ch\\\/fr\\\/\"},{\"@type\":\"ListItem\",\"position\":2,\"name\":\"Home\"}]},{\"@type\":\"WebSite\",\"@id\":\"https:\\\/\\\/www.entris-banking.ch\\\/#website\",\"url\":\"https:\\\/\\\/www.entris-banking.ch\\\/\",\"name\":\"Entris Banking AG\",\"description\":\"\",\"publisher\":{\"@id\":\"https:\\\/\\\/www.entris-banking.ch\\\/#organization\"},\"potentialAction\":[{\"@type\":\"SearchAction\",\"target\":{\"@type\":\"EntryPoint\",\"urlTemplate\":\"https:\\\/\\\/www.entris-banking.ch\\\/?s={search_term_string}\"},\"query-input\":{\"@type\":\"PropertyValueSpecification\",\"valueRequired\":true,\"valueName\":\"search_term_string\"}}],\"inLanguage\":\"fr-FR\"},{\"@type\":\"Organization\",\"@id\":\"https:\\\/\\\/www.entris-banking.ch\\\/#organization\",\"name\":\"Entris Banking AG\",\"url\":\"https:\\\/\\\/www.entris-banking.ch\\\/\",\"logo\":{\"@type\":\"ImageObject\",\"inLanguage\":\"fr-FR\",\"@id\":\"https:\\\/\\\/www.entris-banking.ch\\\/#\\\/schema\\\/logo\\\/image\\\/\",\"url\":\"https:\\\/\\\/www.entris-banking.ch\\\/wp-content\\\/uploads\\\/entris-banking_logo.png\",\"contentUrl\":\"https:\\\/\\\/www.entris-banking.ch\\\/wp-content\\\/uploads\\\/entris-banking_logo.png\",\"width\":240,\"height\":128,\"caption\":\"Entris Banking AG\"},\"image\":{\"@id\":\"https:\\\/\\\/www.entris-banking.ch\\\/#\\\/schema\\\/logo\\\/image\\\/\"}}]}<\/script>\n<!-- \/ Yoast SEO plugin. -->","yoast_head_json":{"title":"Banque centrale avec licence bancaire pour banques r\u00e9gionales","description":"Entris Banking offre des services financiers individuels de A \u00e0 Z pour petites et moyennes banques.","robots":{"index":"index","follow":"follow","max-snippet":"max-snippet:-1","max-image-preview":"max-image-preview:large","max-video-preview":"max-video-preview:-1"},"canonical":"https:\/\/www.entris-banking.ch\/fr\/","og_locale":"fr_FR","og_type":"article","og_title":"Banque centrale avec licence bancaire pour banques r\u00e9gionales","og_description":"Entris Banking offre des services financiers individuels de A \u00e0 Z pour petites et moyennes banques.","og_url":"https:\/\/www.entris-banking.ch\/fr\/","og_site_name":"Entris Banking AG","article_modified_time":"2025-02-17T08:48:57+00:00","twitter_card":"summary_large_image","twitter_misc":{"Dur\u00e9e de lecture estim\u00e9e":"2 minutes"},"schema":{"@context":"https:\/\/schema.org","@graph":[{"@type":"WebPage","@id":"https:\/\/www.entris-banking.ch\/fr\/","url":"https:\/\/www.entris-banking.ch\/fr\/","name":"Banque centrale avec licence bancaire pour banques r\u00e9gionales","isPartOf":{"@id":"https:\/\/www.entris-banking.ch\/#website"},"datePublished":"2017-09-27T11:18:09+00:00","dateModified":"2025-02-17T08:48:57+00:00","description":"Entris Banking offre des services financiers individuels de A \u00e0 Z pour petites et moyennes banques.","breadcrumb":{"@id":"https:\/\/www.entris-banking.ch\/fr\/#breadcrumb"},"inLanguage":"fr-FR","potentialAction":[{"@type":"ReadAction","target":["https:\/\/www.entris-banking.ch\/fr\/"]}]},{"@type":"BreadcrumbList","@id":"https:\/\/www.entris-banking.ch\/fr\/#breadcrumb","itemListElement":[{"@type":"ListItem","position":1,"name":"Startseite","item":"https:\/\/www.entris-banking.ch\/fr\/"},{"@type":"ListItem","position":2,"name":"Home"}]},{"@type":"WebSite","@id":"https:\/\/www.entris-banking.ch\/#website","url":"https:\/\/www.entris-banking.ch\/","name":"Entris Banking AG","description":"","publisher":{"@id":"https:\/\/www.entris-banking.ch\/#organization"},"potentialAction":[{"@type":"SearchAction","target":{"@type":"EntryPoint","urlTemplate":"https:\/\/www.entris-banking.ch\/?s={search_term_string}"},"query-input":{"@type":"PropertyValueSpecification","valueRequired":true,"valueName":"search_term_string"}}],"inLanguage":"fr-FR"},{"@type":"Organization","@id":"https:\/\/www.entris-banking.ch\/#organization","name":"Entris Banking AG","url":"https:\/\/www.entris-banking.ch\/","logo":{"@type":"ImageObject","inLanguage":"fr-FR","@id":"https:\/\/www.entris-banking.ch\/#\/schema\/logo\/image\/","url":"https:\/\/www.entris-banking.ch\/wp-content\/uploads\/entris-banking_logo.png","contentUrl":"https:\/\/www.entris-banking.ch\/wp-content\/uploads\/entris-banking_logo.png","width":240,"height":128,"caption":"Entris Banking AG"},"image":{"@id":"https:\/\/www.entris-banking.ch\/#\/schema\/logo\/image\/"}}]}},"_links":{"self":[{"href":"https:\/\/www.entris-banking.ch\/fr\/wp-json\/wp\/v2\/pages\/1372","targetHints":{"allow":["GET"]}}],"collection":[{"href":"https:\/\/www.entris-banking.ch\/fr\/wp-json\/wp\/v2\/pages"}],"about":[{"href":"https:\/\/www.entris-banking.ch\/fr\/wp-json\/wp\/v2\/types\/page"}],"author":[{"embeddable":true,"href":"https:\/\/www.entris-banking.ch\/fr\/wp-json\/wp\/v2\/users\/3"}],"replies":[{"embeddable":true,"href":"https:\/\/www.entris-banking.ch\/fr\/wp-json\/wp\/v2\/comments?post=1372"}],"version-history":[{"count":22,"href":"https:\/\/www.entris-banking.ch\/fr\/wp-json\/wp\/v2\/pages\/1372\/revisions"}],"predecessor-version":[{"id":5861,"href":"https:\/\/www.entris-banking.ch\/fr\/wp-json\/wp\/v2\/pages\/1372\/revisions\/5861"}],"wp:attachment":[{"href":"https:\/\/www.entris-banking.ch\/fr\/wp-json\/wp\/v2\/media?parent=1372"}],"curies":[{"name":"wp","href":"https:\/\/api.w.org\/{rel}","templated":true}]}}