{"id":1373,"date":"2017-10-20T14:10:32","date_gmt":"2017-10-20T12:10:32","guid":{"rendered":"https:\/\/www.entris-banking.ch\/alm-risiko-und-regulierungsmanagement\/"},"modified":"2024-07-01T13:57:26","modified_gmt":"2024-07-01T11:57:26","slug":"gestion-des-risques-et-gestion-de-la-reglementation","status":"publish","type":"page","link":"https:\/\/www.entris-banking.ch\/fr\/gestion-des-risques-et-gestion-de-la-reglementation\/","title":{"rendered":"Gestion des risques et gestion de la r\u00e9glementation"},"content":{"rendered":"<div class=\"wpb-content-wrapper\"><p>[vc_row full_width=\u00a0\u00bbstretch_row\u00a0\u00bb el_class=\u00a0\u00bbintro color blue\u00a0\u00bb][vc_column][vc_column_text css=\u00a0\u00bb\u00a0\u00bb]<\/p>\n<h1>Gestion des risques et de la r\u00e9glementation<\/h1>\n<p>Avec une exp\u00e9rience \u00e9prouv\u00e9e dans les domaines de l&rsquo;Asset Liability Management (ALM), de la gestion des risques, de la tr\u00e9sorerie et de la r\u00e9glementation des march\u00e9s financiers, Entris Banking repr\u00e9sente les banques r\u00e9gionales dans de nombreux groupes de travail et organes sp\u00e9cialis\u00e9s de la FINMA, de la BNS ainsi que de la place financi\u00e8re suisse et participe ainsi activement au processus de r\u00e9glementation. Nos experts peuvent ainsi accompagner les clients de mani\u00e8re cibl\u00e9e dans la mise en \u0153uvre d&rsquo;exigences r\u00e9glementaires. Sur cette base, Entris Banking propose aux clients une assistance li\u00e9e \u00e0 des projets, des analyses de risques ainsi que des ateliers et des formations.[\/vc_column_text][\/vc_column][\/vc_row][vc_row el_class=\u00a0\u00bbservices\u00a0\u00bb][vc_column][vc_row_inner el_class=\u00a0\u00bbright\u00a0\u00bb][vc_column_inner width=\u00a0\u00bb1\/3&Prime;][vc_single_image image=\u00a0\u00bb927&Prime; img_size=\u00a0\u00bbfull\u00a0\u00bb][\/vc_column_inner][vc_column_inner width=\u00a0\u00bb2\/3&Prime;][vc_column_text]<\/p>\n<h3>Appui \u00e0 la mise en \u0153uvre des exigences r\u00e9glementaires dans des projets informatiques<\/h3>\n<p>Nos experts apportent un soutien aux projets dans la mise en \u0153uvre des exigences r\u00e9glementaires et leur projection dans les applications de gestion des risques et les syst\u00e8mes bancaires centraux. Nous avons de nombreuses ann\u00e9es d&rsquo;exp\u00e9rience avec Finnova, Ambit Focus et d&rsquo;autres applications du march\u00e9 financier.[\/vc_column_text][\/vc_column_inner][\/vc_row_inner][vc_row_inner el_class=\u00a0\u00bbleft last\u00a0\u00bb][vc_column_inner width=\u00a0\u00bb1\/3&Prime;][vc_single_image image=\u00a0\u00bb929&Prime; img_size=\u00a0\u00bbfull\u00a0\u00bb][\/vc_column_inner][vc_column_inner width=\u00a0\u00bb2\/3&Prime;][vc_column_text]<\/p>\n<h3>Structure et simplification des reportings sur les risques et du syst\u00e8me de directives<\/h3>\n<p>Notre soutien \u00e0 l&rsquo;\u00e9laboration et \u00e0 l&rsquo;automatisation de rapports de gestion par \u00e9chelon fonctionnel, comme la planification des fonds propres et des liquidit\u00e9s ainsi que dans le contr\u00f4le des risques, vous permet de vous concentrer sur votre c\u0153ur de m\u00e9tier. Nous vous assistons \u00e9galement dans le remaniement et la simplification des directives et des limites de risque. De cette fa\u00e7on, nous cr\u00e9ons des structures de gouvernance appropri\u00e9es et claires.[\/vc_column_text][\/vc_column_inner][\/vc_row_inner][\/vc_column][\/vc_row][vc_row full_width=\u00a0\u00bbstretch_row\u00a0\u00bb el_class=\u00a0\u00bbcolor blue list\u00a0\u00bb][vc_column][vc_column_text]<\/p>\n<h2>Vos avantages<\/h2>\n<p>[\/vc_column_text]<div class=\"list-item\"><div class=\"inside\"><div class=\"list-num\">1<\/div><div class=\"list-txt\">Vous \u00eates toujours au courant des derni\u00e8res exigences et possibilit\u00e9s d&rsquo;action dans l&rsquo;environnement actuel du march\u00e9 et disposez d&rsquo;outils de planification appropri\u00e9s pour vous aider \u00e0 optimiser que les co\u00fbts de refinancement et de liquidit\u00e9.<\/div><\/div><\/div><div class=\"list-item\"><div class=\"inside\"><div class=\"list-num\">2<\/div><div class=\"list-txt\">Vous obtenez des solutions qui fonctionnent &#8211; con\u00e7ues par des banquiers, pour les banquiers. Nos experts vous assistent de mani\u00e8re cibl\u00e9e et orient\u00e9e vers l&rsquo;application pratique. Nous connaissons bien vos syst\u00e8mes et vos applications, nous avons une affinit\u00e9 pour l&rsquo;informatique et nous sommes orient\u00e9s vers la pratique.<\/div><\/div><\/div><div class=\"list-item\"><div class=\"inside\"><div class=\"list-num\">3<\/div><div class=\"list-txt\">Gr\u00e2ce \u00e0 notre propre Trading &amp; Treasury, nous \u00e9laborons des strat\u00e9gies sur mesure qui r\u00e9pondent \u00e0 vos besoins.<\/div><\/div><\/div>[\/vc_column][\/vc_row]<\/p>\n<\/div>","protected":false},"excerpt":{"rendered":"<p>[vc_row full_width=\u00a0\u00bbstretch_row\u00a0\u00bb el_class=\u00a0\u00bbintro color blue\u00a0\u00bb][vc_column][vc_column_text css=\u00a0\u00bb\u00a0\u00bb] Gestion des risques et de la r\u00e9glementation Avec une exp\u00e9rience \u00e9prouv\u00e9e dans les domaines de l&rsquo;Asset Liability Management (ALM), de la gestion des risques, de la tr\u00e9sorerie et de la r\u00e9glementation des march\u00e9s financiers, Entris Banking repr\u00e9sente les banques r\u00e9gionales dans de nombreux groupes de travail et organes sp\u00e9cialis\u00e9s [&hellip;]<\/p>\n","protected":false},"author":3,"featured_media":0,"parent":0,"menu_order":5,"comment_status":"closed","ping_status":"closed","template":"","meta":{"_acf_changed":false,"footnotes":""},"class_list":["post-1373","page","type-page","status-publish","hentry"],"acf":[],"yoast_head":"<!-- This site is optimized with the Yoast SEO plugin v27.4 - https:\/\/yoast.com\/product\/yoast-seo-wordpress\/ -->\n<title>ALM, gestion des risques et gestion de la r\u00e9glementation<\/title>\n<meta name=\"description\" content=\"Entris Banking vous assiste dans les domaines de l\u2019Asset Liability Management (ALM), de la gestion des risques, de la tr\u00e9sorerie et de la r\u00e9glementation ...\" \/>\n<meta name=\"robots\" content=\"index, follow, max-snippet:-1, max-image-preview:large, max-video-preview:-1\" \/>\n<link rel=\"canonical\" href=\"https:\/\/www.entris-banking.ch\/fr\/services-financiers\/gestion-des-risques-et-gestion-de-la-reglementation\/\" \/>\n<meta property=\"og:locale\" content=\"fr_FR\" \/>\n<meta property=\"og:type\" content=\"article\" \/>\n<meta property=\"og:title\" content=\"ALM, gestion des risques et gestion de la r\u00e9glementation\" \/>\n<meta property=\"og:description\" content=\"Entris Banking vous assiste dans les domaines de l\u2019Asset Liability Management (ALM), de la gestion des risques, de la tr\u00e9sorerie et de la r\u00e9glementation ...\" \/>\n<meta property=\"og:url\" content=\"https:\/\/www.entris-banking.ch\/fr\/services-financiers\/gestion-des-risques-et-gestion-de-la-reglementation\/\" \/>\n<meta property=\"og:site_name\" content=\"Entris Banking AG\" \/>\n<meta property=\"article:modified_time\" content=\"2024-07-01T11:57:26+00:00\" \/>\n<meta name=\"twitter:card\" content=\"summary_large_image\" \/>\n<meta name=\"twitter:label1\" content=\"Dur\u00e9e de lecture estim\u00e9e\" \/>\n\t<meta name=\"twitter:data1\" content=\"3 minutes\" \/>\n<script type=\"application\/ld+json\" class=\"yoast-schema-graph\">{\"@context\":\"https:\\\/\\\/schema.org\",\"@graph\":[{\"@type\":\"WebPage\",\"@id\":\"https:\\\/\\\/www.entris-banking.ch\\\/fr\\\/services-financiers\\\/gestion-des-risques-et-gestion-de-la-reglementation\\\/\",\"url\":\"https:\\\/\\\/www.entris-banking.ch\\\/fr\\\/services-financiers\\\/gestion-des-risques-et-gestion-de-la-reglementation\\\/\",\"name\":\"ALM, gestion des risques et gestion de la r\u00e9glementation\",\"isPartOf\":{\"@id\":\"https:\\\/\\\/www.entris-banking.ch\\\/#website\"},\"datePublished\":\"2017-10-20T12:10:32+00:00\",\"dateModified\":\"2024-07-01T11:57:26+00:00\",\"description\":\"Entris Banking vous assiste dans les domaines de l\u2019Asset Liability Management (ALM), de la gestion des risques, de la tr\u00e9sorerie et de la r\u00e9glementation ...\",\"breadcrumb\":{\"@id\":\"https:\\\/\\\/www.entris-banking.ch\\\/fr\\\/services-financiers\\\/gestion-des-risques-et-gestion-de-la-reglementation\\\/#breadcrumb\"},\"inLanguage\":\"fr-FR\",\"potentialAction\":[{\"@type\":\"ReadAction\",\"target\":[\"https:\\\/\\\/www.entris-banking.ch\\\/fr\\\/services-financiers\\\/gestion-des-risques-et-gestion-de-la-reglementation\\\/\"]}]},{\"@type\":\"BreadcrumbList\",\"@id\":\"https:\\\/\\\/www.entris-banking.ch\\\/fr\\\/services-financiers\\\/gestion-des-risques-et-gestion-de-la-reglementation\\\/#breadcrumb\",\"itemListElement\":[{\"@type\":\"ListItem\",\"position\":1,\"name\":\"Startseite\",\"item\":\"https:\\\/\\\/www.entris-banking.ch\\\/fr\\\/\"},{\"@type\":\"ListItem\",\"position\":2,\"name\":\"Services financiers\",\"item\":\"https:\\\/\\\/www.entris-banking.ch\\\/fr\\\/services-financiers\\\/\"},{\"@type\":\"ListItem\",\"position\":3,\"name\":\"Gestion des risques et gestion de la r\u00e9glementation\"}]},{\"@type\":\"WebSite\",\"@id\":\"https:\\\/\\\/www.entris-banking.ch\\\/#website\",\"url\":\"https:\\\/\\\/www.entris-banking.ch\\\/\",\"name\":\"Entris Banking AG\",\"description\":\"\",\"publisher\":{\"@id\":\"https:\\\/\\\/www.entris-banking.ch\\\/#organization\"},\"potentialAction\":[{\"@type\":\"SearchAction\",\"target\":{\"@type\":\"EntryPoint\",\"urlTemplate\":\"https:\\\/\\\/www.entris-banking.ch\\\/?s={search_term_string}\"},\"query-input\":{\"@type\":\"PropertyValueSpecification\",\"valueRequired\":true,\"valueName\":\"search_term_string\"}}],\"inLanguage\":\"fr-FR\"},{\"@type\":\"Organization\",\"@id\":\"https:\\\/\\\/www.entris-banking.ch\\\/#organization\",\"name\":\"Entris Banking AG\",\"url\":\"https:\\\/\\\/www.entris-banking.ch\\\/\",\"logo\":{\"@type\":\"ImageObject\",\"inLanguage\":\"fr-FR\",\"@id\":\"https:\\\/\\\/www.entris-banking.ch\\\/#\\\/schema\\\/logo\\\/image\\\/\",\"url\":\"https:\\\/\\\/www.entris-banking.ch\\\/wp-content\\\/uploads\\\/entris-banking_logo.png\",\"contentUrl\":\"https:\\\/\\\/www.entris-banking.ch\\\/wp-content\\\/uploads\\\/entris-banking_logo.png\",\"width\":240,\"height\":128,\"caption\":\"Entris Banking AG\"},\"image\":{\"@id\":\"https:\\\/\\\/www.entris-banking.ch\\\/#\\\/schema\\\/logo\\\/image\\\/\"}}]}<\/script>\n<!-- \/ Yoast SEO plugin. -->","yoast_head_json":{"title":"ALM, gestion des risques et gestion de la r\u00e9glementation","description":"Entris Banking vous assiste dans les domaines de l\u2019Asset Liability Management (ALM), de la gestion des risques, de la tr\u00e9sorerie et de la r\u00e9glementation ...","robots":{"index":"index","follow":"follow","max-snippet":"max-snippet:-1","max-image-preview":"max-image-preview:large","max-video-preview":"max-video-preview:-1"},"canonical":"https:\/\/www.entris-banking.ch\/fr\/services-financiers\/gestion-des-risques-et-gestion-de-la-reglementation\/","og_locale":"fr_FR","og_type":"article","og_title":"ALM, gestion des risques et gestion de la r\u00e9glementation","og_description":"Entris Banking vous assiste dans les domaines de l\u2019Asset Liability Management (ALM), de la gestion des risques, de la tr\u00e9sorerie et de la r\u00e9glementation ...","og_url":"https:\/\/www.entris-banking.ch\/fr\/services-financiers\/gestion-des-risques-et-gestion-de-la-reglementation\/","og_site_name":"Entris Banking AG","article_modified_time":"2024-07-01T11:57:26+00:00","twitter_card":"summary_large_image","twitter_misc":{"Dur\u00e9e de lecture estim\u00e9e":"3 minutes"},"schema":{"@context":"https:\/\/schema.org","@graph":[{"@type":"WebPage","@id":"https:\/\/www.entris-banking.ch\/fr\/services-financiers\/gestion-des-risques-et-gestion-de-la-reglementation\/","url":"https:\/\/www.entris-banking.ch\/fr\/services-financiers\/gestion-des-risques-et-gestion-de-la-reglementation\/","name":"ALM, gestion des risques et gestion de la r\u00e9glementation","isPartOf":{"@id":"https:\/\/www.entris-banking.ch\/#website"},"datePublished":"2017-10-20T12:10:32+00:00","dateModified":"2024-07-01T11:57:26+00:00","description":"Entris Banking vous assiste dans les domaines de l\u2019Asset Liability Management (ALM), de la gestion des risques, de la tr\u00e9sorerie et de la r\u00e9glementation ...","breadcrumb":{"@id":"https:\/\/www.entris-banking.ch\/fr\/services-financiers\/gestion-des-risques-et-gestion-de-la-reglementation\/#breadcrumb"},"inLanguage":"fr-FR","potentialAction":[{"@type":"ReadAction","target":["https:\/\/www.entris-banking.ch\/fr\/services-financiers\/gestion-des-risques-et-gestion-de-la-reglementation\/"]}]},{"@type":"BreadcrumbList","@id":"https:\/\/www.entris-banking.ch\/fr\/services-financiers\/gestion-des-risques-et-gestion-de-la-reglementation\/#breadcrumb","itemListElement":[{"@type":"ListItem","position":1,"name":"Startseite","item":"https:\/\/www.entris-banking.ch\/fr\/"},{"@type":"ListItem","position":2,"name":"Services financiers","item":"https:\/\/www.entris-banking.ch\/fr\/services-financiers\/"},{"@type":"ListItem","position":3,"name":"Gestion des risques et gestion de la r\u00e9glementation"}]},{"@type":"WebSite","@id":"https:\/\/www.entris-banking.ch\/#website","url":"https:\/\/www.entris-banking.ch\/","name":"Entris Banking AG","description":"","publisher":{"@id":"https:\/\/www.entris-banking.ch\/#organization"},"potentialAction":[{"@type":"SearchAction","target":{"@type":"EntryPoint","urlTemplate":"https:\/\/www.entris-banking.ch\/?s={search_term_string}"},"query-input":{"@type":"PropertyValueSpecification","valueRequired":true,"valueName":"search_term_string"}}],"inLanguage":"fr-FR"},{"@type":"Organization","@id":"https:\/\/www.entris-banking.ch\/#organization","name":"Entris Banking AG","url":"https:\/\/www.entris-banking.ch\/","logo":{"@type":"ImageObject","inLanguage":"fr-FR","@id":"https:\/\/www.entris-banking.ch\/#\/schema\/logo\/image\/","url":"https:\/\/www.entris-banking.ch\/wp-content\/uploads\/entris-banking_logo.png","contentUrl":"https:\/\/www.entris-banking.ch\/wp-content\/uploads\/entris-banking_logo.png","width":240,"height":128,"caption":"Entris Banking AG"},"image":{"@id":"https:\/\/www.entris-banking.ch\/#\/schema\/logo\/image\/"}}]}},"_links":{"self":[{"href":"https:\/\/www.entris-banking.ch\/fr\/wp-json\/wp\/v2\/pages\/1373","targetHints":{"allow":["GET"]}}],"collection":[{"href":"https:\/\/www.entris-banking.ch\/fr\/wp-json\/wp\/v2\/pages"}],"about":[{"href":"https:\/\/www.entris-banking.ch\/fr\/wp-json\/wp\/v2\/types\/page"}],"author":[{"embeddable":true,"href":"https:\/\/www.entris-banking.ch\/fr\/wp-json\/wp\/v2\/users\/3"}],"replies":[{"embeddable":true,"href":"https:\/\/www.entris-banking.ch\/fr\/wp-json\/wp\/v2\/comments?post=1373"}],"version-history":[{"count":7,"href":"https:\/\/www.entris-banking.ch\/fr\/wp-json\/wp\/v2\/pages\/1373\/revisions"}],"predecessor-version":[{"id":5654,"href":"https:\/\/www.entris-banking.ch\/fr\/wp-json\/wp\/v2\/pages\/1373\/revisions\/5654"}],"wp:attachment":[{"href":"https:\/\/www.entris-banking.ch\/fr\/wp-json\/wp\/v2\/media?parent=1373"}],"curies":[{"name":"wp","href":"https:\/\/api.w.org\/{rel}","templated":true}]}}