{"id":1374,"date":"2017-09-27T14:20:04","date_gmt":"2017-09-27T12:20:04","guid":{"rendered":"https:\/\/www.entris-banking.ch\/anlegen-bankprodukte\/"},"modified":"2017-12-20T00:36:05","modified_gmt":"2017-12-19T23:36:05","slug":"placements-produits-bancaires","status":"publish","type":"page","link":"https:\/\/www.entris-banking.ch\/fr\/services-financiers\/placements-produits-bancaires\/","title":{"rendered":"Placements &#038; Produits bancaires"},"content":{"rendered":"<div class=\"wpb-content-wrapper\"><p>[vc_row full_width=\u00a0\u00bbstretch_row\u00a0\u00bb el_class=\u00a0\u00bbintro color blue\u00a0\u00bb][vc_column][vc_column_text]<\/p>\n<h1>Placements &amp; Produits bancaires<\/h1>\n<p>En tant que d\u00e9positaire global de tous les produits de titres, nous offrons des services de garde de titres \u00e9conomiques et professionnels. Vous obtenez tous les produits de fonds de mani\u00e8re centralis\u00e9e et d\u2019un seul tenant. En ce qui concerne les \u00e9l\u00e9ments restants du n\u00e9goce de titres, vous d\u00e9cidez de travailler avec des partenaires ou de conserver une libert\u00e9 totale sur les contreparties.[\/vc_column_text][\/vc_column][\/vc_row][vc_row el_class=\u00a0\u00bbservices small\u00a0\u00bb][vc_column][vc_row_inner][vc_column_inner][vc_single_image image=\u00a0\u00bb920&Prime; img_size=\u00a0\u00bbfull\u00a0\u00bb][\/vc_column_inner][\/vc_row_inner][vc_row_inner][vc_column_inner][vc_column_text]<\/p>\n<h3>Global Custody<\/h3>\n<p>Entris Banking est le d\u00e9positaire central de l&rsquo;ensemble des titres, \u00e0 l&rsquo;exception des Traded Options\/Futures (TOFF). Nous nous occupons non seulement de la garde comptable et physique, mais aussi:<\/p>\n<ul>\n<li>de la comptabilit\u00e9 et de la livraison de titres;<\/li>\n<li>du r\u00e8glement;<\/li>\n<li>des op\u00e9rations en capital et Entitlements;<\/li>\n<li>de la garde et du rapprochement de titres.<\/li>\n<\/ul>\n<p>[\/vc_column_text][\/vc_column_inner][\/vc_row_inner][vc_row_inner][vc_column_inner][vc_column_text]<\/p>\n<h3>N\u00e9goce de fonds<\/h3>\n<p>Gr\u00e2ce \u00e0 des interfaces \u00e9lectroniques, nous traitons le n\u00e9goce complexe de fonds avec une efficacit\u00e9 \u00e9lev\u00e9e. Nous garantissons \u00e9galement l&rsquo;efficacit\u00e9 dans le suivi et le traitement: nos sp\u00e9cialistes comprennent leur m\u00e9tier et veillent au bon d\u00e9roulement des processus administratifs et techniques.[\/vc_column_text][\/vc_column_inner][\/vc_row_inner][vc_row_inner][vc_column_inner][vc_column_text]<\/p>\n<h3>Global Execution<\/h3>\n<p>Notre partenaire dans le domaine Ex\u00e9cution vous donne acc\u00e8s \u00e0 tous les march\u00e9s. Cela signifie que vous b\u00e9n\u00e9ficiez d\u2019un traitement \u00abBest Execution\u00bb et d\u2019un \u00abContractual Settlement\u00bb \u00e0 des conditions favorables. L\u2019ordre est pass\u00e9 \u00e0 votre nom et sous votre responsabilit\u00e9 &#8211; nous nous chargeons de la repr\u00e9sentation de vos int\u00e9r\u00eats et de l&rsquo;am\u00e9lioration continue du service.[\/vc_column_text][\/vc_column_inner][\/vc_row_inner][vc_row_inner][vc_column_inner][vc_column_text]<\/p>\n<h3>Fondsinvest et Fondsinvest Liberta<\/h3>\n<p>Avec le plan d\u2019\u00e9pargne en fonds <strong>Fondsinvest<\/strong>, votre client final peut se constituer une fortune gr\u00e2ce \u00e0 l&rsquo;\u00e9pargne syst\u00e9matique de fonds &#8211; m\u00eame avec de petits montants. Cela fait de l&rsquo;\u00e9pargne en fonds de placement la solution id\u00e9ale pour de nombreuses situations de vie.<\/p>\n<p>Le plan de pr\u00e9l\u00e8vement <strong>Fondsinvest Liberta<\/strong> est une pr\u00e9voyance vieillesse personnelle et compl\u00e9mentaire qui permet \u00e0 votre client final le pr\u00e9l\u00e8vement de l&rsquo;avoir de pr\u00e9voyance d\u00e9j\u00e0 \u00e9pargn\u00e9 sous forme de rente mensuelle.<\/p>\n<p>En suppl\u00e9ment \u00e0 la gestion des produits, l&rsquo;offre comprend l&rsquo;assistance \u00e0 la distribution et des parties du traitement de fonds.[\/vc_column_text][\/vc_column_inner][\/vc_row_inner][\/vc_column][\/vc_row][vc_row full_width=\u00a0\u00bbstretch_row\u00a0\u00bb el_class=\u00a0\u00bbcolor blue list\u00a0\u00bb][vc_column][vc_column_text]<\/p>\n<h2>Vos avantages<\/h2>\n<p>[\/vc_column_text]<div class=\"list-item\"><div class=\"inside\"><div class=\"list-num\">1<\/div><div class=\"list-txt\">Vous utilisez votre comp\u00e9tence de base de mani\u00e8re cibl\u00e9e et rentable dans le conseil \u00e0 la client\u00e8le et la prospection du march\u00e9.<\/div><\/div><\/div><div class=\"list-item\"><div class=\"inside\"><div class=\"list-num\">2<\/div><div class=\"list-txt\">Vous faites appel \u00e0 un traitement s\u00e9curis\u00e9 et transparent conforme aux exigences r\u00e9glementaires.<\/div><\/div><\/div><div class=\"list-item\"><div class=\"inside\"><div class=\"list-num\">3<\/div><div class=\"list-txt\">Vous profitez d&rsquo;\u00e9conomies d&rsquo;\u00e9chelle.<\/div><\/div><\/div><div class=\"list-item\"><div class=\"inside\"><div class=\"list-num\">4<\/div><div class=\"list-txt\">Les comptes de tr\u00e9sorerie sont g\u00e9r\u00e9s de mani\u00e8re centralis\u00e9e par une seule contrepartie.<\/div><\/div><\/div>[\/vc_column][\/vc_row]<\/p>\n<\/div>","protected":false},"excerpt":{"rendered":"<p>[vc_row full_width=\u00a0\u00bbstretch_row\u00a0\u00bb el_class=\u00a0\u00bbintro color blue\u00a0\u00bb][vc_column][vc_column_text] Placements &amp; Produits bancaires En tant que d\u00e9positaire global de tous les produits de titres, nous offrons des services de garde de titres \u00e9conomiques et professionnels. Vous obtenez tous les produits de fonds de mani\u00e8re centralis\u00e9e et d\u2019un seul tenant. En ce qui concerne les \u00e9l\u00e9ments restants du n\u00e9goce de [&hellip;]<\/p>\n","protected":false},"author":3,"featured_media":0,"parent":1391,"menu_order":10,"comment_status":"closed","ping_status":"closed","template":"","meta":{"_acf_changed":false,"footnotes":""},"class_list":["post-1374","page","type-page","status-publish","hentry"],"acf":[],"yoast_head":"<!-- This site is optimized with the Yoast SEO plugin v27.4 - https:\/\/yoast.com\/product\/yoast-seo-wordpress\/ -->\n<title>Placements et produits bancaires tels que les produits de fonds<\/title>\n<meta name=\"description\" content=\"Entris Banking est un d\u00e9positaire global pour tous les produits titres et vous propose des services de garde de titres \u00e9conomiques et professionnels.\" \/>\n<meta name=\"robots\" content=\"index, follow, max-snippet:-1, max-image-preview:large, max-video-preview:-1\" \/>\n<link rel=\"canonical\" href=\"https:\/\/www.entris-banking.ch\/fr\/services-financiers\/placements-produits-bancaires\/\" \/>\n<meta property=\"og:locale\" content=\"fr_FR\" \/>\n<meta property=\"og:type\" content=\"article\" \/>\n<meta property=\"og:title\" content=\"Placements et produits bancaires tels que les produits de fonds\" \/>\n<meta property=\"og:description\" content=\"Entris Banking est un d\u00e9positaire global pour tous les produits titres et vous propose des services de garde de titres \u00e9conomiques et professionnels.\" \/>\n<meta property=\"og:url\" content=\"https:\/\/www.entris-banking.ch\/fr\/services-financiers\/placements-produits-bancaires\/\" \/>\n<meta property=\"og:site_name\" content=\"Entris Banking AG\" \/>\n<meta property=\"article:modified_time\" content=\"2017-12-19T23:36:05+00:00\" \/>\n<meta name=\"twitter:card\" content=\"summary_large_image\" \/>\n<meta name=\"twitter:label1\" content=\"Dur\u00e9e de lecture estim\u00e9e\" \/>\n\t<meta name=\"twitter:data1\" content=\"3 minutes\" \/>\n<script type=\"application\/ld+json\" class=\"yoast-schema-graph\">{\"@context\":\"https:\\\/\\\/schema.org\",\"@graph\":[{\"@type\":\"WebPage\",\"@id\":\"https:\\\/\\\/www.entris-banking.ch\\\/fr\\\/services-financiers\\\/placements-produits-bancaires\\\/\",\"url\":\"https:\\\/\\\/www.entris-banking.ch\\\/fr\\\/services-financiers\\\/placements-produits-bancaires\\\/\",\"name\":\"Placements et produits bancaires tels que les produits de fonds\",\"isPartOf\":{\"@id\":\"https:\\\/\\\/www.entris-banking.ch\\\/#website\"},\"datePublished\":\"2017-09-27T12:20:04+00:00\",\"dateModified\":\"2017-12-19T23:36:05+00:00\",\"description\":\"Entris Banking est un d\u00e9positaire global pour tous les produits titres et vous propose des services de garde de titres \u00e9conomiques et professionnels.\",\"breadcrumb\":{\"@id\":\"https:\\\/\\\/www.entris-banking.ch\\\/fr\\\/services-financiers\\\/placements-produits-bancaires\\\/#breadcrumb\"},\"inLanguage\":\"fr-FR\",\"potentialAction\":[{\"@type\":\"ReadAction\",\"target\":[\"https:\\\/\\\/www.entris-banking.ch\\\/fr\\\/services-financiers\\\/placements-produits-bancaires\\\/\"]}]},{\"@type\":\"BreadcrumbList\",\"@id\":\"https:\\\/\\\/www.entris-banking.ch\\\/fr\\\/services-financiers\\\/placements-produits-bancaires\\\/#breadcrumb\",\"itemListElement\":[{\"@type\":\"ListItem\",\"position\":1,\"name\":\"Startseite\",\"item\":\"https:\\\/\\\/www.entris-banking.ch\\\/fr\\\/\"},{\"@type\":\"ListItem\",\"position\":2,\"name\":\"Services financiers\",\"item\":\"https:\\\/\\\/www.entris-banking.ch\\\/fr\\\/services-financiers\\\/\"},{\"@type\":\"ListItem\",\"position\":3,\"name\":\"Placements &#038; Produits bancaires\"}]},{\"@type\":\"WebSite\",\"@id\":\"https:\\\/\\\/www.entris-banking.ch\\\/#website\",\"url\":\"https:\\\/\\\/www.entris-banking.ch\\\/\",\"name\":\"Entris Banking AG\",\"description\":\"\",\"publisher\":{\"@id\":\"https:\\\/\\\/www.entris-banking.ch\\\/#organization\"},\"potentialAction\":[{\"@type\":\"SearchAction\",\"target\":{\"@type\":\"EntryPoint\",\"urlTemplate\":\"https:\\\/\\\/www.entris-banking.ch\\\/?s={search_term_string}\"},\"query-input\":{\"@type\":\"PropertyValueSpecification\",\"valueRequired\":true,\"valueName\":\"search_term_string\"}}],\"inLanguage\":\"fr-FR\"},{\"@type\":\"Organization\",\"@id\":\"https:\\\/\\\/www.entris-banking.ch\\\/#organization\",\"name\":\"Entris Banking AG\",\"url\":\"https:\\\/\\\/www.entris-banking.ch\\\/\",\"logo\":{\"@type\":\"ImageObject\",\"inLanguage\":\"fr-FR\",\"@id\":\"https:\\\/\\\/www.entris-banking.ch\\\/#\\\/schema\\\/logo\\\/image\\\/\",\"url\":\"https:\\\/\\\/www.entris-banking.ch\\\/wp-content\\\/uploads\\\/entris-banking_logo.png\",\"contentUrl\":\"https:\\\/\\\/www.entris-banking.ch\\\/wp-content\\\/uploads\\\/entris-banking_logo.png\",\"width\":240,\"height\":128,\"caption\":\"Entris Banking AG\"},\"image\":{\"@id\":\"https:\\\/\\\/www.entris-banking.ch\\\/#\\\/schema\\\/logo\\\/image\\\/\"}}]}<\/script>\n<!-- \/ Yoast SEO plugin. -->","yoast_head_json":{"title":"Placements et produits bancaires tels que les produits de fonds","description":"Entris Banking est un d\u00e9positaire global pour tous les produits titres et vous propose des services de garde de titres \u00e9conomiques et professionnels.","robots":{"index":"index","follow":"follow","max-snippet":"max-snippet:-1","max-image-preview":"max-image-preview:large","max-video-preview":"max-video-preview:-1"},"canonical":"https:\/\/www.entris-banking.ch\/fr\/services-financiers\/placements-produits-bancaires\/","og_locale":"fr_FR","og_type":"article","og_title":"Placements et produits bancaires tels que les produits de fonds","og_description":"Entris Banking est un d\u00e9positaire global pour tous les produits titres et vous propose des services de garde de titres \u00e9conomiques et professionnels.","og_url":"https:\/\/www.entris-banking.ch\/fr\/services-financiers\/placements-produits-bancaires\/","og_site_name":"Entris Banking AG","article_modified_time":"2017-12-19T23:36:05+00:00","twitter_card":"summary_large_image","twitter_misc":{"Dur\u00e9e de lecture estim\u00e9e":"3 minutes"},"schema":{"@context":"https:\/\/schema.org","@graph":[{"@type":"WebPage","@id":"https:\/\/www.entris-banking.ch\/fr\/services-financiers\/placements-produits-bancaires\/","url":"https:\/\/www.entris-banking.ch\/fr\/services-financiers\/placements-produits-bancaires\/","name":"Placements et produits bancaires tels que les produits de fonds","isPartOf":{"@id":"https:\/\/www.entris-banking.ch\/#website"},"datePublished":"2017-09-27T12:20:04+00:00","dateModified":"2017-12-19T23:36:05+00:00","description":"Entris Banking est un d\u00e9positaire global pour tous les produits titres et vous propose des services de garde de titres \u00e9conomiques et professionnels.","breadcrumb":{"@id":"https:\/\/www.entris-banking.ch\/fr\/services-financiers\/placements-produits-bancaires\/#breadcrumb"},"inLanguage":"fr-FR","potentialAction":[{"@type":"ReadAction","target":["https:\/\/www.entris-banking.ch\/fr\/services-financiers\/placements-produits-bancaires\/"]}]},{"@type":"BreadcrumbList","@id":"https:\/\/www.entris-banking.ch\/fr\/services-financiers\/placements-produits-bancaires\/#breadcrumb","itemListElement":[{"@type":"ListItem","position":1,"name":"Startseite","item":"https:\/\/www.entris-banking.ch\/fr\/"},{"@type":"ListItem","position":2,"name":"Services financiers","item":"https:\/\/www.entris-banking.ch\/fr\/services-financiers\/"},{"@type":"ListItem","position":3,"name":"Placements &#038; Produits bancaires"}]},{"@type":"WebSite","@id":"https:\/\/www.entris-banking.ch\/#website","url":"https:\/\/www.entris-banking.ch\/","name":"Entris Banking AG","description":"","publisher":{"@id":"https:\/\/www.entris-banking.ch\/#organization"},"potentialAction":[{"@type":"SearchAction","target":{"@type":"EntryPoint","urlTemplate":"https:\/\/www.entris-banking.ch\/?s={search_term_string}"},"query-input":{"@type":"PropertyValueSpecification","valueRequired":true,"valueName":"search_term_string"}}],"inLanguage":"fr-FR"},{"@type":"Organization","@id":"https:\/\/www.entris-banking.ch\/#organization","name":"Entris Banking AG","url":"https:\/\/www.entris-banking.ch\/","logo":{"@type":"ImageObject","inLanguage":"fr-FR","@id":"https:\/\/www.entris-banking.ch\/#\/schema\/logo\/image\/","url":"https:\/\/www.entris-banking.ch\/wp-content\/uploads\/entris-banking_logo.png","contentUrl":"https:\/\/www.entris-banking.ch\/wp-content\/uploads\/entris-banking_logo.png","width":240,"height":128,"caption":"Entris Banking AG"},"image":{"@id":"https:\/\/www.entris-banking.ch\/#\/schema\/logo\/image\/"}}]}},"_links":{"self":[{"href":"https:\/\/www.entris-banking.ch\/fr\/wp-json\/wp\/v2\/pages\/1374","targetHints":{"allow":["GET"]}}],"collection":[{"href":"https:\/\/www.entris-banking.ch\/fr\/wp-json\/wp\/v2\/pages"}],"about":[{"href":"https:\/\/www.entris-banking.ch\/fr\/wp-json\/wp\/v2\/types\/page"}],"author":[{"embeddable":true,"href":"https:\/\/www.entris-banking.ch\/fr\/wp-json\/wp\/v2\/users\/3"}],"replies":[{"embeddable":true,"href":"https:\/\/www.entris-banking.ch\/fr\/wp-json\/wp\/v2\/comments?post=1374"}],"version-history":[{"count":0,"href":"https:\/\/www.entris-banking.ch\/fr\/wp-json\/wp\/v2\/pages\/1374\/revisions"}],"up":[{"embeddable":true,"href":"https:\/\/www.entris-banking.ch\/fr\/wp-json\/wp\/v2\/pages\/1391"}],"wp:attachment":[{"href":"https:\/\/www.entris-banking.ch\/fr\/wp-json\/wp\/v2\/media?parent=1374"}],"curies":[{"name":"wp","href":"https:\/\/api.w.org\/{rel}","templated":true}]}}