{"id":1375,"date":"2017-10-20T14:15:13","date_gmt":"2017-10-20T12:15:13","guid":{"rendered":"https:\/\/www.entris-banking.ch\/giroorganisation-banking\/"},"modified":"2024-07-01T16:27:16","modified_gmt":"2024-07-01T14:27:16","slug":"organisation-de-giro-banking","status":"publish","type":"page","link":"https:\/\/www.entris-banking.ch\/fr\/services-financiers\/organisation-de-giro-banking\/","title":{"rendered":"Organisation de giro &amp; Banking"},"content":{"rendered":"<div class=\"wpb-content-wrapper\"><p>[vc_row full_width=\u00a0\u00bbstretch_row\u00a0\u00bb el_class=\u00a0\u00bbintro color blue\u00a0\u00bb][vc_column][vc_column_text css=\u00a0\u00bb\u00a0\u00bb]<\/p>\n<h1>Organisation de giro &amp; Banking<\/h1>\n<p>L&rsquo;organisation de giro offre des services complets de pilotage, de s\u00e9curisation et d&rsquo;optimisation de la liquidit\u00e9 de nos clients. Nos sp\u00e9cialistes g\u00e8rent l&rsquo;ensemble de l&rsquo;activit\u00e9 bancaire dans le domaine de la tenue des comptes de clearing en CHF et en EUR ainsi que le traitement des flux de tr\u00e9sorerie dans les syst\u00e8mes RBTR SIC et euroSIC ainsi que Instant Payment pour CHF.<\/p>\n<p>Dans le \u00abBanking\u00bb avec le Correspondent and Transaction Banking, nous compl\u00e9tons notre offre de traitement des comptes et des transactions dans le service Bank4Bank.[\/vc_column_text][\/vc_column][\/vc_row][vc_row el_id=\u00a0\u00bbsic\u00a0\u00bb el_class=\u00a0\u00bbservices small\u00a0\u00bb][vc_column][vc_column_text css=\u00a0\u00bb\u00a0\u00bb]<\/p>\n<h3>Raccordement SIC\/euroSIC (Payment Hub)<\/h3>\n<p>Nous sommes un fournisseur d&rsquo;interfaces reconnu par SIX Interbank Clearing SA pour les syst\u00e8mes de paiement RBTR et Instant Payment SIC et euroSIC par le Entris Banking Payment Hub. Cela permet de traiter les paiements entre \u00e9tablissements financiers en temps r\u00e9el et sur base brute. En plus du raccordement SIC, Entris Banking offre \u00e0 ses clients une assistance compl\u00e8te et l&rsquo;externalisation des fonctions. Notre approche de solution est une structure modulaire et flexible qui se concentre sur les besoins et les particularit\u00e9s de nos clients. Nos clients peuvent ainsi choisir la solution qui leur convient, de la simple passerelle \u00e0 la pleine participation \u00e0 la centrale de giro.[\/vc_column_text][\/vc_column][\/vc_row][vc_row full_width=\u00a0\u00bbstretch_row\u00a0\u00bb el_class=\u00a0\u00bbcolor blue list\u00a0\u00bb][vc_column][vc_column_text]<\/p>\n<h2>Vos avantages<\/h2>\n<p>[\/vc_column_text]<div class=\"list-item\"><div class=\"inside\"><div class=\"list-num\">1<\/div><div class=\"list-txt\">Raccordement SIC RBTR, Instant Payment et euroSIC fiable<\/div><\/div><\/div><div class=\"list-item\"><div class=\"inside\"><div class=\"list-num\">2<\/div><div class=\"list-txt\">Un service adapt\u00e9 syst\u00e9matiquement aux besoins des petites et moyennes banques<\/div><\/div><\/div>[\/vc_column][\/vc_row][vc_row el_class=\u00a0\u00bbservices small\u00a0\u00bb][vc_column][vc_column_text]<\/p>\n<h3>Organisation de giro des banques r\u00e9gionales suisses<\/h3>\n<p>En tant que centrale de giro agr\u00e9\u00e9e par la FINMA, nous g\u00e9rons le trafic des paiements des banques et g\u00e9rons pour elles les comptes de virement et \u00e0 vue correspondants. Outre un acc\u00e8s uniforme \u00e0 SIC et euroSIC, le traitement central comprend la mise en commun de flux de tr\u00e9sorerie et la compensation interne. En tant que banque centrale, nous pouvons accorder des lignes de cr\u00e9dit et les banques participantes peuvent nous confier la gestion de leurs liquidit\u00e9s. Nous offrons \u00e9galement \u00e0 nos clients un acc\u00e8s \u00e9conomique, fiable et sur mesure au march\u00e9. Par exemple, Entris Banking exploite le march\u00e9 repo des banques r\u00e9gionales en collaboration avec SIX, intervient en tant que contrepartie dans les op\u00e9rations sur d\u00e9riv\u00e9s de gr\u00e9 \u00e0 gr\u00e9 pour couvrir les risques de taux d&rsquo;int\u00e9r\u00eat et de change et propose des op\u00e9rations sur d\u00e9p\u00f4ts \u00e0 terme et call, devises, m\u00e9taux pr\u00e9cieux et obligations en CHF. Les sp\u00e9cialistes d&rsquo;Entris Banking repr\u00e9sentent les int\u00e9r\u00eats des banques r\u00e9gionales suisses dans de nombreux comit\u00e9s et groupes de travail de SIX Interbank Clearing SA et de la place financi\u00e8re suisse.[\/vc_column_text][\/vc_column][\/vc_row][vc_row full_width=\u00a0\u00bbstretch_row\u00a0\u00bb el_class=\u00a0\u00bbcolor blue list\u00a0\u00bb][vc_column][vc_column_text]<\/p>\n<h2>Vos avantages<\/h2>\n<p>[\/vc_column_text]<div class=\"list-item\"><div class=\"inside\"><div class=\"list-num\">1<\/div><div class=\"list-txt\">Acc\u00e8s aux instruments et limites des banques centrales<\/div><\/div><\/div><div class=\"list-item\"><div class=\"inside\"><div class=\"list-num\">2<\/div><div class=\"list-txt\">Une gamme compl\u00e8te d&rsquo;instruments et un accompagnement personnalis\u00e9 pour la gestion de vos liquidit\u00e9s<\/div><\/div><\/div><div class=\"list-item\"><div class=\"inside\"><div class=\"list-num\">3<\/div><div class=\"list-txt\">Avantages en termes de co\u00fbts gr\u00e2ce au groupage des volumes et \u00e0 l&rsquo;acc\u00e8s simultan\u00e9 \u00e0 toutes les capacit\u00e9s et comp\u00e9tences n\u00e9cessaires dans les domaines du trafic des paiements, du trading et de la tr\u00e9sorerie.<\/div><\/div><\/div>[\/vc_column][\/vc_row][vc_row el_class=\u00a0\u00bbservices small\u00a0\u00bb el_id=\u00a0\u00bbauslandzahlungsverkehr\u00a0\u00bb][vc_column][vc_column_text css=\u00a0\u00bb\u00a0\u00bb]<\/p>\n<h3>Trafic des paiements avec l&rsquo;\u00e9trangers \u2013 Correspondent Banking<\/h3>\n<p>Nous disposons d&rsquo;un vaste r\u00e9seau de correspondants bancaires pour nos services dans le domaine du trafic des paiements avec l&rsquo;\u00e9trangers, ce qui fait de nous le partenaire id\u00e9al pour les petites et moyennes banques dans les paiements transfrontaliers. Avec les comptes correspondants dans jusqu&rsquo;\u00e0 30 devises possibles, vos transactions sur titres peuvent \u00e9galement \u00eatre trait\u00e9es facilement.<\/p>\n<p>Les banques rattach\u00e9es \u00e0 la centrale de giro peuvent ais\u00e9ment participer au r\u00e9seau Swift du Payment Hub avec un Branch-BIC \u00e0 onze chiffres \u00e0 des conditions avantageuses via notre raccordement Swift. Comme Entris Banking g\u00e8re le r\u00e9seau RMA, les t\u00e2ches bancaires dans ce domaine ne sont plus n\u00e9cessaires. En outre, le raccordement permet l&rsquo;\u00e9change direct de tous les messages dans l\u2019ensemble du trafic interbancaire.[\/vc_column_text][\/vc_column][\/vc_row][vc_row full_width=\u00a0\u00bbstretch_row\u00a0\u00bb el_class=\u00a0\u00bbcolor blue list\u00a0\u00bb][vc_column][vc_column_text]<\/p>\n<h2>Vos avantages<\/h2>\n<p>[\/vc_column_text]<div class=\"list-item\"><div class=\"inside\"><div class=\"list-num\">1<\/div><div class=\"list-txt\">18 devises pour le traitement de paiements transfrontaliers<\/div><\/div><\/div><div class=\"list-item\"><div class=\"inside\"><div class=\"list-num\">2<\/div><div class=\"list-txt\">Acc\u00e8s rapide au r\u00e9seau Swift par Entris Banking Payment Hub et au savoir-faire de nos sp\u00e9cialistes<\/div><\/div><\/div><div class=\"list-item\"><div class=\"inside\"><div class=\"list-num\">3<\/div><div class=\"list-txt\">Service sur mesure et extensible de mani\u00e8re modulaire, par exemple dans le traitement des transactions sur titres.<\/div><\/div><\/div>[\/vc_column][\/vc_row]<\/p>\n<\/div>","protected":false},"excerpt":{"rendered":"<p>[vc_row full_width=\u00a0\u00bbstretch_row\u00a0\u00bb el_class=\u00a0\u00bbintro color blue\u00a0\u00bb][vc_column][vc_column_text css=\u00a0\u00bb\u00a0\u00bb] Organisation de giro &amp; Banking L&rsquo;organisation de giro offre des services complets de pilotage, de s\u00e9curisation et d&rsquo;optimisation de la liquidit\u00e9 de nos clients. Nos sp\u00e9cialistes g\u00e8rent l&rsquo;ensemble de l&rsquo;activit\u00e9 bancaire dans le domaine de la tenue des comptes de clearing en CHF et en EUR ainsi que le [&hellip;]<\/p>\n","protected":false},"author":3,"featured_media":0,"parent":1391,"menu_order":12,"comment_status":"closed","ping_status":"closed","template":"","meta":{"_acf_changed":false,"footnotes":""},"class_list":["post-1375","page","type-page","status-publish","hentry"],"acf":[],"yoast_head":"<!-- This site is optimized with the Yoast SEO plugin v27.4 - https:\/\/yoast.com\/product\/yoast-seo-wordpress\/ -->\n<title>Entris Banking en tant que centrale de giro pour la tenue de compte<\/title>\n<meta name=\"description\" content=\"Nous prenons en charge pour vous l&#039;ensemble des op\u00e9rations bancaires: tenue de compte en CHF et EUR et traitement des flux de tr\u00e9sorerie dans les ...\" \/>\n<meta name=\"robots\" content=\"index, follow, max-snippet:-1, max-image-preview:large, max-video-preview:-1\" \/>\n<link rel=\"canonical\" href=\"https:\/\/www.entris-banking.ch\/fr\/services-financiers\/organisation-de-giro-banking\/\" \/>\n<meta property=\"og:locale\" content=\"fr_FR\" \/>\n<meta property=\"og:type\" content=\"article\" \/>\n<meta property=\"og:title\" content=\"Entris Banking en tant que centrale de giro pour la tenue de compte\" \/>\n<meta property=\"og:description\" content=\"Nous prenons en charge pour vous l&#039;ensemble des op\u00e9rations bancaires: tenue de compte en CHF et EUR et traitement des flux de tr\u00e9sorerie dans les ...\" \/>\n<meta property=\"og:url\" content=\"https:\/\/www.entris-banking.ch\/fr\/services-financiers\/organisation-de-giro-banking\/\" \/>\n<meta property=\"og:site_name\" content=\"Entris Banking AG\" \/>\n<meta property=\"article:modified_time\" content=\"2024-07-01T14:27:16+00:00\" \/>\n<meta name=\"twitter:card\" content=\"summary_large_image\" \/>\n<meta name=\"twitter:label1\" content=\"Dur\u00e9e de lecture estim\u00e9e\" \/>\n\t<meta name=\"twitter:data1\" content=\"4 minutes\" \/>\n<script type=\"application\/ld+json\" class=\"yoast-schema-graph\">{\"@context\":\"https:\\\/\\\/schema.org\",\"@graph\":[{\"@type\":\"WebPage\",\"@id\":\"https:\\\/\\\/www.entris-banking.ch\\\/fr\\\/services-financiers\\\/organisation-de-giro-banking\\\/\",\"url\":\"https:\\\/\\\/www.entris-banking.ch\\\/fr\\\/services-financiers\\\/organisation-de-giro-banking\\\/\",\"name\":\"Entris Banking en tant que centrale de giro pour la tenue de compte\",\"isPartOf\":{\"@id\":\"https:\\\/\\\/www.entris-banking.ch\\\/#website\"},\"datePublished\":\"2017-10-20T12:15:13+00:00\",\"dateModified\":\"2024-07-01T14:27:16+00:00\",\"description\":\"Nous prenons en charge pour vous l'ensemble des op\u00e9rations bancaires: tenue de compte en CHF et EUR et traitement des flux de tr\u00e9sorerie dans les ...\",\"breadcrumb\":{\"@id\":\"https:\\\/\\\/www.entris-banking.ch\\\/fr\\\/services-financiers\\\/organisation-de-giro-banking\\\/#breadcrumb\"},\"inLanguage\":\"fr-FR\",\"potentialAction\":[{\"@type\":\"ReadAction\",\"target\":[\"https:\\\/\\\/www.entris-banking.ch\\\/fr\\\/services-financiers\\\/organisation-de-giro-banking\\\/\"]}]},{\"@type\":\"BreadcrumbList\",\"@id\":\"https:\\\/\\\/www.entris-banking.ch\\\/fr\\\/services-financiers\\\/organisation-de-giro-banking\\\/#breadcrumb\",\"itemListElement\":[{\"@type\":\"ListItem\",\"position\":1,\"name\":\"Startseite\",\"item\":\"https:\\\/\\\/www.entris-banking.ch\\\/fr\\\/\"},{\"@type\":\"ListItem\",\"position\":2,\"name\":\"Services financiers\",\"item\":\"https:\\\/\\\/www.entris-banking.ch\\\/fr\\\/services-financiers\\\/\"},{\"@type\":\"ListItem\",\"position\":3,\"name\":\"Organisation de giro &amp; Banking\"}]},{\"@type\":\"WebSite\",\"@id\":\"https:\\\/\\\/www.entris-banking.ch\\\/#website\",\"url\":\"https:\\\/\\\/www.entris-banking.ch\\\/\",\"name\":\"Entris Banking AG\",\"description\":\"\",\"publisher\":{\"@id\":\"https:\\\/\\\/www.entris-banking.ch\\\/#organization\"},\"potentialAction\":[{\"@type\":\"SearchAction\",\"target\":{\"@type\":\"EntryPoint\",\"urlTemplate\":\"https:\\\/\\\/www.entris-banking.ch\\\/?s={search_term_string}\"},\"query-input\":{\"@type\":\"PropertyValueSpecification\",\"valueRequired\":true,\"valueName\":\"search_term_string\"}}],\"inLanguage\":\"fr-FR\"},{\"@type\":\"Organization\",\"@id\":\"https:\\\/\\\/www.entris-banking.ch\\\/#organization\",\"name\":\"Entris Banking AG\",\"url\":\"https:\\\/\\\/www.entris-banking.ch\\\/\",\"logo\":{\"@type\":\"ImageObject\",\"inLanguage\":\"fr-FR\",\"@id\":\"https:\\\/\\\/www.entris-banking.ch\\\/#\\\/schema\\\/logo\\\/image\\\/\",\"url\":\"https:\\\/\\\/www.entris-banking.ch\\\/wp-content\\\/uploads\\\/entris-banking_logo.png\",\"contentUrl\":\"https:\\\/\\\/www.entris-banking.ch\\\/wp-content\\\/uploads\\\/entris-banking_logo.png\",\"width\":240,\"height\":128,\"caption\":\"Entris Banking AG\"},\"image\":{\"@id\":\"https:\\\/\\\/www.entris-banking.ch\\\/#\\\/schema\\\/logo\\\/image\\\/\"}}]}<\/script>\n<!-- \/ Yoast SEO plugin. -->","yoast_head_json":{"title":"Entris Banking en tant que centrale de giro pour la tenue de compte","description":"Nous prenons en charge pour vous l'ensemble des op\u00e9rations bancaires: tenue de compte en CHF et EUR et traitement des flux de tr\u00e9sorerie dans les ...","robots":{"index":"index","follow":"follow","max-snippet":"max-snippet:-1","max-image-preview":"max-image-preview:large","max-video-preview":"max-video-preview:-1"},"canonical":"https:\/\/www.entris-banking.ch\/fr\/services-financiers\/organisation-de-giro-banking\/","og_locale":"fr_FR","og_type":"article","og_title":"Entris Banking en tant que centrale de giro pour la tenue de compte","og_description":"Nous prenons en charge pour vous l'ensemble des op\u00e9rations bancaires: tenue de compte en CHF et EUR et traitement des flux de tr\u00e9sorerie dans les ...","og_url":"https:\/\/www.entris-banking.ch\/fr\/services-financiers\/organisation-de-giro-banking\/","og_site_name":"Entris Banking AG","article_modified_time":"2024-07-01T14:27:16+00:00","twitter_card":"summary_large_image","twitter_misc":{"Dur\u00e9e de lecture estim\u00e9e":"4 minutes"},"schema":{"@context":"https:\/\/schema.org","@graph":[{"@type":"WebPage","@id":"https:\/\/www.entris-banking.ch\/fr\/services-financiers\/organisation-de-giro-banking\/","url":"https:\/\/www.entris-banking.ch\/fr\/services-financiers\/organisation-de-giro-banking\/","name":"Entris Banking en tant que centrale de giro pour la tenue de compte","isPartOf":{"@id":"https:\/\/www.entris-banking.ch\/#website"},"datePublished":"2017-10-20T12:15:13+00:00","dateModified":"2024-07-01T14:27:16+00:00","description":"Nous prenons en charge pour vous l'ensemble des op\u00e9rations bancaires: tenue de compte en CHF et EUR et traitement des flux de tr\u00e9sorerie dans les ...","breadcrumb":{"@id":"https:\/\/www.entris-banking.ch\/fr\/services-financiers\/organisation-de-giro-banking\/#breadcrumb"},"inLanguage":"fr-FR","potentialAction":[{"@type":"ReadAction","target":["https:\/\/www.entris-banking.ch\/fr\/services-financiers\/organisation-de-giro-banking\/"]}]},{"@type":"BreadcrumbList","@id":"https:\/\/www.entris-banking.ch\/fr\/services-financiers\/organisation-de-giro-banking\/#breadcrumb","itemListElement":[{"@type":"ListItem","position":1,"name":"Startseite","item":"https:\/\/www.entris-banking.ch\/fr\/"},{"@type":"ListItem","position":2,"name":"Services financiers","item":"https:\/\/www.entris-banking.ch\/fr\/services-financiers\/"},{"@type":"ListItem","position":3,"name":"Organisation de giro &amp; Banking"}]},{"@type":"WebSite","@id":"https:\/\/www.entris-banking.ch\/#website","url":"https:\/\/www.entris-banking.ch\/","name":"Entris Banking AG","description":"","publisher":{"@id":"https:\/\/www.entris-banking.ch\/#organization"},"potentialAction":[{"@type":"SearchAction","target":{"@type":"EntryPoint","urlTemplate":"https:\/\/www.entris-banking.ch\/?s={search_term_string}"},"query-input":{"@type":"PropertyValueSpecification","valueRequired":true,"valueName":"search_term_string"}}],"inLanguage":"fr-FR"},{"@type":"Organization","@id":"https:\/\/www.entris-banking.ch\/#organization","name":"Entris Banking AG","url":"https:\/\/www.entris-banking.ch\/","logo":{"@type":"ImageObject","inLanguage":"fr-FR","@id":"https:\/\/www.entris-banking.ch\/#\/schema\/logo\/image\/","url":"https:\/\/www.entris-banking.ch\/wp-content\/uploads\/entris-banking_logo.png","contentUrl":"https:\/\/www.entris-banking.ch\/wp-content\/uploads\/entris-banking_logo.png","width":240,"height":128,"caption":"Entris Banking AG"},"image":{"@id":"https:\/\/www.entris-banking.ch\/#\/schema\/logo\/image\/"}}]}},"_links":{"self":[{"href":"https:\/\/www.entris-banking.ch\/fr\/wp-json\/wp\/v2\/pages\/1375","targetHints":{"allow":["GET"]}}],"collection":[{"href":"https:\/\/www.entris-banking.ch\/fr\/wp-json\/wp\/v2\/pages"}],"about":[{"href":"https:\/\/www.entris-banking.ch\/fr\/wp-json\/wp\/v2\/types\/page"}],"author":[{"embeddable":true,"href":"https:\/\/www.entris-banking.ch\/fr\/wp-json\/wp\/v2\/users\/3"}],"replies":[{"embeddable":true,"href":"https:\/\/www.entris-banking.ch\/fr\/wp-json\/wp\/v2\/comments?post=1375"}],"version-history":[{"count":3,"href":"https:\/\/www.entris-banking.ch\/fr\/wp-json\/wp\/v2\/pages\/1375\/revisions"}],"predecessor-version":[{"id":5673,"href":"https:\/\/www.entris-banking.ch\/fr\/wp-json\/wp\/v2\/pages\/1375\/revisions\/5673"}],"up":[{"embeddable":true,"href":"https:\/\/www.entris-banking.ch\/fr\/wp-json\/wp\/v2\/pages\/1391"}],"wp:attachment":[{"href":"https:\/\/www.entris-banking.ch\/fr\/wp-json\/wp\/v2\/media?parent=1375"}],"curies":[{"name":"wp","href":"https:\/\/api.w.org\/{rel}","templated":true}]}}