{"id":1378,"date":"2017-10-20T14:32:43","date_gmt":"2017-10-20T12:32:43","guid":{"rendered":"https:\/\/www.entris-banking.ch\/zahlungsmittel\/"},"modified":"2024-07-01T15:02:01","modified_gmt":"2024-07-01T13:02:01","slug":"moyens-de-paiement","status":"publish","type":"page","link":"https:\/\/www.entris-banking.ch\/fr\/services-financiers\/moyens-de-paiement\/","title":{"rendered":"Moyens de paiement"},"content":{"rendered":"<div class=\"wpb-content-wrapper\"><p>[vc_row full_width=\u00a0\u00bbstretch_row\u00a0\u00bb el_class=\u00a0\u00bbintro color blue\u00a0\u00bb][vc_column][vc_column_text css=\u00a0\u00bb\u00a0\u00bb]<\/p>\n<h1>Moyens de paiement<\/h1>\n<p>Nous vous proposons les produits de cartes ad\u00e9quats afin que vous couvriez les besoins individuels de vos clients. Nous prenons en outre en charge pour vous l&rsquo;acquisition ainsi que la gestion et l&rsquo;administration des contrats vis-\u00e0-vis de tiers. Vous profitez en m\u00eame temps d&rsquo;avantages d&rsquo;\u00e9chelle croissants dans le mod\u00e8le de pooling d&rsquo;Entris &#8211; m\u00eame en cas de faibles volumes de cartes. Des effets d&rsquo;\u00e9chelle et des synergies sont g\u00e9n\u00e9r\u00e9s par Entris Banking avec plus de 50 banques clientes et plus de 470&rsquo;000 cartes de d\u00e9bit et r\u00e9percut\u00e9s sur toutes les banques. Notre service : Des solutions innovantes, avantageuses et efficaces pour vos clients et un all\u00e9gement complet dans le traitement op\u00e9rationnel.[\/vc_column_text][\/vc_column][\/vc_row][vc_row el_class=\u00a0\u00bbservices\u00a0\u00bb][vc_column][vc_row_inner el_class=\u00a0\u00bbleft\u00a0\u00bb][vc_column_inner width=\u00a0\u00bb1\/3&Prime;][vc_single_image image=\u00a0\u00bb943&Prime; img_size=\u00a0\u00bbfull\u00a0\u00bb][\/vc_column_inner][vc_column_inner width=\u00a0\u00bb2\/3&Prime;][vc_column_text css=\u00a0\u00bb\u00a0\u00bb]<\/p>\n<h3>Cartes de d\u00e9bit<\/h3>\n<p>Nous nous occupons de l\u2019acquisition et de la production de vos cartes de d\u00e9bit (Debit Mastercard, carte bancaire et carte de versement), ainsi que de la coordination et de la mise en \u0153uvre des renouvellements de cartes. Nous vous conseillons dans le choix, les question techniques et vous assistons dans toutes les th\u00e8mes op\u00e9rationnels concernant les cartes de d\u00e9bit. En particulier, nous vous soulageons en regroupant les activit\u00e9s de back-office et vous b\u00e9n\u00e9ficiez d\u2019avantages en termes de co\u00fbts gr\u00e2ce \u00e0 des \u00e9conomies d\u2019\u00e9chelle.[\/vc_column_text][\/vc_column_inner][\/vc_row_inner][vc_row_inner el_class=\u00a0\u00bbright\u00a0\u00bb][vc_column_inner width=\u00a0\u00bb1\/3&Prime;][vc_single_image image=\u00a0\u00bb945&Prime; img_size=\u00a0\u00bbfull\u00a0\u00bb][\/vc_column_inner][vc_column_inner width=\u00a0\u00bb2\/3&Prime;][vc_column_text]<\/p>\n<h3>Cartes de cr\u00e9dit<\/h3>\n<p>Nous acqu\u00e9rons pour vous des cartes de cr\u00e9dit MasterCard et Visa chez notre partenaire Viseca. Nous vous assistons \u00e9galement dans la distribution et les campagnes. Nous vous conseillerons aussi volontiers sur les questions d\u2019optimisation de votre portefeuille de cartes de cr\u00e9dit. Le reporting et l\u2019imputation des revenus font partie de nos services.[\/vc_column_text][\/vc_column_inner][\/vc_row_inner][vc_row_inner el_class=\u00a0\u00bbleft\u00a0\u00bb][vc_column_inner width=\u00a0\u00bb1\/3&Prime;][vc_single_image image=\u00a0\u00bb947&Prime; img_size=\u00a0\u00bbfull\u00a0\u00bb][\/vc_column_inner][vc_column_inner width=\u00a0\u00bb2\/3&Prime;][vc_column_text css=\u00a0\u00bb\u00a0\u00bb]<\/p>\n<h3>Moyens de paiement touristiques<\/h3>\n<p>Nous mettons \u00e0 votre disposition l\u2019infrastructure technique n\u00e9cessaire dans la vente de moyens de paiement touristiques. En pr\u00e9sence de questions, vous pouvez recourir \u00e0 notre assistance de de 2e niveau. Nous vous assistons dans la vente et les campagnes, \u00e9tablissons des rapports et l\u2019imputation des revenus.[\/vc_column_text][\/vc_column_inner][\/vc_row_inner][\/vc_column][\/vc_row][vc_row full_width=\u00a0\u00bbstretch_row\u00a0\u00bb el_class=\u00a0\u00bbcolor blue list\u00a0\u00bb][vc_column][vc_column_text]<\/p>\n<h2>Vos avantages<\/h2>\n<p>[\/vc_column_text]<div class=\"list-item\"><div class=\"inside\"><div class=\"list-num\">1<\/div><div class=\"list-txt\">Gr\u00e2ce \u00e0 notre large gamme de moyens de paiement, vous pouvez offrir \u00e0 vos clients des possibilit\u00e9s de paiement individuelles et vari\u00e9es.<\/div><\/div><\/div><div class=\"list-item\"><div class=\"inside\"><div class=\"list-num\">2<\/div><div class=\"list-txt\">Gr\u00e2ce \u00e0 une conception sp\u00e9cifique \u00e0 la banque, vous augmentez votre visibilit\u00e9 et renforcez la fid\u00e9lit\u00e9 de vos clients.<\/div><\/div><\/div><div class=\"list-item\"><div class=\"inside\"><div class=\"list-num\">3<\/div><div class=\"list-txt\">Nous vous d\u00e9chargeons des activit\u00e9s de back-office fastidieuses et vous permettons de planifier des ressources pour les activit\u00e9s de front et de march\u00e9.<\/div><\/div><\/div>[\/vc_column][\/vc_row]<\/p>\n<\/div>","protected":false},"excerpt":{"rendered":"<p>[vc_row full_width=\u00a0\u00bbstretch_row\u00a0\u00bb el_class=\u00a0\u00bbintro color blue\u00a0\u00bb][vc_column][vc_column_text css=\u00a0\u00bb\u00a0\u00bb] Moyens de paiement Nous vous proposons les produits de cartes ad\u00e9quats afin que vous couvriez les besoins individuels de vos clients. Nous prenons en outre en charge pour vous l&rsquo;acquisition ainsi que la gestion et l&rsquo;administration des contrats vis-\u00e0-vis de tiers. Vous profitez en m\u00eame temps d&rsquo;avantages d&rsquo;\u00e9chelle croissants [&hellip;]<\/p>\n","protected":false},"author":3,"featured_media":0,"parent":1391,"menu_order":19,"comment_status":"closed","ping_status":"closed","template":"","meta":{"_acf_changed":false,"footnotes":""},"class_list":["post-1378","page","type-page","status-publish","hentry"],"acf":[],"yoast_head":"<!-- This site is optimized with the Yoast SEO plugin v27.4 - https:\/\/yoast.com\/product\/yoast-seo-wordpress\/ -->\n<title>Cartes de d\u00e9bit, cartes de cr\u00e9dit, moyens de paiement touristiques et...<\/title>\n<meta name=\"description\" content=\"Entris Banking vous propose une large gamme de moyens de paiement, des produits de cartes aux solutions d&#039;approvisionnement en esp\u00e8ces.\" \/>\n<meta name=\"robots\" content=\"index, follow, max-snippet:-1, max-image-preview:large, max-video-preview:-1\" \/>\n<link rel=\"canonical\" href=\"https:\/\/www.entris-banking.ch\/fr\/services-financiers\/moyens-de-paiement\/\" \/>\n<meta property=\"og:locale\" content=\"fr_FR\" \/>\n<meta property=\"og:type\" content=\"article\" \/>\n<meta property=\"og:title\" content=\"Cartes de d\u00e9bit, cartes de cr\u00e9dit, moyens de paiement touristiques et...\" \/>\n<meta property=\"og:description\" content=\"Entris Banking vous propose une large gamme de moyens de paiement, des produits de cartes aux solutions d&#039;approvisionnement en esp\u00e8ces.\" \/>\n<meta property=\"og:url\" content=\"https:\/\/www.entris-banking.ch\/fr\/services-financiers\/moyens-de-paiement\/\" \/>\n<meta property=\"og:site_name\" content=\"Entris Banking AG\" \/>\n<meta property=\"article:modified_time\" content=\"2024-07-01T13:02:01+00:00\" \/>\n<meta name=\"twitter:card\" content=\"summary_large_image\" \/>\n<meta name=\"twitter:label1\" content=\"Dur\u00e9e de lecture estim\u00e9e\" \/>\n\t<meta name=\"twitter:data1\" content=\"3 minutes\" \/>\n<script type=\"application\/ld+json\" class=\"yoast-schema-graph\">{\"@context\":\"https:\\\/\\\/schema.org\",\"@graph\":[{\"@type\":\"WebPage\",\"@id\":\"https:\\\/\\\/www.entris-banking.ch\\\/fr\\\/services-financiers\\\/moyens-de-paiement\\\/\",\"url\":\"https:\\\/\\\/www.entris-banking.ch\\\/fr\\\/services-financiers\\\/moyens-de-paiement\\\/\",\"name\":\"Cartes de d\u00e9bit, cartes de cr\u00e9dit, moyens de paiement touristiques et...\",\"isPartOf\":{\"@id\":\"https:\\\/\\\/www.entris-banking.ch\\\/#website\"},\"datePublished\":\"2017-10-20T12:32:43+00:00\",\"dateModified\":\"2024-07-01T13:02:01+00:00\",\"description\":\"Entris Banking vous propose une large gamme de moyens de paiement, des produits de cartes aux solutions d'approvisionnement en esp\u00e8ces.\",\"breadcrumb\":{\"@id\":\"https:\\\/\\\/www.entris-banking.ch\\\/fr\\\/services-financiers\\\/moyens-de-paiement\\\/#breadcrumb\"},\"inLanguage\":\"fr-FR\",\"potentialAction\":[{\"@type\":\"ReadAction\",\"target\":[\"https:\\\/\\\/www.entris-banking.ch\\\/fr\\\/services-financiers\\\/moyens-de-paiement\\\/\"]}]},{\"@type\":\"BreadcrumbList\",\"@id\":\"https:\\\/\\\/www.entris-banking.ch\\\/fr\\\/services-financiers\\\/moyens-de-paiement\\\/#breadcrumb\",\"itemListElement\":[{\"@type\":\"ListItem\",\"position\":1,\"name\":\"Startseite\",\"item\":\"https:\\\/\\\/www.entris-banking.ch\\\/fr\\\/\"},{\"@type\":\"ListItem\",\"position\":2,\"name\":\"Services financiers\",\"item\":\"https:\\\/\\\/www.entris-banking.ch\\\/fr\\\/services-financiers\\\/\"},{\"@type\":\"ListItem\",\"position\":3,\"name\":\"Moyens de paiement\"}]},{\"@type\":\"WebSite\",\"@id\":\"https:\\\/\\\/www.entris-banking.ch\\\/#website\",\"url\":\"https:\\\/\\\/www.entris-banking.ch\\\/\",\"name\":\"Entris Banking AG\",\"description\":\"\",\"publisher\":{\"@id\":\"https:\\\/\\\/www.entris-banking.ch\\\/#organization\"},\"potentialAction\":[{\"@type\":\"SearchAction\",\"target\":{\"@type\":\"EntryPoint\",\"urlTemplate\":\"https:\\\/\\\/www.entris-banking.ch\\\/?s={search_term_string}\"},\"query-input\":{\"@type\":\"PropertyValueSpecification\",\"valueRequired\":true,\"valueName\":\"search_term_string\"}}],\"inLanguage\":\"fr-FR\"},{\"@type\":\"Organization\",\"@id\":\"https:\\\/\\\/www.entris-banking.ch\\\/#organization\",\"name\":\"Entris Banking AG\",\"url\":\"https:\\\/\\\/www.entris-banking.ch\\\/\",\"logo\":{\"@type\":\"ImageObject\",\"inLanguage\":\"fr-FR\",\"@id\":\"https:\\\/\\\/www.entris-banking.ch\\\/#\\\/schema\\\/logo\\\/image\\\/\",\"url\":\"https:\\\/\\\/www.entris-banking.ch\\\/wp-content\\\/uploads\\\/entris-banking_logo.png\",\"contentUrl\":\"https:\\\/\\\/www.entris-banking.ch\\\/wp-content\\\/uploads\\\/entris-banking_logo.png\",\"width\":240,\"height\":128,\"caption\":\"Entris Banking AG\"},\"image\":{\"@id\":\"https:\\\/\\\/www.entris-banking.ch\\\/#\\\/schema\\\/logo\\\/image\\\/\"}}]}<\/script>\n<!-- \/ Yoast SEO plugin. -->","yoast_head_json":{"title":"Cartes de d\u00e9bit, cartes de cr\u00e9dit, moyens de paiement touristiques et...","description":"Entris Banking vous propose une large gamme de moyens de paiement, des produits de cartes aux solutions d'approvisionnement en esp\u00e8ces.","robots":{"index":"index","follow":"follow","max-snippet":"max-snippet:-1","max-image-preview":"max-image-preview:large","max-video-preview":"max-video-preview:-1"},"canonical":"https:\/\/www.entris-banking.ch\/fr\/services-financiers\/moyens-de-paiement\/","og_locale":"fr_FR","og_type":"article","og_title":"Cartes de d\u00e9bit, cartes de cr\u00e9dit, moyens de paiement touristiques et...","og_description":"Entris Banking vous propose une large gamme de moyens de paiement, des produits de cartes aux solutions d'approvisionnement en esp\u00e8ces.","og_url":"https:\/\/www.entris-banking.ch\/fr\/services-financiers\/moyens-de-paiement\/","og_site_name":"Entris Banking AG","article_modified_time":"2024-07-01T13:02:01+00:00","twitter_card":"summary_large_image","twitter_misc":{"Dur\u00e9e de lecture estim\u00e9e":"3 minutes"},"schema":{"@context":"https:\/\/schema.org","@graph":[{"@type":"WebPage","@id":"https:\/\/www.entris-banking.ch\/fr\/services-financiers\/moyens-de-paiement\/","url":"https:\/\/www.entris-banking.ch\/fr\/services-financiers\/moyens-de-paiement\/","name":"Cartes de d\u00e9bit, cartes de cr\u00e9dit, moyens de paiement touristiques et...","isPartOf":{"@id":"https:\/\/www.entris-banking.ch\/#website"},"datePublished":"2017-10-20T12:32:43+00:00","dateModified":"2024-07-01T13:02:01+00:00","description":"Entris Banking vous propose une large gamme de moyens de paiement, des produits de cartes aux solutions d'approvisionnement en esp\u00e8ces.","breadcrumb":{"@id":"https:\/\/www.entris-banking.ch\/fr\/services-financiers\/moyens-de-paiement\/#breadcrumb"},"inLanguage":"fr-FR","potentialAction":[{"@type":"ReadAction","target":["https:\/\/www.entris-banking.ch\/fr\/services-financiers\/moyens-de-paiement\/"]}]},{"@type":"BreadcrumbList","@id":"https:\/\/www.entris-banking.ch\/fr\/services-financiers\/moyens-de-paiement\/#breadcrumb","itemListElement":[{"@type":"ListItem","position":1,"name":"Startseite","item":"https:\/\/www.entris-banking.ch\/fr\/"},{"@type":"ListItem","position":2,"name":"Services financiers","item":"https:\/\/www.entris-banking.ch\/fr\/services-financiers\/"},{"@type":"ListItem","position":3,"name":"Moyens de paiement"}]},{"@type":"WebSite","@id":"https:\/\/www.entris-banking.ch\/#website","url":"https:\/\/www.entris-banking.ch\/","name":"Entris Banking AG","description":"","publisher":{"@id":"https:\/\/www.entris-banking.ch\/#organization"},"potentialAction":[{"@type":"SearchAction","target":{"@type":"EntryPoint","urlTemplate":"https:\/\/www.entris-banking.ch\/?s={search_term_string}"},"query-input":{"@type":"PropertyValueSpecification","valueRequired":true,"valueName":"search_term_string"}}],"inLanguage":"fr-FR"},{"@type":"Organization","@id":"https:\/\/www.entris-banking.ch\/#organization","name":"Entris Banking AG","url":"https:\/\/www.entris-banking.ch\/","logo":{"@type":"ImageObject","inLanguage":"fr-FR","@id":"https:\/\/www.entris-banking.ch\/#\/schema\/logo\/image\/","url":"https:\/\/www.entris-banking.ch\/wp-content\/uploads\/entris-banking_logo.png","contentUrl":"https:\/\/www.entris-banking.ch\/wp-content\/uploads\/entris-banking_logo.png","width":240,"height":128,"caption":"Entris Banking AG"},"image":{"@id":"https:\/\/www.entris-banking.ch\/#\/schema\/logo\/image\/"}}]}},"_links":{"self":[{"href":"https:\/\/www.entris-banking.ch\/fr\/wp-json\/wp\/v2\/pages\/1378","targetHints":{"allow":["GET"]}}],"collection":[{"href":"https:\/\/www.entris-banking.ch\/fr\/wp-json\/wp\/v2\/pages"}],"about":[{"href":"https:\/\/www.entris-banking.ch\/fr\/wp-json\/wp\/v2\/types\/page"}],"author":[{"embeddable":true,"href":"https:\/\/www.entris-banking.ch\/fr\/wp-json\/wp\/v2\/users\/3"}],"replies":[{"embeddable":true,"href":"https:\/\/www.entris-banking.ch\/fr\/wp-json\/wp\/v2\/comments?post=1378"}],"version-history":[{"count":4,"href":"https:\/\/www.entris-banking.ch\/fr\/wp-json\/wp\/v2\/pages\/1378\/revisions"}],"predecessor-version":[{"id":5659,"href":"https:\/\/www.entris-banking.ch\/fr\/wp-json\/wp\/v2\/pages\/1378\/revisions\/5659"}],"up":[{"embeddable":true,"href":"https:\/\/www.entris-banking.ch\/fr\/wp-json\/wp\/v2\/pages\/1391"}],"wp:attachment":[{"href":"https:\/\/www.entris-banking.ch\/fr\/wp-json\/wp\/v2\/media?parent=1378"}],"curies":[{"name":"wp","href":"https:\/\/api.w.org\/{rel}","templated":true}]}}