{"id":1383,"date":"2017-10-04T08:30:59","date_gmt":"2017-10-04T06:30:59","guid":{"rendered":"https:\/\/www.entris-banking.ch\/unternehmen\/portraet\/"},"modified":"2025-06-02T09:08:00","modified_gmt":"2025-06-02T07:08:00","slug":"portrait","status":"publish","type":"page","link":"https:\/\/www.entris-banking.ch\/fr\/entreprise\/portrait\/","title":{"rendered":"Portrait"},"content":{"rendered":"<div class=\"wpb-content-wrapper\"><p>[vc_row full_width=\u00a0\u00bbstretch_row\u00a0\u00bb el_class=\u00a0\u00bbintro color blue\u00a0\u00bb][vc_column][vc_column_text css=\u00a0\u00bb\u00a0\u00bb]<\/p>\n<h1>La banque centrale pour petites et moyennes banques<\/h1>\n<p>Avec une licence bancaire, une offre \u00e9tendue de prestations et quelque 68 collaborateurs qualifi\u00e9s, notre objectif est de renforcer la rentabilit\u00e9 et le professionnalisme des banques r\u00e9gionales suisses. Par un regroupement de volumes, la standardisation et l&rsquo;assistance dans les questions de nature bancaire, Entris Banking contribue \u00e0 optimiser votre capital, vos co\u00fbts, vos revenus et vos risques.<\/p>\n<p>Nous proposons des offres et services bancaires adapt\u00e9s au march\u00e9. L&rsquo;offre s&rsquo;adresse aux banques et entreprises proches des petites et moyennes banques au sein et \u00e0 l&rsquo;ext\u00e9rieur du Groupe Entris.[\/vc_column_text][\/vc_column][\/vc_row][vc_row el_class=\u00a0\u00bbservices\u00a0\u00bb][vc_column][vc_row_inner el_class=\u00a0\u00bbleft\u00a0\u00bb][vc_column_inner width=\u00a0\u00bb1\/3&Prime;][vc_single_image image=\u00a0\u00bb985&Prime; img_size=\u00a0\u00bbfull\u00a0\u00bb][\/vc_column_inner][vc_column_inner width=\u00a0\u00bb2\/3&Prime;][vc_column_text css=\u00a0\u00bb\u00a0\u00bb]<\/p>\n<h3>Notre vision<\/h3>\n<p><b>\u00ab Nous sommes le fournisseur de services indispensable pour les petites et moyennes institutions financi\u00e8res et garantissons leur acc\u00e8s au march\u00e9 de mani\u00e8re efficace et durable. \u00bb<\/b><\/p>\n<ul>\n<li>Nos clients sont des prestataires de services financiers de petite et moyenne taille ainsi que des collectivit\u00e9s et des entreprises qui ont besoin de services financiers ou qui souhaitent les proposer \u00e0 des clients finaux sur le march\u00e9.<\/li>\n<li>Notre r\u00f4le est de faciliter et de transmettre des connaissances \u00e0 nos clients.<\/li>\n<li>Gr\u00e2ce \u00e0 une organisation l\u00e9g\u00e8re et des processus \u00e0 l\u2019\u00e9coute du client, nous offrons \u00e0 nos clients un service rapide et sans faille \u00e0 des prix comp\u00e9titifs.<\/li>\n<li>Nous am\u00e9liorons la comp\u00e9titivit\u00e9 de nos clients en identifiant en temps opportun leurs besoins et les exigences techniques et r\u00e9glementaires du march\u00e9 financier de demain, et en d\u00e9veloppant en permanence notre offre.<\/li>\n<\/ul>\n<p>[\/vc_column_text][\/vc_column_inner][\/vc_row_inner][vc_row_inner el_class=\u00a0\u00bbright\u00a0\u00bb][vc_column_inner width=\u00a0\u00bb1\/3&Prime;][vc_single_image image=\u00a0\u00bb987&Prime; img_size=\u00a0\u00bbfull\u00a0\u00bb][\/vc_column_inner][vc_column_inner width=\u00a0\u00bb2\/3&Prime;][vc_column_text]<\/p>\n<h3>Notre position<\/h3>\n<p>Apprenez-en plus sur notre organisation et nos secteurs d&rsquo;activit\u00e9.[\/vc_column_text]<div class=\"pdf\"><a href=\"https:\/\/www.entris-banking.ch\/wp-content\/uploads\/Organigramm-ENTB-06_2025.pdf\" target=\"_blank\" rel=\"noopener\">Organigramme<\/a><\/div>[\/vc_column_inner][\/vc_row_inner][vc_row_inner el_class=\u00a0\u00bbleft last\u00a0\u00bb][vc_column_inner width=\u00a0\u00bb1\/3&Prime;][vc_single_image image=\u00a0\u00bb989&Prime; img_size=\u00a0\u00bbfull\u00a0\u00bb][\/vc_column_inner][vc_column_inner width=\u00a0\u00bb2\/3&Prime;][vc_column_text css=\u00a0\u00bb\u00a0\u00bb]<\/p>\n<h3>Ce que nous offrons<\/h3>\n<ul>\n<li><a href=\"https:\/\/www.entris-banking.ch\/fr\/services-financiers\/placements-produits-bancaires\/\">Placements &amp; Produits bancaires<\/a><\/li>\n<li><a href=\"https:\/\/www.entris-banking.ch\/fr\/services-financiers\/bancomat\/\">Bancomat<\/a><\/li>\n<li><a href=\"https:\/\/www.entris-banking.ch\/fr\/services-financiers\/organisation-de-giro-banking\/\">Organisation de giro &amp; Banking<\/a><\/li>\n<li><a href=\"https:\/\/www.entris-banking.ch\/fr\/gestion-des-risques-et-gestion-de-la-reglementation\/\">Gestion des risques et gestion de la r\u00e9glementatition<\/a><\/li>\n<li><a href=\"https:\/\/www.entris-banking.ch\/fr\/services-financiers\/trading-treasury\/\">Trading &amp; Treasury<\/a><\/li>\n<li><a href=\"https:\/\/www.entris-banking.ch\/fr\/services-financiers\/prevoyance\/\">Pr\u00e9voyance<\/a><\/li>\n<li><a href=\"https:\/\/www.entris-banking.ch\/fr\/services-financiers\/moyens-de-paiement\/\">Moyens de paiement<\/a><\/li>\n<\/ul>\n<p>[\/vc_column_text][\/vc_column_inner][\/vc_row_inner][\/vc_column][\/vc_row][vc_row full_width=\u00a0\u00bbstretch_row\u00a0\u00bb el_class=\u00a0\u00bbcolor blue small center kennzahlen\u00a0\u00bb][vc_column][vc_column_text][vc_column][vc_column_text]<\/p>\n<h2>Nos chiffres cl\u00e9s<\/h2>\n<p>[\/vc_column_text][vc_row_inner][vc_column_inner]<div class=\"counter js-counter col-xs-12\"><div class=\"counter__number\"><span class=\"number\" data-count=\"68\">0<\/span><\/div><div class=\"counter__label\">Collaborateurs<\/div><\/div><div class=\"counter js-counter col-xs-12 col-sm-6\"><div class=\"counter__number counter__number--less-space\"><span class=\"number\" data-count=\"11\">0<\/span><span class=\"number_prefix\">Mrd.<\/span><\/div><div class=\"counter__label\">Total du bilan en CHF<\/div><\/div><div class=\"counter js-counter col-xs-12 col-sm-6\"><div class=\"counter__number\"><span class=\"number\" data-count=\"47\">0<\/span><span class=\"number_prefix\">%<\/span><\/div><div class=\"counter__label\">Ratio de capital total<\/div><\/div><div class=\"counter js-counter col-xs-12 col-sm-6\"><div class=\"counter__label\">G\u00e9rer les<\/div><div class=\"counter__number\"><span class=\"number\" data-count=\"25\">0<\/span><span class=\"number_prefix\">Mrd.<\/span><\/div><div class=\"counter__label\">d'actifs under Custody pour clients en CHF<\/div><\/div><div class=\"counter js-counter col-xs-12 col-sm-6\"><div class=\"counter__label\">Exploitation de<\/div><div class=\"counter__number\"><span class=\"number\" data-count=\"10\">0<\/span><span class=\"number_prefix\">%<\/span><\/div><div class=\"counter__label\">tous les distributeurs automatiques de billets suisses<\/div><\/div><div class=\"counter js-counter col-xs-12\"><div class=\"counter__label\">Conduite de<\/div><div class=\"counter__number\"><span class=\"number\" data-count=\"196000\">0<\/span><\/div><div class=\"counter__label\">Comptes de pr\u00e9voyance<\/div><\/div>[\/vc_column_inner][\/vc_row_inner][\/vc_column][\/vc_row][vc_row el_class=\u00a0\u00bbcenter\u00a0\u00bb][vc_column]<div class=\"button\"><a href=\"https:\/\/www.entris-banking.ch\/fr\/entreprise\/rapports-de-gestion\/\"> Vers les rapports de gestion<\/a><\/div>[\/vc_column][\/vc_row]<\/p>\n<\/div>","protected":false},"excerpt":{"rendered":"<p>[vc_row full_width=\u00a0\u00bbstretch_row\u00a0\u00bb el_class=\u00a0\u00bbintro color blue\u00a0\u00bb][vc_column][vc_column_text css=\u00a0\u00bb\u00a0\u00bb] La banque centrale pour petites et moyennes banques Avec une licence bancaire, une offre \u00e9tendue de prestations et quelque 68 collaborateurs qualifi\u00e9s, notre objectif est de renforcer la rentabilit\u00e9 et le professionnalisme des banques r\u00e9gionales suisses. Par un regroupement de volumes, la standardisation et l&rsquo;assistance dans les questions de [&hellip;]<\/p>\n","protected":false},"author":3,"featured_media":0,"parent":1382,"menu_order":28,"comment_status":"closed","ping_status":"closed","template":"page-headerbild.php","meta":{"_acf_changed":false,"footnotes":""},"class_list":["post-1383","page","type-page","status-publish","hentry"],"acf":[],"yoast_head":"<!-- This site is optimized with the Yoast SEO plugin v27.4 - https:\/\/yoast.com\/product\/yoast-seo-wordpress\/ -->\n<title>Entris Banking \u2013 la banque centrale avec licence bancaire ...<\/title>\n<meta name=\"description\" content=\"Avec une licence bancaire et nos collaborateurs, notre objectif est de renforcer la rentabilit\u00e9 et le professionnalisme des banques r\u00e9gionales.\" \/>\n<meta name=\"robots\" content=\"index, follow, max-snippet:-1, max-image-preview:large, max-video-preview:-1\" \/>\n<link rel=\"canonical\" href=\"https:\/\/www.entris-banking.ch\/fr\/entreprise\/portrait\/\" \/>\n<meta property=\"og:locale\" content=\"fr_FR\" \/>\n<meta property=\"og:type\" content=\"article\" \/>\n<meta property=\"og:title\" content=\"Entris Banking \u2013 la banque centrale avec licence bancaire ...\" \/>\n<meta property=\"og:description\" content=\"Avec une licence bancaire et nos collaborateurs, notre objectif est de renforcer la rentabilit\u00e9 et le professionnalisme des banques r\u00e9gionales.\" \/>\n<meta property=\"og:url\" content=\"https:\/\/www.entris-banking.ch\/fr\/entreprise\/portrait\/\" \/>\n<meta property=\"og:site_name\" content=\"Entris Banking AG\" \/>\n<meta property=\"article:modified_time\" content=\"2025-06-02T07:08:00+00:00\" \/>\n<meta name=\"twitter:card\" content=\"summary_large_image\" \/>\n<meta name=\"twitter:label1\" content=\"Dur\u00e9e de lecture estim\u00e9e\" \/>\n\t<meta name=\"twitter:data1\" content=\"3 minutes\" \/>\n<script type=\"application\/ld+json\" class=\"yoast-schema-graph\">{\"@context\":\"https:\\\/\\\/schema.org\",\"@graph\":[{\"@type\":\"WebPage\",\"@id\":\"https:\\\/\\\/www.entris-banking.ch\\\/fr\\\/entreprise\\\/portrait\\\/\",\"url\":\"https:\\\/\\\/www.entris-banking.ch\\\/fr\\\/entreprise\\\/portrait\\\/\",\"name\":\"Entris Banking \u2013 la banque centrale avec licence bancaire ...\",\"isPartOf\":{\"@id\":\"https:\\\/\\\/www.entris-banking.ch\\\/#website\"},\"datePublished\":\"2017-10-04T06:30:59+00:00\",\"dateModified\":\"2025-06-02T07:08:00+00:00\",\"description\":\"Avec une licence bancaire et nos collaborateurs, notre objectif est de renforcer la rentabilit\u00e9 et le professionnalisme des banques r\u00e9gionales.\",\"breadcrumb\":{\"@id\":\"https:\\\/\\\/www.entris-banking.ch\\\/fr\\\/entreprise\\\/portrait\\\/#breadcrumb\"},\"inLanguage\":\"fr-FR\",\"potentialAction\":[{\"@type\":\"ReadAction\",\"target\":[\"https:\\\/\\\/www.entris-banking.ch\\\/fr\\\/entreprise\\\/portrait\\\/\"]}]},{\"@type\":\"BreadcrumbList\",\"@id\":\"https:\\\/\\\/www.entris-banking.ch\\\/fr\\\/entreprise\\\/portrait\\\/#breadcrumb\",\"itemListElement\":[{\"@type\":\"ListItem\",\"position\":1,\"name\":\"Startseite\",\"item\":\"https:\\\/\\\/www.entris-banking.ch\\\/fr\\\/\"},{\"@type\":\"ListItem\",\"position\":2,\"name\":\"Entreprise\",\"item\":\"https:\\\/\\\/www.entris-banking.ch\\\/fr\\\/entreprise\\\/\"},{\"@type\":\"ListItem\",\"position\":3,\"name\":\"Portrait\"}]},{\"@type\":\"WebSite\",\"@id\":\"https:\\\/\\\/www.entris-banking.ch\\\/#website\",\"url\":\"https:\\\/\\\/www.entris-banking.ch\\\/\",\"name\":\"Entris Banking AG\",\"description\":\"\",\"publisher\":{\"@id\":\"https:\\\/\\\/www.entris-banking.ch\\\/#organization\"},\"potentialAction\":[{\"@type\":\"SearchAction\",\"target\":{\"@type\":\"EntryPoint\",\"urlTemplate\":\"https:\\\/\\\/www.entris-banking.ch\\\/?s={search_term_string}\"},\"query-input\":{\"@type\":\"PropertyValueSpecification\",\"valueRequired\":true,\"valueName\":\"search_term_string\"}}],\"inLanguage\":\"fr-FR\"},{\"@type\":\"Organization\",\"@id\":\"https:\\\/\\\/www.entris-banking.ch\\\/#organization\",\"name\":\"Entris Banking AG\",\"url\":\"https:\\\/\\\/www.entris-banking.ch\\\/\",\"logo\":{\"@type\":\"ImageObject\",\"inLanguage\":\"fr-FR\",\"@id\":\"https:\\\/\\\/www.entris-banking.ch\\\/#\\\/schema\\\/logo\\\/image\\\/\",\"url\":\"https:\\\/\\\/www.entris-banking.ch\\\/wp-content\\\/uploads\\\/entris-banking_logo.png\",\"contentUrl\":\"https:\\\/\\\/www.entris-banking.ch\\\/wp-content\\\/uploads\\\/entris-banking_logo.png\",\"width\":240,\"height\":128,\"caption\":\"Entris Banking AG\"},\"image\":{\"@id\":\"https:\\\/\\\/www.entris-banking.ch\\\/#\\\/schema\\\/logo\\\/image\\\/\"}}]}<\/script>\n<!-- \/ Yoast SEO plugin. -->","yoast_head_json":{"title":"Entris Banking \u2013 la banque centrale avec licence bancaire ...","description":"Avec une licence bancaire et nos collaborateurs, notre objectif est de renforcer la rentabilit\u00e9 et le professionnalisme des banques r\u00e9gionales.","robots":{"index":"index","follow":"follow","max-snippet":"max-snippet:-1","max-image-preview":"max-image-preview:large","max-video-preview":"max-video-preview:-1"},"canonical":"https:\/\/www.entris-banking.ch\/fr\/entreprise\/portrait\/","og_locale":"fr_FR","og_type":"article","og_title":"Entris Banking \u2013 la banque centrale avec licence bancaire ...","og_description":"Avec une licence bancaire et nos collaborateurs, notre objectif est de renforcer la rentabilit\u00e9 et le professionnalisme des banques r\u00e9gionales.","og_url":"https:\/\/www.entris-banking.ch\/fr\/entreprise\/portrait\/","og_site_name":"Entris Banking AG","article_modified_time":"2025-06-02T07:08:00+00:00","twitter_card":"summary_large_image","twitter_misc":{"Dur\u00e9e de lecture estim\u00e9e":"3 minutes"},"schema":{"@context":"https:\/\/schema.org","@graph":[{"@type":"WebPage","@id":"https:\/\/www.entris-banking.ch\/fr\/entreprise\/portrait\/","url":"https:\/\/www.entris-banking.ch\/fr\/entreprise\/portrait\/","name":"Entris Banking \u2013 la banque centrale avec licence bancaire ...","isPartOf":{"@id":"https:\/\/www.entris-banking.ch\/#website"},"datePublished":"2017-10-04T06:30:59+00:00","dateModified":"2025-06-02T07:08:00+00:00","description":"Avec une licence bancaire et nos collaborateurs, notre objectif est de renforcer la rentabilit\u00e9 et le professionnalisme des banques r\u00e9gionales.","breadcrumb":{"@id":"https:\/\/www.entris-banking.ch\/fr\/entreprise\/portrait\/#breadcrumb"},"inLanguage":"fr-FR","potentialAction":[{"@type":"ReadAction","target":["https:\/\/www.entris-banking.ch\/fr\/entreprise\/portrait\/"]}]},{"@type":"BreadcrumbList","@id":"https:\/\/www.entris-banking.ch\/fr\/entreprise\/portrait\/#breadcrumb","itemListElement":[{"@type":"ListItem","position":1,"name":"Startseite","item":"https:\/\/www.entris-banking.ch\/fr\/"},{"@type":"ListItem","position":2,"name":"Entreprise","item":"https:\/\/www.entris-banking.ch\/fr\/entreprise\/"},{"@type":"ListItem","position":3,"name":"Portrait"}]},{"@type":"WebSite","@id":"https:\/\/www.entris-banking.ch\/#website","url":"https:\/\/www.entris-banking.ch\/","name":"Entris Banking AG","description":"","publisher":{"@id":"https:\/\/www.entris-banking.ch\/#organization"},"potentialAction":[{"@type":"SearchAction","target":{"@type":"EntryPoint","urlTemplate":"https:\/\/www.entris-banking.ch\/?s={search_term_string}"},"query-input":{"@type":"PropertyValueSpecification","valueRequired":true,"valueName":"search_term_string"}}],"inLanguage":"fr-FR"},{"@type":"Organization","@id":"https:\/\/www.entris-banking.ch\/#organization","name":"Entris Banking AG","url":"https:\/\/www.entris-banking.ch\/","logo":{"@type":"ImageObject","inLanguage":"fr-FR","@id":"https:\/\/www.entris-banking.ch\/#\/schema\/logo\/image\/","url":"https:\/\/www.entris-banking.ch\/wp-content\/uploads\/entris-banking_logo.png","contentUrl":"https:\/\/www.entris-banking.ch\/wp-content\/uploads\/entris-banking_logo.png","width":240,"height":128,"caption":"Entris Banking AG"},"image":{"@id":"https:\/\/www.entris-banking.ch\/#\/schema\/logo\/image\/"}}]}},"_links":{"self":[{"href":"https:\/\/www.entris-banking.ch\/fr\/wp-json\/wp\/v2\/pages\/1383","targetHints":{"allow":["GET"]}}],"collection":[{"href":"https:\/\/www.entris-banking.ch\/fr\/wp-json\/wp\/v2\/pages"}],"about":[{"href":"https:\/\/www.entris-banking.ch\/fr\/wp-json\/wp\/v2\/types\/page"}],"author":[{"embeddable":true,"href":"https:\/\/www.entris-banking.ch\/fr\/wp-json\/wp\/v2\/users\/3"}],"replies":[{"embeddable":true,"href":"https:\/\/www.entris-banking.ch\/fr\/wp-json\/wp\/v2\/comments?post=1383"}],"version-history":[{"count":27,"href":"https:\/\/www.entris-banking.ch\/fr\/wp-json\/wp\/v2\/pages\/1383\/revisions"}],"predecessor-version":[{"id":5944,"href":"https:\/\/www.entris-banking.ch\/fr\/wp-json\/wp\/v2\/pages\/1383\/revisions\/5944"}],"up":[{"embeddable":true,"href":"https:\/\/www.entris-banking.ch\/fr\/wp-json\/wp\/v2\/pages\/1382"}],"wp:attachment":[{"href":"https:\/\/www.entris-banking.ch\/fr\/wp-json\/wp\/v2\/media?parent=1383"}],"curies":[{"name":"wp","href":"https:\/\/api.w.org\/{rel}","templated":true}]}}