{"id":1384,"date":"2017-09-27T14:22:19","date_gmt":"2017-09-27T12:22:19","guid":{"rendered":"https:\/\/www.entris-banking.ch\/unternehmen\/verwaltungsrat-geschaeftsleitung\/"},"modified":"2017-12-19T21:38:55","modified_gmt":"2017-12-19T20:38:55","slug":"conseil-d-administration-et-direction","status":"publish","type":"page","link":"https:\/\/www.entris-banking.ch\/fr\/entreprise\/conseil-d-administration-et-direction\/","title":{"rendered":"Conseil d&rsquo;administration et Direction"},"content":{"rendered":"<div class=\"wpb-content-wrapper\"><p>[vc_row full_width=\u00a0\u00bbstretch_row\u00a0\u00bb el_class=\u00a0\u00bbintro color blue\u00a0\u00bb][vc_column][vc_column_text]<\/p>\n<h1>Conseil d&rsquo;administration et Direction<\/h1>\n<p>Le Conseil d&rsquo;administration est responsable de la haute direction, de la surveillance et du contr\u00f4le d&rsquo;Entris Banking. Il fixe la strat\u00e9gie et veille \u00e0 sa mise en \u0153uvre ainsi qu&rsquo;\u00e0 une conduite s\u00fbre conforme aux prescriptions l\u00e9gales, statutaires et r\u00e9glementaires par la Direction g\u00e9n\u00e9rale.<\/p>\n<p>La Direction sous la conduite de son CEO est responsable dans le cadre des dispositions l\u00e9gales, statutaires et r\u00e9glementaires des affaires de la soci\u00e9t\u00e9.[\/vc_column_text][\/vc_column][\/vc_row][vc_row el_class=\u00a0\u00bbportraits\u00a0\u00bb][vc_column][vc_column_text]<\/p>\n<h2>Conseil d&rsquo;administration<\/h2>\n<p>[\/vc_column_text]<div class=\"person-container vr\"><div class=\"person\"><div class=\"person-img\"><img decoding=\"async\" src=\"https:\/\/www.entris-banking.ch\/wp-content\/uploads\/ewald_burgener.jpg\" alt=\"Ewald Burgener\"\/><\/div><div class=\"person-info\"><h3>Ewald Burgener<\/h3><p>Pr\u00e9sident du Conseil d'administration<br \/>\r\nCEO, Banque Valiant SA<\/p><\/div><\/div><div class=\"person\"><div class=\"person-img\"><img decoding=\"async\" src=\"https:\/\/www.entris-banking.ch\/wp-content\/uploads\/peter_ritter.jpg\" alt=\"Peter Ritter\"\/><\/div><div class=\"person-info\"><h3>Peter Ritter<\/h3><p>Vice-pr\u00e9sident du Conseil d'administration<br \/>\r\nMembre du Conseil d'administration<br \/>\r\nBernerland Bank AG<\/p><\/div><\/div><div class=\"person\"><div class=\"person-img\"><img decoding=\"async\" src=\"https:\/\/www.entris-banking.ch\/wp-content\/uploads\/Michael_Eisenrauch.png\" alt=\"Michael Eisenrauch\"\/><\/div><div class=\"person-info\"><h3>Michael Eisenrauch<\/h3><p>Membre du Conseil d'administration<br \/>\r\nMembre de la Direction, Banque Valiant SA<\/p><\/div><\/div><div class=\"person\"><div class=\"person-img\"><img decoding=\"async\" src=\"https:\/\/www.entris-banking.ch\/wp-content\/uploads\/Ingold_Erika_.jpg\" alt=\"Erika Ingold\"\/><\/div><div class=\"person-info\"><h3>Erika Ingold<\/h3><p>Membre du Conseil d'administration<br \/>\r\nVice-pr\u00e9sident du Conseil d'administration, Spar- und Leihkasse Riggisberg AG<\/p><\/div><\/div><div class=\"person\"><div class=\"person-img\"><img decoding=\"async\" src=\"https:\/\/www.entris-banking.ch\/wp-content\/uploads\/Serge_Laville.jpg\" alt=\"Serge Laville\"\/><\/div><div class=\"person-info\"><h3>Serge Laville<\/h3><p>Membre du Conseil d'administration<br \/>\r\nMembre de la Direction, Banque Valiant SA<\/p><\/div><\/div><div class=\"person\"><div class=\"person-img\"><img decoding=\"async\" src=\"https:\/\/www.entris-banking.ch\/wp-content\/uploads\/Matthias_Liechti.jpg\" alt=\"Matthias Liechti\"\/><\/div><div class=\"person-info\"><h3>Matthias Liechti<\/h3><p>Membre du Conseil d'administration<br \/>\r\nCEO, Clientis SA<\/p><\/div><\/div><div class=\"person\"><div class=\"person-img\"><img decoding=\"async\" src=\"https:\/\/www.entris-banking.ch\/wp-content\/uploads\/Andre_Wegmann_21.jpg\" alt=\"Andr\u00e9 Wegmann\"\/><\/div><div class=\"person-info\"><h3>Andr\u00e9 Wegmann<\/h3><p>Membre du Conseil d'administration<br \/>\r\nPr\u00e9sident de la Direction, Bank Avera Genossenschaft<\/p><\/div><\/div><\/div>[vc_column_text]<\/p>\n<h2>Direction<\/h2>\n<p>[\/vc_column_text]<div class=\"person-container gl\"><div class=\"person\"><div class=\"person-img\"><img decoding=\"async\" src=\"https:\/\/www.entris-banking.ch\/wp-content\/uploads\/Pascal_Baumgartner_mKravatte-1.jpg\" alt=\"Pascal Baumgartner\"\/><\/div><div class=\"person-info\"><h3>Pascal Baumgartner<\/h3><p>CEO<\/p><\/div><\/div><div class=\"person\"><div class=\"person-img\"><img decoding=\"async\" src=\"https:\/\/www.entris-banking.ch\/wp-content\/uploads\/steffen_rossberg.jpg\" alt=\"Steffen Rossberg\"\/><\/div><div class=\"person-info\"><h3>Steffen Rossberg<\/h3><p>Membre de la Direction<br \/>\r\nResponsable Banque, CEO adjoint<\/p><\/div><\/div><div class=\"person\"><div class=\"person-img\"><img decoding=\"async\" src=\"https:\/\/www.entris-banking.ch\/wp-content\/uploads\/Marc_Schwarz_mKravatte-1.jpg\" alt=\"Marc Schwarz\"\/><\/div><div class=\"person-info\"><h3>Marc Schwarz<\/h3><p>Membre de la Direction<br \/>\r\nCFO &amp; CRO, Responsable Finance &amp; Risk<\/p><\/div><\/div><\/div>[\/vc_column][\/vc_row]<\/p>\n<\/div>","protected":false},"excerpt":{"rendered":"<p>[vc_row full_width=\u00a0\u00bbstretch_row\u00a0\u00bb el_class=\u00a0\u00bbintro color blue\u00a0\u00bb][vc_column][vc_column_text] Conseil d&rsquo;administration et Direction Le Conseil d&rsquo;administration est responsable de la haute direction, de la surveillance et du contr\u00f4le d&rsquo;Entris Banking. Il fixe la strat\u00e9gie et veille \u00e0 sa mise en \u0153uvre ainsi qu&rsquo;\u00e0 une conduite s\u00fbre conforme aux prescriptions l\u00e9gales, statutaires et r\u00e9glementaires par la Direction g\u00e9n\u00e9rale. La Direction [&hellip;]<\/p>\n","protected":false},"author":3,"featured_media":0,"parent":1382,"menu_order":9,"comment_status":"closed","ping_status":"closed","template":"","meta":{"_acf_changed":false,"footnotes":""},"class_list":["post-1384","page","type-page","status-publish","hentry"],"acf":[],"yoast_head":"<!-- This site is optimized with the Yoast SEO plugin v27.4 - https:\/\/yoast.com\/product\/yoast-seo-wordpress\/ -->\n<title>Conseil d&#039;administration et Direction d\u2019Entris Banking<\/title>\n<meta name=\"description\" content=\"Apprenez-en plus sur le Conseil d\u2019administration et la Direction de la Entris Banking SA.\" \/>\n<meta name=\"robots\" content=\"index, follow, max-snippet:-1, max-image-preview:large, max-video-preview:-1\" \/>\n<link rel=\"canonical\" href=\"https:\/\/www.entris-banking.ch\/fr\/entreprise\/conseil-d-administration-et-direction\/\" \/>\n<meta property=\"og:locale\" content=\"fr_FR\" \/>\n<meta property=\"og:type\" content=\"article\" \/>\n<meta property=\"og:title\" content=\"Conseil d&#039;administration et Direction d\u2019Entris Banking\" \/>\n<meta property=\"og:description\" content=\"Apprenez-en plus sur le Conseil d\u2019administration et la Direction de la Entris Banking SA.\" \/>\n<meta property=\"og:url\" content=\"https:\/\/www.entris-banking.ch\/fr\/entreprise\/conseil-d-administration-et-direction\/\" \/>\n<meta property=\"og:site_name\" content=\"Entris Banking AG\" \/>\n<meta property=\"article:modified_time\" content=\"2017-12-19T20:38:55+00:00\" \/>\n<meta name=\"twitter:card\" content=\"summary_large_image\" \/>\n<meta name=\"twitter:label1\" content=\"Dur\u00e9e de lecture estim\u00e9e\" \/>\n\t<meta name=\"twitter:data1\" content=\"1 minute\" \/>\n<script type=\"application\/ld+json\" class=\"yoast-schema-graph\">{\"@context\":\"https:\\\/\\\/schema.org\",\"@graph\":[{\"@type\":\"WebPage\",\"@id\":\"https:\\\/\\\/www.entris-banking.ch\\\/fr\\\/entreprise\\\/conseil-d-administration-et-direction\\\/\",\"url\":\"https:\\\/\\\/www.entris-banking.ch\\\/fr\\\/entreprise\\\/conseil-d-administration-et-direction\\\/\",\"name\":\"Conseil d'administration et Direction d\u2019Entris Banking\",\"isPartOf\":{\"@id\":\"https:\\\/\\\/www.entris-banking.ch\\\/#website\"},\"datePublished\":\"2017-09-27T12:22:19+00:00\",\"dateModified\":\"2017-12-19T20:38:55+00:00\",\"description\":\"Apprenez-en plus sur le Conseil d\u2019administration et la Direction de la Entris Banking SA.\",\"breadcrumb\":{\"@id\":\"https:\\\/\\\/www.entris-banking.ch\\\/fr\\\/entreprise\\\/conseil-d-administration-et-direction\\\/#breadcrumb\"},\"inLanguage\":\"fr-FR\",\"potentialAction\":[{\"@type\":\"ReadAction\",\"target\":[\"https:\\\/\\\/www.entris-banking.ch\\\/fr\\\/entreprise\\\/conseil-d-administration-et-direction\\\/\"]}]},{\"@type\":\"BreadcrumbList\",\"@id\":\"https:\\\/\\\/www.entris-banking.ch\\\/fr\\\/entreprise\\\/conseil-d-administration-et-direction\\\/#breadcrumb\",\"itemListElement\":[{\"@type\":\"ListItem\",\"position\":1,\"name\":\"Startseite\",\"item\":\"https:\\\/\\\/www.entris-banking.ch\\\/fr\\\/\"},{\"@type\":\"ListItem\",\"position\":2,\"name\":\"Entreprise\",\"item\":\"https:\\\/\\\/www.entris-banking.ch\\\/fr\\\/entreprise\\\/\"},{\"@type\":\"ListItem\",\"position\":3,\"name\":\"Conseil d&rsquo;administration et Direction\"}]},{\"@type\":\"WebSite\",\"@id\":\"https:\\\/\\\/www.entris-banking.ch\\\/#website\",\"url\":\"https:\\\/\\\/www.entris-banking.ch\\\/\",\"name\":\"Entris Banking AG\",\"description\":\"\",\"publisher\":{\"@id\":\"https:\\\/\\\/www.entris-banking.ch\\\/#organization\"},\"potentialAction\":[{\"@type\":\"SearchAction\",\"target\":{\"@type\":\"EntryPoint\",\"urlTemplate\":\"https:\\\/\\\/www.entris-banking.ch\\\/?s={search_term_string}\"},\"query-input\":{\"@type\":\"PropertyValueSpecification\",\"valueRequired\":true,\"valueName\":\"search_term_string\"}}],\"inLanguage\":\"fr-FR\"},{\"@type\":\"Organization\",\"@id\":\"https:\\\/\\\/www.entris-banking.ch\\\/#organization\",\"name\":\"Entris Banking AG\",\"url\":\"https:\\\/\\\/www.entris-banking.ch\\\/\",\"logo\":{\"@type\":\"ImageObject\",\"inLanguage\":\"fr-FR\",\"@id\":\"https:\\\/\\\/www.entris-banking.ch\\\/#\\\/schema\\\/logo\\\/image\\\/\",\"url\":\"https:\\\/\\\/www.entris-banking.ch\\\/wp-content\\\/uploads\\\/entris-banking_logo.png\",\"contentUrl\":\"https:\\\/\\\/www.entris-banking.ch\\\/wp-content\\\/uploads\\\/entris-banking_logo.png\",\"width\":240,\"height\":128,\"caption\":\"Entris Banking AG\"},\"image\":{\"@id\":\"https:\\\/\\\/www.entris-banking.ch\\\/#\\\/schema\\\/logo\\\/image\\\/\"}}]}<\/script>\n<!-- \/ Yoast SEO plugin. -->","yoast_head_json":{"title":"Conseil d'administration et Direction d\u2019Entris Banking","description":"Apprenez-en plus sur le Conseil d\u2019administration et la Direction de la Entris Banking SA.","robots":{"index":"index","follow":"follow","max-snippet":"max-snippet:-1","max-image-preview":"max-image-preview:large","max-video-preview":"max-video-preview:-1"},"canonical":"https:\/\/www.entris-banking.ch\/fr\/entreprise\/conseil-d-administration-et-direction\/","og_locale":"fr_FR","og_type":"article","og_title":"Conseil d'administration et Direction d\u2019Entris Banking","og_description":"Apprenez-en plus sur le Conseil d\u2019administration et la Direction de la Entris Banking SA.","og_url":"https:\/\/www.entris-banking.ch\/fr\/entreprise\/conseil-d-administration-et-direction\/","og_site_name":"Entris Banking AG","article_modified_time":"2017-12-19T20:38:55+00:00","twitter_card":"summary_large_image","twitter_misc":{"Dur\u00e9e de lecture estim\u00e9e":"1 minute"},"schema":{"@context":"https:\/\/schema.org","@graph":[{"@type":"WebPage","@id":"https:\/\/www.entris-banking.ch\/fr\/entreprise\/conseil-d-administration-et-direction\/","url":"https:\/\/www.entris-banking.ch\/fr\/entreprise\/conseil-d-administration-et-direction\/","name":"Conseil d'administration et Direction d\u2019Entris Banking","isPartOf":{"@id":"https:\/\/www.entris-banking.ch\/#website"},"datePublished":"2017-09-27T12:22:19+00:00","dateModified":"2017-12-19T20:38:55+00:00","description":"Apprenez-en plus sur le Conseil d\u2019administration et la Direction de la Entris Banking SA.","breadcrumb":{"@id":"https:\/\/www.entris-banking.ch\/fr\/entreprise\/conseil-d-administration-et-direction\/#breadcrumb"},"inLanguage":"fr-FR","potentialAction":[{"@type":"ReadAction","target":["https:\/\/www.entris-banking.ch\/fr\/entreprise\/conseil-d-administration-et-direction\/"]}]},{"@type":"BreadcrumbList","@id":"https:\/\/www.entris-banking.ch\/fr\/entreprise\/conseil-d-administration-et-direction\/#breadcrumb","itemListElement":[{"@type":"ListItem","position":1,"name":"Startseite","item":"https:\/\/www.entris-banking.ch\/fr\/"},{"@type":"ListItem","position":2,"name":"Entreprise","item":"https:\/\/www.entris-banking.ch\/fr\/entreprise\/"},{"@type":"ListItem","position":3,"name":"Conseil d&rsquo;administration et Direction"}]},{"@type":"WebSite","@id":"https:\/\/www.entris-banking.ch\/#website","url":"https:\/\/www.entris-banking.ch\/","name":"Entris Banking AG","description":"","publisher":{"@id":"https:\/\/www.entris-banking.ch\/#organization"},"potentialAction":[{"@type":"SearchAction","target":{"@type":"EntryPoint","urlTemplate":"https:\/\/www.entris-banking.ch\/?s={search_term_string}"},"query-input":{"@type":"PropertyValueSpecification","valueRequired":true,"valueName":"search_term_string"}}],"inLanguage":"fr-FR"},{"@type":"Organization","@id":"https:\/\/www.entris-banking.ch\/#organization","name":"Entris Banking AG","url":"https:\/\/www.entris-banking.ch\/","logo":{"@type":"ImageObject","inLanguage":"fr-FR","@id":"https:\/\/www.entris-banking.ch\/#\/schema\/logo\/image\/","url":"https:\/\/www.entris-banking.ch\/wp-content\/uploads\/entris-banking_logo.png","contentUrl":"https:\/\/www.entris-banking.ch\/wp-content\/uploads\/entris-banking_logo.png","width":240,"height":128,"caption":"Entris Banking AG"},"image":{"@id":"https:\/\/www.entris-banking.ch\/#\/schema\/logo\/image\/"}}]}},"_links":{"self":[{"href":"https:\/\/www.entris-banking.ch\/fr\/wp-json\/wp\/v2\/pages\/1384","targetHints":{"allow":["GET"]}}],"collection":[{"href":"https:\/\/www.entris-banking.ch\/fr\/wp-json\/wp\/v2\/pages"}],"about":[{"href":"https:\/\/www.entris-banking.ch\/fr\/wp-json\/wp\/v2\/types\/page"}],"author":[{"embeddable":true,"href":"https:\/\/www.entris-banking.ch\/fr\/wp-json\/wp\/v2\/users\/3"}],"replies":[{"embeddable":true,"href":"https:\/\/www.entris-banking.ch\/fr\/wp-json\/wp\/v2\/comments?post=1384"}],"version-history":[{"count":0,"href":"https:\/\/www.entris-banking.ch\/fr\/wp-json\/wp\/v2\/pages\/1384\/revisions"}],"up":[{"embeddable":true,"href":"https:\/\/www.entris-banking.ch\/fr\/wp-json\/wp\/v2\/pages\/1382"}],"wp:attachment":[{"href":"https:\/\/www.entris-banking.ch\/fr\/wp-json\/wp\/v2\/media?parent=1384"}],"curies":[{"name":"wp","href":"https:\/\/api.w.org\/{rel}","templated":true}]}}