{"id":1385,"date":"2017-09-27T14:23:16","date_gmt":"2017-09-27T12:23:16","guid":{"rendered":"https:\/\/www.entris-banking.ch\/unternehmen\/geschaeftsberichte\/"},"modified":"2017-12-19T22:00:12","modified_gmt":"2017-12-19T21:00:12","slug":"rapports-de-gestion","status":"publish","type":"page","link":"https:\/\/www.entris-banking.ch\/fr\/entreprise\/rapports-de-gestion\/","title":{"rendered":"Rapports de gestion"},"content":{"rendered":"<div class=\"wpb-content-wrapper\"><p>[vc_row full_width=\u00a0\u00bbstretch_row\u00a0\u00bb el_class=\u00a0\u00bbcolor blue intro\u00a0\u00bb][vc_column][vc_column_text]<\/p>\n<h1>Rapports de gestion<\/h1>\n<p>Vous trouverez des renseignements sur la marche de nos affaires dans nos rapports de gestion. N&rsquo;h\u00e9sitez pas \u00e0 nous contacter pour de plus amples renseignements.[\/vc_column_text][\/vc_column][\/vc_row][vc_row][vc_column]<div class=\"report-container\"><div class=\"inside\"><div class=\"report\"><a href=\"https:\/\/www.entris-banking.ch\/wp-content\/uploads\/EntrisBanking_GB25_20260311_final.pdf\" class=\"full\" target=\"_blank\">Rapport de gestion 2025<\/a><div class=\"title\">Rapport de gestion<\/div><div class=\"year\">2025<\/div><\/div><div class=\"report\"><a href=\"https:\/\/www.entris-banking.ch\/wp-content\/uploads\/Geschaeftsbericht_2024_Entris-Banking.pdf\" class=\"full\" target=\"_blank\">Rapport de gestion 2024<\/a><div class=\"title\">Rapport de gestion<\/div><div class=\"year\">2024<\/div><\/div><div class=\"report\"><a href=\"https:\/\/www.entris-banking.ch\/wp-content\/uploads\/Geschaeftsbericht_2023_Entris-Banking.pdf\" class=\"full\" target=\"_blank\">Rapport de gestion 2023<\/a><div class=\"title\">Rapport de gestion<\/div><div class=\"year\">2023<\/div><\/div><div class=\"report\"><a href=\"https:\/\/www.entris-banking.ch\/wp-content\/uploads\/Geschaeftsbericht_2022_DE_Entris-Banking.pdf\" class=\"full\" target=\"_blank\">Rapport de gestion 2022<\/a><div class=\"title\">Rapport de gestion<\/div><div class=\"year\">2022<\/div><\/div><div class=\"report\"><a href=\"https:\/\/www.entris-banking.ch\/wp-content\/uploads\/EntrisBanking_GB21_DE_20220325.pdf\" class=\"full\" target=\"_blank\">Rapport de gestion 2021<\/a><div class=\"title\">Rapport de gestion<\/div><div class=\"year\">2021<\/div><\/div><div class=\"report\"><a href=\"https:\/\/www.entris-banking.ch\/wp-content\/uploads\/EntrisBanking_GB20_DE_20210409_final_web.pdf\" class=\"full\" target=\"_blank\">Rapport de gestion 2020<\/a><div class=\"title\">Rapport de gestion<\/div><div class=\"year\">2020<\/div><\/div><div class=\"report\"><a href=\"https:\/\/www.entris-banking.ch\/wp-content\/uploads\/EntrisBanking_GB19_DE_Final.pdf\" class=\"full\" target=\"_blank\">Rapport de gestion 2019<\/a><div class=\"title\">Rapport de gestion<\/div><div class=\"year\">2019<\/div><\/div><div class=\"report\"><a href=\"https:\/\/www.entris-banking.ch\/wp-content\/uploads\/EntrisBanking_GB18_DE_Final.pdf\" class=\"full\" target=\"_blank\">Rapport de gestion 2018<\/a><div class=\"title\">Rapport de gestion<\/div><div class=\"year\">2018<\/div><\/div><div class=\"report\"><a href=\"https:\/\/www.entris-banking.ch\/wp-content\/uploads\/Geschaeftsbericht_2017_Entris_Banking.pdf\" class=\"full\" target=\"_blank\">Rapport de gestion 2017<\/a><div class=\"title\">Rapport de gestion<\/div><div class=\"year\">2017<\/div><\/div><div class=\"report\"><a href=\"https:\/\/www.entris-banking.ch\/wp-content\/uploads\/Geschaeftsbericht_2016_Entris_Banking-2.pdf\" class=\"full\" target=\"_blank\">Rapport de gestion 2016<\/a><div class=\"title\">Rapport de gestion<\/div><div class=\"year\">2016<\/div><\/div><div class=\"report\"><a href=\"https:\/\/www.entris-banking.ch\/wp-content\/uploads\/Geschaeftsbericht_2015_Entris_Banking.pdf\" class=\"full\" target=\"_blank\">Rapport de gestion 2015<\/a><div class=\"title\">Rapport de gestion<\/div><div class=\"year\">2015<\/div><\/div><\/div><\/div>[\/vc_column][\/vc_row]<\/p>\n<\/div>","protected":false},"excerpt":{"rendered":"<p>[vc_row full_width=\u00a0\u00bbstretch_row\u00a0\u00bb el_class=\u00a0\u00bbcolor blue intro\u00a0\u00bb][vc_column][vc_column_text] Rapports de gestion Vous trouverez des renseignements sur la marche de nos affaires dans nos rapports de gestion. N&rsquo;h\u00e9sitez pas \u00e0 nous contacter pour de plus amples renseignements.[\/vc_column_text][\/vc_column][\/vc_row][vc_row][vc_column][\/vc_column][\/vc_row]<\/p>\n","protected":false},"author":3,"featured_media":0,"parent":1382,"menu_order":30,"comment_status":"closed","ping_status":"closed","template":"","meta":{"_acf_changed":false,"footnotes":""},"class_list":["post-1385","page","type-page","status-publish","hentry"],"acf":[],"yoast_head":"<!-- This site is optimized with the Yoast SEO plugin v27.4 - https:\/\/yoast.com\/product\/yoast-seo-wordpress\/ -->\n<title>Rapports de gestion et chiffres cl\u00e9s d\u2019Entris Banking<\/title>\n<meta name=\"description\" content=\"Vous pouvez t\u00e9l\u00e9charger ici les derniers chiffres et comptes rendus sur l&#039;\u00e9volution de l&#039;activit\u00e9 pass\u00e9e sous forme de rapports de gestion en format PDF.\" \/>\n<meta name=\"robots\" content=\"index, follow, max-snippet:-1, max-image-preview:large, max-video-preview:-1\" \/>\n<link rel=\"canonical\" href=\"https:\/\/www.entris-banking.ch\/fr\/entreprise\/rapports-de-gestion\/\" \/>\n<meta property=\"og:locale\" content=\"fr_FR\" \/>\n<meta property=\"og:type\" content=\"article\" \/>\n<meta property=\"og:title\" content=\"Rapports de gestion et chiffres cl\u00e9s d\u2019Entris Banking\" \/>\n<meta property=\"og:description\" content=\"Vous pouvez t\u00e9l\u00e9charger ici les derniers chiffres et comptes rendus sur l&#039;\u00e9volution de l&#039;activit\u00e9 pass\u00e9e sous forme de rapports de gestion en format PDF.\" \/>\n<meta property=\"og:url\" content=\"https:\/\/www.entris-banking.ch\/fr\/entreprise\/rapports-de-gestion\/\" \/>\n<meta property=\"og:site_name\" content=\"Entris Banking AG\" \/>\n<meta property=\"article:modified_time\" content=\"2017-12-19T21:00:12+00:00\" \/>\n<meta name=\"twitter:card\" content=\"summary_large_image\" \/>\n<script type=\"application\/ld+json\" class=\"yoast-schema-graph\">{\"@context\":\"https:\\\/\\\/schema.org\",\"@graph\":[{\"@type\":\"WebPage\",\"@id\":\"https:\\\/\\\/www.entris-banking.ch\\\/fr\\\/entreprise\\\/rapports-de-gestion\\\/\",\"url\":\"https:\\\/\\\/www.entris-banking.ch\\\/fr\\\/entreprise\\\/rapports-de-gestion\\\/\",\"name\":\"Rapports de gestion et chiffres cl\u00e9s d\u2019Entris Banking\",\"isPartOf\":{\"@id\":\"https:\\\/\\\/www.entris-banking.ch\\\/#website\"},\"datePublished\":\"2017-09-27T12:23:16+00:00\",\"dateModified\":\"2017-12-19T21:00:12+00:00\",\"description\":\"Vous pouvez t\u00e9l\u00e9charger ici les derniers chiffres et comptes rendus sur l'\u00e9volution de l'activit\u00e9 pass\u00e9e sous forme de rapports de gestion en format PDF.\",\"breadcrumb\":{\"@id\":\"https:\\\/\\\/www.entris-banking.ch\\\/fr\\\/entreprise\\\/rapports-de-gestion\\\/#breadcrumb\"},\"inLanguage\":\"fr-FR\",\"potentialAction\":[{\"@type\":\"ReadAction\",\"target\":[\"https:\\\/\\\/www.entris-banking.ch\\\/fr\\\/entreprise\\\/rapports-de-gestion\\\/\"]}]},{\"@type\":\"BreadcrumbList\",\"@id\":\"https:\\\/\\\/www.entris-banking.ch\\\/fr\\\/entreprise\\\/rapports-de-gestion\\\/#breadcrumb\",\"itemListElement\":[{\"@type\":\"ListItem\",\"position\":1,\"name\":\"Startseite\",\"item\":\"https:\\\/\\\/www.entris-banking.ch\\\/fr\\\/\"},{\"@type\":\"ListItem\",\"position\":2,\"name\":\"Entreprise\",\"item\":\"https:\\\/\\\/www.entris-banking.ch\\\/fr\\\/entreprise\\\/\"},{\"@type\":\"ListItem\",\"position\":3,\"name\":\"Rapports de gestion\"}]},{\"@type\":\"WebSite\",\"@id\":\"https:\\\/\\\/www.entris-banking.ch\\\/#website\",\"url\":\"https:\\\/\\\/www.entris-banking.ch\\\/\",\"name\":\"Entris Banking AG\",\"description\":\"\",\"publisher\":{\"@id\":\"https:\\\/\\\/www.entris-banking.ch\\\/#organization\"},\"potentialAction\":[{\"@type\":\"SearchAction\",\"target\":{\"@type\":\"EntryPoint\",\"urlTemplate\":\"https:\\\/\\\/www.entris-banking.ch\\\/?s={search_term_string}\"},\"query-input\":{\"@type\":\"PropertyValueSpecification\",\"valueRequired\":true,\"valueName\":\"search_term_string\"}}],\"inLanguage\":\"fr-FR\"},{\"@type\":\"Organization\",\"@id\":\"https:\\\/\\\/www.entris-banking.ch\\\/#organization\",\"name\":\"Entris Banking AG\",\"url\":\"https:\\\/\\\/www.entris-banking.ch\\\/\",\"logo\":{\"@type\":\"ImageObject\",\"inLanguage\":\"fr-FR\",\"@id\":\"https:\\\/\\\/www.entris-banking.ch\\\/#\\\/schema\\\/logo\\\/image\\\/\",\"url\":\"https:\\\/\\\/www.entris-banking.ch\\\/wp-content\\\/uploads\\\/entris-banking_logo.png\",\"contentUrl\":\"https:\\\/\\\/www.entris-banking.ch\\\/wp-content\\\/uploads\\\/entris-banking_logo.png\",\"width\":240,\"height\":128,\"caption\":\"Entris Banking AG\"},\"image\":{\"@id\":\"https:\\\/\\\/www.entris-banking.ch\\\/#\\\/schema\\\/logo\\\/image\\\/\"}}]}<\/script>\n<!-- \/ Yoast SEO plugin. -->","yoast_head_json":{"title":"Rapports de gestion et chiffres cl\u00e9s d\u2019Entris Banking","description":"Vous pouvez t\u00e9l\u00e9charger ici les derniers chiffres et comptes rendus sur l'\u00e9volution de l'activit\u00e9 pass\u00e9e sous forme de rapports de gestion en format PDF.","robots":{"index":"index","follow":"follow","max-snippet":"max-snippet:-1","max-image-preview":"max-image-preview:large","max-video-preview":"max-video-preview:-1"},"canonical":"https:\/\/www.entris-banking.ch\/fr\/entreprise\/rapports-de-gestion\/","og_locale":"fr_FR","og_type":"article","og_title":"Rapports de gestion et chiffres cl\u00e9s d\u2019Entris Banking","og_description":"Vous pouvez t\u00e9l\u00e9charger ici les derniers chiffres et comptes rendus sur l'\u00e9volution de l'activit\u00e9 pass\u00e9e sous forme de rapports de gestion en format PDF.","og_url":"https:\/\/www.entris-banking.ch\/fr\/entreprise\/rapports-de-gestion\/","og_site_name":"Entris Banking AG","article_modified_time":"2017-12-19T21:00:12+00:00","twitter_card":"summary_large_image","schema":{"@context":"https:\/\/schema.org","@graph":[{"@type":"WebPage","@id":"https:\/\/www.entris-banking.ch\/fr\/entreprise\/rapports-de-gestion\/","url":"https:\/\/www.entris-banking.ch\/fr\/entreprise\/rapports-de-gestion\/","name":"Rapports de gestion et chiffres cl\u00e9s d\u2019Entris Banking","isPartOf":{"@id":"https:\/\/www.entris-banking.ch\/#website"},"datePublished":"2017-09-27T12:23:16+00:00","dateModified":"2017-12-19T21:00:12+00:00","description":"Vous pouvez t\u00e9l\u00e9charger ici les derniers chiffres et comptes rendus sur l'\u00e9volution de l'activit\u00e9 pass\u00e9e sous forme de rapports de gestion en format PDF.","breadcrumb":{"@id":"https:\/\/www.entris-banking.ch\/fr\/entreprise\/rapports-de-gestion\/#breadcrumb"},"inLanguage":"fr-FR","potentialAction":[{"@type":"ReadAction","target":["https:\/\/www.entris-banking.ch\/fr\/entreprise\/rapports-de-gestion\/"]}]},{"@type":"BreadcrumbList","@id":"https:\/\/www.entris-banking.ch\/fr\/entreprise\/rapports-de-gestion\/#breadcrumb","itemListElement":[{"@type":"ListItem","position":1,"name":"Startseite","item":"https:\/\/www.entris-banking.ch\/fr\/"},{"@type":"ListItem","position":2,"name":"Entreprise","item":"https:\/\/www.entris-banking.ch\/fr\/entreprise\/"},{"@type":"ListItem","position":3,"name":"Rapports de gestion"}]},{"@type":"WebSite","@id":"https:\/\/www.entris-banking.ch\/#website","url":"https:\/\/www.entris-banking.ch\/","name":"Entris Banking AG","description":"","publisher":{"@id":"https:\/\/www.entris-banking.ch\/#organization"},"potentialAction":[{"@type":"SearchAction","target":{"@type":"EntryPoint","urlTemplate":"https:\/\/www.entris-banking.ch\/?s={search_term_string}"},"query-input":{"@type":"PropertyValueSpecification","valueRequired":true,"valueName":"search_term_string"}}],"inLanguage":"fr-FR"},{"@type":"Organization","@id":"https:\/\/www.entris-banking.ch\/#organization","name":"Entris Banking AG","url":"https:\/\/www.entris-banking.ch\/","logo":{"@type":"ImageObject","inLanguage":"fr-FR","@id":"https:\/\/www.entris-banking.ch\/#\/schema\/logo\/image\/","url":"https:\/\/www.entris-banking.ch\/wp-content\/uploads\/entris-banking_logo.png","contentUrl":"https:\/\/www.entris-banking.ch\/wp-content\/uploads\/entris-banking_logo.png","width":240,"height":128,"caption":"Entris Banking AG"},"image":{"@id":"https:\/\/www.entris-banking.ch\/#\/schema\/logo\/image\/"}}]}},"_links":{"self":[{"href":"https:\/\/www.entris-banking.ch\/fr\/wp-json\/wp\/v2\/pages\/1385","targetHints":{"allow":["GET"]}}],"collection":[{"href":"https:\/\/www.entris-banking.ch\/fr\/wp-json\/wp\/v2\/pages"}],"about":[{"href":"https:\/\/www.entris-banking.ch\/fr\/wp-json\/wp\/v2\/types\/page"}],"author":[{"embeddable":true,"href":"https:\/\/www.entris-banking.ch\/fr\/wp-json\/wp\/v2\/users\/3"}],"replies":[{"embeddable":true,"href":"https:\/\/www.entris-banking.ch\/fr\/wp-json\/wp\/v2\/comments?post=1385"}],"version-history":[{"count":0,"href":"https:\/\/www.entris-banking.ch\/fr\/wp-json\/wp\/v2\/pages\/1385\/revisions"}],"up":[{"embeddable":true,"href":"https:\/\/www.entris-banking.ch\/fr\/wp-json\/wp\/v2\/pages\/1382"}],"wp:attachment":[{"href":"https:\/\/www.entris-banking.ch\/fr\/wp-json\/wp\/v2\/media?parent=1385"}],"curies":[{"name":"wp","href":"https:\/\/api.w.org\/{rel}","templated":true}]}}