{"id":1386,"date":"2017-09-27T14:23:56","date_gmt":"2017-09-27T12:23:56","guid":{"rendered":"https:\/\/www.entris-banking.ch\/unternehmen\/medienmitteilungen\/"},"modified":"2017-12-20T17:13:10","modified_gmt":"2017-12-20T16:13:10","slug":"communiques-de-presse","status":"publish","type":"page","link":"https:\/\/www.entris-banking.ch\/fr\/entreprise\/communiques-de-presse\/","title":{"rendered":"Communiqu\u00e9s de presse"},"content":{"rendered":"<div class=\"wpb-content-wrapper\"><p>[vc_row full_width=\u00a0\u00bbstretch_row\u00a0\u00bb el_class=\u00a0\u00bbintro color blue\u00a0\u00bb][vc_column][vc_column_text]<\/p>\n<h1>Communiqu\u00e9s de presse<\/h1>\n<p>Apprenez-en davantage sur les derniers d\u00e9veloppements. Nous r\u00e9pondons volontiers \u00e0 vos questions et vous assistons dans la cr\u00e9ation d&rsquo;articles de presse ou de fond.<\/p>\n<p>Contact presse: <a href=\"&#x6d;&#x61;&#105;lt&#x6f;&#x3a;&#105;&#110;f&#x6f;&#x40;&#101;&#110;t&#x72;&#x69;&#x73;&#45;ba&#x6e;&#x6b;&#105;&#110;g&#x2e;&#x63;&#104;\">i&#110;&#102;&#x6f;&#x40;&#x65;&#x6e;t&#114;&#105;&#115;&#x2d;&#x62;&#x61;nk&#105;&#110;&#x67;&#x2e;&#x63;h<\/a>[\/vc_column_text][\/vc_column][\/vc_row][vc_row el_id=\u00a0\u00bbnews\u00a0\u00bb][vc_column][vc_column_text]<div id=\"ajax-load-more\" class=\"ajax-load-more-wrap infinite skype\"  data-alm-id=\"\" data-canonical-url=\"https:\/\/www.entris-banking.ch\/fr\/entreprise\/communiques-de-presse\/\" data-slug=\"communiques-de-presse\" data-post-id=\"1386\"  data-localized=\"ajax_load_more_vars\" data-alm-object=\"ajax_load_more\"><ul aria-live=\"polite\" aria-atomic=\"true\" class=\"alm-listing alm-ajax\" data-container-type=\"ul\" data-loading-style=\"infinite skype\" data-repeater=\"default\" data-post-type=\"post\" data-order=\"DESC\" data-orderby=\"date\" data-offset=\"0\" data-posts-per-page=\"5\" data-lang=\"fr\" data-pause-override=\"true\" data-button-label=\"Load More\" data-prev-button-label=\"Load Previous\"><\/ul><div class=\"alm-btn-wrap\" data-rel=\"ajax-load-more\"><button class=\"alm-load-more-btn \" type=\"button\">Load More<\/button><\/div><\/div>[\/vc_column_text][\/vc_column][\/vc_row]<\/p>\n<\/div>","protected":false},"excerpt":{"rendered":"<p>[vc_row full_width=\u00a0\u00bbstretch_row\u00a0\u00bb el_class=\u00a0\u00bbintro color blue\u00a0\u00bb][vc_column][vc_column_text] Communiqu\u00e9s de presse Apprenez-en davantage sur les derniers d\u00e9veloppements. Nous r\u00e9pondons volontiers \u00e0 vos questions et vous assistons dans la cr\u00e9ation d&rsquo;articles de presse ou de fond. Contact presse: &#x69;&#x6e;&#x66;&#x6f;&#x40;&#x65;&#110;&#116;&#114;&#105;s-ba&#x6e;&#x6b;&#x69;&#x6e;&#x67;&#x2e;&#99;&#104;[\/vc_column_text][\/vc_column][\/vc_row][vc_row el_id=\u00a0\u00bbnews\u00a0\u00bb][vc_column][vc_column_text][\/vc_column_text][\/vc_column][\/vc_row]<\/p>\n","protected":false},"author":3,"featured_media":0,"parent":1382,"menu_order":8,"comment_status":"closed","ping_status":"closed","template":"","meta":{"_acf_changed":false,"footnotes":""},"class_list":["post-1386","page","type-page","status-publish","hentry"],"acf":[],"yoast_head":"<!-- This site is optimized with the Yoast SEO plugin v27.5 - https:\/\/yoast.com\/product\/yoast-seo-wordpress\/ -->\n<title>Communiqu\u00e9s de presse et News d&#039;Entris Banking<\/title>\n<meta name=\"description\" content=\"Lisez les derniers d\u00e9veloppements et communiqu\u00e9s de presse ici ou contactez-nous pour des articles sp\u00e9cialis\u00e9s et de fond.\" \/>\n<meta name=\"robots\" content=\"index, follow, max-snippet:-1, max-image-preview:large, max-video-preview:-1\" \/>\n<link rel=\"canonical\" href=\"https:\/\/www.entris-banking.ch\/fr\/entreprise\/communiques-de-presse\/\" \/>\n<meta property=\"og:locale\" content=\"fr_FR\" \/>\n<meta property=\"og:type\" content=\"article\" \/>\n<meta property=\"og:title\" content=\"Communiqu\u00e9s de presse et News d&#039;Entris Banking\" \/>\n<meta property=\"og:description\" content=\"Lisez les derniers d\u00e9veloppements et communiqu\u00e9s de presse ici ou contactez-nous pour des articles sp\u00e9cialis\u00e9s et de fond.\" \/>\n<meta property=\"og:url\" content=\"https:\/\/www.entris-banking.ch\/fr\/entreprise\/communiques-de-presse\/\" \/>\n<meta property=\"og:site_name\" content=\"Entris Banking AG\" \/>\n<meta property=\"article:modified_time\" content=\"2017-12-20T16:13:10+00:00\" \/>\n<meta name=\"twitter:card\" content=\"summary_large_image\" \/>\n<script type=\"application\/ld+json\" class=\"yoast-schema-graph\">{\"@context\":\"https:\\\/\\\/schema.org\",\"@graph\":[{\"@type\":\"WebPage\",\"@id\":\"https:\\\/\\\/www.entris-banking.ch\\\/fr\\\/entreprise\\\/communiques-de-presse\\\/\",\"url\":\"https:\\\/\\\/www.entris-banking.ch\\\/fr\\\/entreprise\\\/communiques-de-presse\\\/\",\"name\":\"Communiqu\u00e9s de presse et News d'Entris Banking\",\"isPartOf\":{\"@id\":\"https:\\\/\\\/www.entris-banking.ch\\\/#website\"},\"datePublished\":\"2017-09-27T12:23:56+00:00\",\"dateModified\":\"2017-12-20T16:13:10+00:00\",\"description\":\"Lisez les derniers d\u00e9veloppements et communiqu\u00e9s de presse ici ou contactez-nous pour des articles sp\u00e9cialis\u00e9s et de fond.\",\"breadcrumb\":{\"@id\":\"https:\\\/\\\/www.entris-banking.ch\\\/fr\\\/entreprise\\\/communiques-de-presse\\\/#breadcrumb\"},\"inLanguage\":\"fr-FR\",\"potentialAction\":[{\"@type\":\"ReadAction\",\"target\":[\"https:\\\/\\\/www.entris-banking.ch\\\/fr\\\/entreprise\\\/communiques-de-presse\\\/\"]}]},{\"@type\":\"BreadcrumbList\",\"@id\":\"https:\\\/\\\/www.entris-banking.ch\\\/fr\\\/entreprise\\\/communiques-de-presse\\\/#breadcrumb\",\"itemListElement\":[{\"@type\":\"ListItem\",\"position\":1,\"name\":\"Startseite\",\"item\":\"https:\\\/\\\/www.entris-banking.ch\\\/fr\\\/\"},{\"@type\":\"ListItem\",\"position\":2,\"name\":\"Entreprise\",\"item\":\"https:\\\/\\\/www.entris-banking.ch\\\/fr\\\/entreprise\\\/\"},{\"@type\":\"ListItem\",\"position\":3,\"name\":\"Communiqu\u00e9s de presse\"}]},{\"@type\":\"WebSite\",\"@id\":\"https:\\\/\\\/www.entris-banking.ch\\\/#website\",\"url\":\"https:\\\/\\\/www.entris-banking.ch\\\/\",\"name\":\"Entris Banking AG\",\"description\":\"\",\"publisher\":{\"@id\":\"https:\\\/\\\/www.entris-banking.ch\\\/#organization\"},\"potentialAction\":[{\"@type\":\"SearchAction\",\"target\":{\"@type\":\"EntryPoint\",\"urlTemplate\":\"https:\\\/\\\/www.entris-banking.ch\\\/?s={search_term_string}\"},\"query-input\":{\"@type\":\"PropertyValueSpecification\",\"valueRequired\":true,\"valueName\":\"search_term_string\"}}],\"inLanguage\":\"fr-FR\"},{\"@type\":\"Organization\",\"@id\":\"https:\\\/\\\/www.entris-banking.ch\\\/#organization\",\"name\":\"Entris Banking AG\",\"url\":\"https:\\\/\\\/www.entris-banking.ch\\\/\",\"logo\":{\"@type\":\"ImageObject\",\"inLanguage\":\"fr-FR\",\"@id\":\"https:\\\/\\\/www.entris-banking.ch\\\/#\\\/schema\\\/logo\\\/image\\\/\",\"url\":\"https:\\\/\\\/www.entris-banking.ch\\\/wp-content\\\/uploads\\\/entris-banking_logo.png\",\"contentUrl\":\"https:\\\/\\\/www.entris-banking.ch\\\/wp-content\\\/uploads\\\/entris-banking_logo.png\",\"width\":240,\"height\":128,\"caption\":\"Entris Banking AG\"},\"image\":{\"@id\":\"https:\\\/\\\/www.entris-banking.ch\\\/#\\\/schema\\\/logo\\\/image\\\/\"}}]}<\/script>\n<!-- \/ Yoast SEO plugin. -->","yoast_head_json":{"title":"Communiqu\u00e9s de presse et News d'Entris Banking","description":"Lisez les derniers d\u00e9veloppements et communiqu\u00e9s de presse ici ou contactez-nous pour des articles sp\u00e9cialis\u00e9s et de fond.","robots":{"index":"index","follow":"follow","max-snippet":"max-snippet:-1","max-image-preview":"max-image-preview:large","max-video-preview":"max-video-preview:-1"},"canonical":"https:\/\/www.entris-banking.ch\/fr\/entreprise\/communiques-de-presse\/","og_locale":"fr_FR","og_type":"article","og_title":"Communiqu\u00e9s de presse et News d'Entris Banking","og_description":"Lisez les derniers d\u00e9veloppements et communiqu\u00e9s de presse ici ou contactez-nous pour des articles sp\u00e9cialis\u00e9s et de fond.","og_url":"https:\/\/www.entris-banking.ch\/fr\/entreprise\/communiques-de-presse\/","og_site_name":"Entris Banking AG","article_modified_time":"2017-12-20T16:13:10+00:00","twitter_card":"summary_large_image","schema":{"@context":"https:\/\/schema.org","@graph":[{"@type":"WebPage","@id":"https:\/\/www.entris-banking.ch\/fr\/entreprise\/communiques-de-presse\/","url":"https:\/\/www.entris-banking.ch\/fr\/entreprise\/communiques-de-presse\/","name":"Communiqu\u00e9s de presse et News d'Entris Banking","isPartOf":{"@id":"https:\/\/www.entris-banking.ch\/#website"},"datePublished":"2017-09-27T12:23:56+00:00","dateModified":"2017-12-20T16:13:10+00:00","description":"Lisez les derniers d\u00e9veloppements et communiqu\u00e9s de presse ici ou contactez-nous pour des articles sp\u00e9cialis\u00e9s et de fond.","breadcrumb":{"@id":"https:\/\/www.entris-banking.ch\/fr\/entreprise\/communiques-de-presse\/#breadcrumb"},"inLanguage":"fr-FR","potentialAction":[{"@type":"ReadAction","target":["https:\/\/www.entris-banking.ch\/fr\/entreprise\/communiques-de-presse\/"]}]},{"@type":"BreadcrumbList","@id":"https:\/\/www.entris-banking.ch\/fr\/entreprise\/communiques-de-presse\/#breadcrumb","itemListElement":[{"@type":"ListItem","position":1,"name":"Startseite","item":"https:\/\/www.entris-banking.ch\/fr\/"},{"@type":"ListItem","position":2,"name":"Entreprise","item":"https:\/\/www.entris-banking.ch\/fr\/entreprise\/"},{"@type":"ListItem","position":3,"name":"Communiqu\u00e9s de presse"}]},{"@type":"WebSite","@id":"https:\/\/www.entris-banking.ch\/#website","url":"https:\/\/www.entris-banking.ch\/","name":"Entris Banking AG","description":"","publisher":{"@id":"https:\/\/www.entris-banking.ch\/#organization"},"potentialAction":[{"@type":"SearchAction","target":{"@type":"EntryPoint","urlTemplate":"https:\/\/www.entris-banking.ch\/?s={search_term_string}"},"query-input":{"@type":"PropertyValueSpecification","valueRequired":true,"valueName":"search_term_string"}}],"inLanguage":"fr-FR"},{"@type":"Organization","@id":"https:\/\/www.entris-banking.ch\/#organization","name":"Entris Banking AG","url":"https:\/\/www.entris-banking.ch\/","logo":{"@type":"ImageObject","inLanguage":"fr-FR","@id":"https:\/\/www.entris-banking.ch\/#\/schema\/logo\/image\/","url":"https:\/\/www.entris-banking.ch\/wp-content\/uploads\/entris-banking_logo.png","contentUrl":"https:\/\/www.entris-banking.ch\/wp-content\/uploads\/entris-banking_logo.png","width":240,"height":128,"caption":"Entris Banking AG"},"image":{"@id":"https:\/\/www.entris-banking.ch\/#\/schema\/logo\/image\/"}}]}},"_links":{"self":[{"href":"https:\/\/www.entris-banking.ch\/fr\/wp-json\/wp\/v2\/pages\/1386","targetHints":{"allow":["GET"]}}],"collection":[{"href":"https:\/\/www.entris-banking.ch\/fr\/wp-json\/wp\/v2\/pages"}],"about":[{"href":"https:\/\/www.entris-banking.ch\/fr\/wp-json\/wp\/v2\/types\/page"}],"author":[{"embeddable":true,"href":"https:\/\/www.entris-banking.ch\/fr\/wp-json\/wp\/v2\/users\/3"}],"replies":[{"embeddable":true,"href":"https:\/\/www.entris-banking.ch\/fr\/wp-json\/wp\/v2\/comments?post=1386"}],"version-history":[{"count":0,"href":"https:\/\/www.entris-banking.ch\/fr\/wp-json\/wp\/v2\/pages\/1386\/revisions"}],"up":[{"embeddable":true,"href":"https:\/\/www.entris-banking.ch\/fr\/wp-json\/wp\/v2\/pages\/1382"}],"wp:attachment":[{"href":"https:\/\/www.entris-banking.ch\/fr\/wp-json\/wp\/v2\/media?parent=1386"}],"curies":[{"name":"wp","href":"https:\/\/api.w.org\/{rel}","templated":true}]}}