{"id":1387,"date":"2017-09-27T14:27:50","date_gmt":"2017-09-27T12:27:50","guid":{"rendered":"https:\/\/www.entris-banking.ch\/info-zu-aia\/"},"modified":"2017-12-19T22:07:38","modified_gmt":"2017-12-19T21:07:38","slug":"info-ear","status":"publish","type":"page","link":"https:\/\/www.entris-banking.ch\/fr\/info-ear\/","title":{"rendered":"Info EAR"},"content":{"rendered":"<div class=\"wpb-content-wrapper\"><p>[vc_row full_width=\u00a0\u00bbstretch_row\u00a0\u00bb el_class=\u00a0\u00bbcolor blue intro\u00a0\u00bb][vc_column][vc_column_text]<\/p>\n<h1>\u00c9change automatique de renseignements en mati\u00e8re fiscale (EAR)<\/h1>\n<p>L\u2019EAR est une norme \u00e9tablie par l\u2019Organisation de coop\u00e9ration et de d\u00e9veloppement \u00e9conomiques (<a href=\"http:\/\/www.oecd.org\/tax\/automatic-exchange\/\" target=\"_blank\" rel=\"noopener\">OCDE<\/a>) sur la mani\u00e8re dont les autorit\u00e9s fiscales des pays participants \u00e9changent des informations sur les comptes bancaires et les d\u00e9p\u00f4ts des contribuables \u00e9trangers. Jusqu\u2019\u00e0 pr\u00e9sent, une centaine de pays, dont la Suisse, ont d\u00e9cid\u00e9 d&rsquo;introduire l\u2019EAR. La Suisse a d\u00e9j\u00e0 sign\u00e9 une d\u00e9claration sur l&rsquo;introduction de l\u2019EAR ou un accord sur l\u2019EAR avec diff\u00e9rents pays partenaires de l\u2019EAR. Le Secr\u00e9tariat d\u2019\u00c9tat aux affaires financi\u00e8res internationales (SIF) publie sur son site Internet une <a href=\"https:\/\/www.sif.admin.ch\/sif\/de\/home\/themen\/internationale-steuerpolitik\/automatischer-informationsaustausch.html\" target=\"_blank\" rel=\"noopener\">liste courante des pays partenaires de l\u2019EAR<\/a> de la Suisse. De plus amples informations sur l\u2019EAR sont disponibles sur le site Internet du <a href=\"https:\/\/www.sif.admin.ch\/sif\/fr\/home.html\" target=\"_blank\" rel=\"noopener\">SIF<\/a>.[\/vc_column_text][\/vc_column][\/vc_row][vc_row el_class=\u00a0\u00bbcenter\u00a0\u00bb][vc_column][vc_column_text]<\/p>\n<h2>Nous nous tenons \u00e0 votre disposition si vous aviez des questions \u00e0 poser!<\/h2>\n<p>[\/vc_column_text]<div class=\"button\"><a href=\"https:\/\/www.entris-banking.ch\/fr\/contact\/\">Vers le formulaire de contact<\/a><\/div>[\/vc_column][\/vc_row]<\/p>\n<\/div>","protected":false},"excerpt":{"rendered":"<p>[vc_row full_width=\u00a0\u00bbstretch_row\u00a0\u00bb el_class=\u00a0\u00bbcolor blue intro\u00a0\u00bb][vc_column][vc_column_text] \u00c9change automatique de renseignements en mati\u00e8re fiscale (EAR) L\u2019EAR est une norme \u00e9tablie par l\u2019Organisation de coop\u00e9ration et de d\u00e9veloppement \u00e9conomiques (OCDE) sur la mani\u00e8re dont les autorit\u00e9s fiscales des pays participants \u00e9changent des informations sur les comptes bancaires et les d\u00e9p\u00f4ts des contribuables \u00e9trangers. Jusqu\u2019\u00e0 pr\u00e9sent, une centaine de [&hellip;]<\/p>\n","protected":false},"author":3,"featured_media":0,"parent":0,"menu_order":18,"comment_status":"closed","ping_status":"closed","template":"","meta":{"_acf_changed":false,"footnotes":""},"class_list":["post-1387","page","type-page","status-publish","hentry"],"acf":[],"yoast_head":"<!-- This site is optimized with the Yoast SEO plugin v27.5 - https:\/\/yoast.com\/product\/yoast-seo-wordpress\/ -->\n<title>\u00c9change automatique de renseignements en mati\u00e8re fiscale (EAR)<\/title>\n<meta name=\"description\" content=\"L\u2019EAR est une norme \u00e9tablie par l&#039;Organisation de coop\u00e9ration et de d\u00e9veloppement \u00e9conomiques (OCDE).\" \/>\n<meta name=\"robots\" content=\"index, follow, max-snippet:-1, max-image-preview:large, max-video-preview:-1\" \/>\n<link rel=\"canonical\" href=\"https:\/\/www.entris-banking.ch\/fr\/info-ear\/\" \/>\n<meta property=\"og:locale\" content=\"fr_FR\" \/>\n<meta property=\"og:type\" content=\"article\" \/>\n<meta property=\"og:title\" content=\"\u00c9change automatique de renseignements en mati\u00e8re fiscale (EAR)\" \/>\n<meta property=\"og:description\" content=\"L\u2019EAR est une norme \u00e9tablie par l&#039;Organisation de coop\u00e9ration et de d\u00e9veloppement \u00e9conomiques (OCDE).\" \/>\n<meta property=\"og:url\" content=\"https:\/\/www.entris-banking.ch\/fr\/info-ear\/\" \/>\n<meta property=\"og:site_name\" content=\"Entris Banking AG\" \/>\n<meta property=\"article:modified_time\" content=\"2017-12-19T21:07:38+00:00\" \/>\n<meta name=\"twitter:card\" content=\"summary_large_image\" \/>\n<meta name=\"twitter:label1\" content=\"Dur\u00e9e de lecture estim\u00e9e\" \/>\n\t<meta name=\"twitter:data1\" content=\"1 minute\" \/>\n<script type=\"application\/ld+json\" class=\"yoast-schema-graph\">{\"@context\":\"https:\\\/\\\/schema.org\",\"@graph\":[{\"@type\":\"WebPage\",\"@id\":\"https:\\\/\\\/www.entris-banking.ch\\\/fr\\\/info-ear\\\/\",\"url\":\"https:\\\/\\\/www.entris-banking.ch\\\/fr\\\/info-ear\\\/\",\"name\":\"\u00c9change automatique de renseignements en mati\u00e8re fiscale (EAR)\",\"isPartOf\":{\"@id\":\"https:\\\/\\\/www.entris-banking.ch\\\/#website\"},\"datePublished\":\"2017-09-27T12:27:50+00:00\",\"dateModified\":\"2017-12-19T21:07:38+00:00\",\"description\":\"L\u2019EAR est une norme \u00e9tablie par l'Organisation de coop\u00e9ration et de d\u00e9veloppement \u00e9conomiques (OCDE).\",\"breadcrumb\":{\"@id\":\"https:\\\/\\\/www.entris-banking.ch\\\/fr\\\/info-ear\\\/#breadcrumb\"},\"inLanguage\":\"fr-FR\",\"potentialAction\":[{\"@type\":\"ReadAction\",\"target\":[\"https:\\\/\\\/www.entris-banking.ch\\\/fr\\\/info-ear\\\/\"]}]},{\"@type\":\"BreadcrumbList\",\"@id\":\"https:\\\/\\\/www.entris-banking.ch\\\/fr\\\/info-ear\\\/#breadcrumb\",\"itemListElement\":[{\"@type\":\"ListItem\",\"position\":1,\"name\":\"Startseite\",\"item\":\"https:\\\/\\\/www.entris-banking.ch\\\/fr\\\/\"},{\"@type\":\"ListItem\",\"position\":2,\"name\":\"Info EAR\"}]},{\"@type\":\"WebSite\",\"@id\":\"https:\\\/\\\/www.entris-banking.ch\\\/#website\",\"url\":\"https:\\\/\\\/www.entris-banking.ch\\\/\",\"name\":\"Entris Banking AG\",\"description\":\"\",\"publisher\":{\"@id\":\"https:\\\/\\\/www.entris-banking.ch\\\/#organization\"},\"potentialAction\":[{\"@type\":\"SearchAction\",\"target\":{\"@type\":\"EntryPoint\",\"urlTemplate\":\"https:\\\/\\\/www.entris-banking.ch\\\/?s={search_term_string}\"},\"query-input\":{\"@type\":\"PropertyValueSpecification\",\"valueRequired\":true,\"valueName\":\"search_term_string\"}}],\"inLanguage\":\"fr-FR\"},{\"@type\":\"Organization\",\"@id\":\"https:\\\/\\\/www.entris-banking.ch\\\/#organization\",\"name\":\"Entris Banking AG\",\"url\":\"https:\\\/\\\/www.entris-banking.ch\\\/\",\"logo\":{\"@type\":\"ImageObject\",\"inLanguage\":\"fr-FR\",\"@id\":\"https:\\\/\\\/www.entris-banking.ch\\\/#\\\/schema\\\/logo\\\/image\\\/\",\"url\":\"https:\\\/\\\/www.entris-banking.ch\\\/wp-content\\\/uploads\\\/entris-banking_logo.png\",\"contentUrl\":\"https:\\\/\\\/www.entris-banking.ch\\\/wp-content\\\/uploads\\\/entris-banking_logo.png\",\"width\":240,\"height\":128,\"caption\":\"Entris Banking AG\"},\"image\":{\"@id\":\"https:\\\/\\\/www.entris-banking.ch\\\/#\\\/schema\\\/logo\\\/image\\\/\"}}]}<\/script>\n<!-- \/ Yoast SEO plugin. -->","yoast_head_json":{"title":"\u00c9change automatique de renseignements en mati\u00e8re fiscale (EAR)","description":"L\u2019EAR est une norme \u00e9tablie par l'Organisation de coop\u00e9ration et de d\u00e9veloppement \u00e9conomiques (OCDE).","robots":{"index":"index","follow":"follow","max-snippet":"max-snippet:-1","max-image-preview":"max-image-preview:large","max-video-preview":"max-video-preview:-1"},"canonical":"https:\/\/www.entris-banking.ch\/fr\/info-ear\/","og_locale":"fr_FR","og_type":"article","og_title":"\u00c9change automatique de renseignements en mati\u00e8re fiscale (EAR)","og_description":"L\u2019EAR est une norme \u00e9tablie par l'Organisation de coop\u00e9ration et de d\u00e9veloppement \u00e9conomiques (OCDE).","og_url":"https:\/\/www.entris-banking.ch\/fr\/info-ear\/","og_site_name":"Entris Banking AG","article_modified_time":"2017-12-19T21:07:38+00:00","twitter_card":"summary_large_image","twitter_misc":{"Dur\u00e9e de lecture estim\u00e9e":"1 minute"},"schema":{"@context":"https:\/\/schema.org","@graph":[{"@type":"WebPage","@id":"https:\/\/www.entris-banking.ch\/fr\/info-ear\/","url":"https:\/\/www.entris-banking.ch\/fr\/info-ear\/","name":"\u00c9change automatique de renseignements en mati\u00e8re fiscale (EAR)","isPartOf":{"@id":"https:\/\/www.entris-banking.ch\/#website"},"datePublished":"2017-09-27T12:27:50+00:00","dateModified":"2017-12-19T21:07:38+00:00","description":"L\u2019EAR est une norme \u00e9tablie par l'Organisation de coop\u00e9ration et de d\u00e9veloppement \u00e9conomiques (OCDE).","breadcrumb":{"@id":"https:\/\/www.entris-banking.ch\/fr\/info-ear\/#breadcrumb"},"inLanguage":"fr-FR","potentialAction":[{"@type":"ReadAction","target":["https:\/\/www.entris-banking.ch\/fr\/info-ear\/"]}]},{"@type":"BreadcrumbList","@id":"https:\/\/www.entris-banking.ch\/fr\/info-ear\/#breadcrumb","itemListElement":[{"@type":"ListItem","position":1,"name":"Startseite","item":"https:\/\/www.entris-banking.ch\/fr\/"},{"@type":"ListItem","position":2,"name":"Info EAR"}]},{"@type":"WebSite","@id":"https:\/\/www.entris-banking.ch\/#website","url":"https:\/\/www.entris-banking.ch\/","name":"Entris Banking AG","description":"","publisher":{"@id":"https:\/\/www.entris-banking.ch\/#organization"},"potentialAction":[{"@type":"SearchAction","target":{"@type":"EntryPoint","urlTemplate":"https:\/\/www.entris-banking.ch\/?s={search_term_string}"},"query-input":{"@type":"PropertyValueSpecification","valueRequired":true,"valueName":"search_term_string"}}],"inLanguage":"fr-FR"},{"@type":"Organization","@id":"https:\/\/www.entris-banking.ch\/#organization","name":"Entris Banking AG","url":"https:\/\/www.entris-banking.ch\/","logo":{"@type":"ImageObject","inLanguage":"fr-FR","@id":"https:\/\/www.entris-banking.ch\/#\/schema\/logo\/image\/","url":"https:\/\/www.entris-banking.ch\/wp-content\/uploads\/entris-banking_logo.png","contentUrl":"https:\/\/www.entris-banking.ch\/wp-content\/uploads\/entris-banking_logo.png","width":240,"height":128,"caption":"Entris Banking AG"},"image":{"@id":"https:\/\/www.entris-banking.ch\/#\/schema\/logo\/image\/"}}]}},"_links":{"self":[{"href":"https:\/\/www.entris-banking.ch\/fr\/wp-json\/wp\/v2\/pages\/1387","targetHints":{"allow":["GET"]}}],"collection":[{"href":"https:\/\/www.entris-banking.ch\/fr\/wp-json\/wp\/v2\/pages"}],"about":[{"href":"https:\/\/www.entris-banking.ch\/fr\/wp-json\/wp\/v2\/types\/page"}],"author":[{"embeddable":true,"href":"https:\/\/www.entris-banking.ch\/fr\/wp-json\/wp\/v2\/users\/3"}],"replies":[{"embeddable":true,"href":"https:\/\/www.entris-banking.ch\/fr\/wp-json\/wp\/v2\/comments?post=1387"}],"version-history":[{"count":0,"href":"https:\/\/www.entris-banking.ch\/fr\/wp-json\/wp\/v2\/pages\/1387\/revisions"}],"wp:attachment":[{"href":"https:\/\/www.entris-banking.ch\/fr\/wp-json\/wp\/v2\/media?parent=1387"}],"curies":[{"name":"wp","href":"https:\/\/api.w.org\/{rel}","templated":true}]}}