{"id":1390,"date":"2017-10-25T14:32:40","date_gmt":"2017-10-25T12:32:40","guid":{"rendered":"https:\/\/www.entris-banking.ch\/seite-nicht-gefunden\/"},"modified":"2017-12-20T17:14:46","modified_gmt":"2017-12-20T16:14:46","slug":"404-2","status":"publish","type":"page","link":"https:\/\/www.entris-banking.ch\/fr\/404-2\/","title":{"rendered":"404"},"content":{"rendered":"<div class=\"wpb-content-wrapper\"><p>[vc_row full_width=\u00a0\u00bbstretch_row\u00a0\u00bb el_class=\u00a0\u00bbcolor intro blue\u00a0\u00bb][vc_column][vc_column_text]<\/p>\n<h1>Oups, une erreur.<\/h1>\n<p>Nous ne trouvons pas cette page sur notre site. Vous avez peut-\u00eatre appel\u00e9 une URL incorrecte ou obsol\u00e8te. Veuillez v\u00e9rifier votre entr\u00e9e.[\/vc_column_text][\/vc_column][\/vc_row][vc_row][vc_column][vc_column_text]<\/p>\n<p class=\"nomargin\">Vous pourrez peut-\u00eatre trouver le contenu que vous recherchez \u00e0 l&rsquo;aide de notre plan du site:<br \/>\n\n<!-- Page-list plugin v.5.9 wordpress.org\/plugins\/page-list\/ -->\n<ul class=\"page-list \">\n<li class=\"page_item page-item-3895\"><a href=\"https:\/\/www.entris-banking.ch\/fr\/domino\/\">Domino<\/a><\/li>\n<li class=\"page_item page-item-1372\"><a href=\"https:\/\/www.entris-banking.ch\/fr\/\">Home<\/a><\/li>\n<li class=\"page_item page-item-1391 page_item_has_children\"><a href=\"https:\/\/www.entris-banking.ch\/fr\/services-financiers\/\">Services financiers<\/a>\n<ul class='children'>\n\t<li class=\"page_item page-item-1374\"><a href=\"https:\/\/www.entris-banking.ch\/fr\/services-financiers\/placements-produits-bancaires\/\">Placements &#038; Produits bancaires<\/a><\/li>\n\t<li class=\"page_item page-item-4359\"><a href=\"https:\/\/www.entris-banking.ch\/fr\/services-financiers\/bancomat\/\">Bancomat<\/a><\/li>\n\t<li class=\"page_item page-item-1375\"><a href=\"https:\/\/www.entris-banking.ch\/fr\/services-financiers\/organisation-de-giro-banking\/\">Organisation de giro &amp; Banking<\/a><\/li>\n\t<li class=\"page_item page-item-1376\"><a href=\"https:\/\/www.entris-banking.ch\/fr\/services-financiers\/trading-treasury\/\">Trading &amp; Treasury<\/a><\/li>\n\t<li class=\"page_item page-item-1377\"><a href=\"https:\/\/www.entris-banking.ch\/fr\/services-financiers\/prevoyance\/\">Pr\u00e9voyance<\/a><\/li>\n\t<li class=\"page_item page-item-1378\"><a href=\"https:\/\/www.entris-banking.ch\/fr\/services-financiers\/moyens-de-paiement\/\">Moyens de paiement<\/a><\/li>\n<\/ul>\n<\/li>\n<li class=\"page_item page-item-1373\"><a href=\"https:\/\/www.entris-banking.ch\/fr\/gestion-des-risques-et-gestion-de-la-reglementation\/\">Gestion des risques et gestion de la r\u00e9glementation<\/a><\/li>\n<li class=\"page_item page-item-1382 page_item_has_children\"><a href=\"https:\/\/www.entris-banking.ch\/fr\/entreprise\/\">Entreprise<\/a>\n<ul class='children'>\n\t<li class=\"page_item page-item-1386\"><a href=\"https:\/\/www.entris-banking.ch\/fr\/entreprise\/communiques-de-presse\/\">Communiqu\u00e9s de presse<\/a><\/li>\n\t<li class=\"page_item page-item-1384\"><a href=\"https:\/\/www.entris-banking.ch\/fr\/entreprise\/conseil-d-administration-et-direction\/\">Conseil d&rsquo;administration et Direction<\/a><\/li>\n\t<li class=\"page_item page-item-1383\"><a href=\"https:\/\/www.entris-banking.ch\/fr\/entreprise\/portrait\/\">Portrait<\/a><\/li>\n\t<li class=\"page_item page-item-1385\"><a href=\"https:\/\/www.entris-banking.ch\/fr\/entreprise\/rapports-de-gestion\/\">Rapports de gestion<\/a><\/li>\n<\/ul>\n<\/li>\n<li class=\"page_item page-item-1387\"><a href=\"https:\/\/www.entris-banking.ch\/fr\/info-ear\/\">Info EAR<\/a><\/li>\n<li class=\"page_item page-item-1379 page_item_has_children\"><a href=\"https:\/\/www.entris-banking.ch\/fr\/carriere\/\">Carri\u00e8re<\/a>\n<ul class='children'>\n\t<li class=\"page_item page-item-1380\"><a href=\"https:\/\/www.entris-banking.ch\/fr\/carriere\/candidature-spontanee\/\">Candidature spontan\u00e9e<\/a><\/li>\n<\/ul>\n<\/li>\n<li class=\"page_item page-item-1381\"><a href=\"https:\/\/www.entris-banking.ch\/fr\/contact-2\/\">Contact<\/a><\/li>\n<li class=\"page_item page-item-1822\"><a href=\"https:\/\/www.entris-banking.ch\/fr\/info-garantie-des-depots\/\">Info garantie des d\u00e9p\u00f4ts<\/a><\/li>\n<li class=\"page_item page-item-1388\"><a href=\"https:\/\/www.entris-banking.ch\/fr\/mentions-legales\/\">Mentions l\u00e9gales<\/a><\/li>\n<li class=\"page_item page-item-1389\"><a href=\"https:\/\/www.entris-banking.ch\/fr\/impressum\/\">Impressum<\/a><\/li>\n\n<\/ul><\/p>\n<p>Ou nous pouvons vous aider personnellement. Il suffit de nous envoyer un <a href=\"&#109;&#x61;&#105;&#x6c;&#116;&#x6f;&#58;&#x69;&#110;&#x66;&#111;&#x40;e&#x6e;t&#x72;i&#x73;-&#x62;a&#x6e;k&#105;&#x6e;&#103;&#x2e;&#99;&#x68;\">courriel<\/a> ou de nous <a href=\"https:\/\/www.entris-banking.ch\/fr\/contact\/\">appeler<\/a>.[\/vc_column_text][\/vc_column][\/vc_row]<\/p>\n<\/div>","protected":false},"excerpt":{"rendered":"<p>[vc_row full_width=\u00a0\u00bbstretch_row\u00a0\u00bb el_class=\u00a0\u00bbcolor intro blue\u00a0\u00bb][vc_column][vc_column_text] Oups, une erreur. Nous ne trouvons pas cette page sur notre site. Vous avez peut-\u00eatre appel\u00e9 une URL incorrecte ou obsol\u00e8te. Veuillez v\u00e9rifier votre entr\u00e9e.[\/vc_column_text][\/vc_column][\/vc_row][vc_row][vc_column][vc_column_text] Vous pourrez peut-\u00eatre trouver le contenu que vous recherchez \u00e0 l&rsquo;aide de notre plan du site: Ou nous pouvons vous aider personnellement. Il suffit de [&hellip;]<\/p>\n","protected":false},"author":3,"featured_media":0,"parent":0,"menu_order":2,"comment_status":"closed","ping_status":"closed","template":"","meta":{"_acf_changed":false,"footnotes":""},"class_list":["post-1390","page","type-page","status-publish","hentry"],"acf":[],"yoast_head":"<!-- This site is optimized with the Yoast SEO plugin v27.4 - https:\/\/yoast.com\/product\/yoast-seo-wordpress\/ -->\n<title>404 - Entris Banking AG<\/title>\n<meta name=\"robots\" content=\"noindex, nofollow\" \/>\n<meta property=\"og:locale\" content=\"fr_FR\" \/>\n<meta property=\"og:type\" content=\"article\" \/>\n<meta property=\"og:title\" content=\"404 - Entris Banking AG\" \/>\n<meta property=\"og:description\" content=\"[vc_row full_width=\u00a0\u00bbstretch_row\u00a0\u00bb el_class=\u00a0\u00bbcolor intro blue\u00a0\u00bb][vc_column][vc_column_text] Oups, une erreur. Nous ne trouvons pas cette page sur notre site. Vous avez peut-\u00eatre appel\u00e9 une URL incorrecte ou obsol\u00e8te. Veuillez v\u00e9rifier votre entr\u00e9e.[\/vc_column_text][\/vc_column][\/vc_row][vc_row][vc_column][vc_column_text] Vous pourrez peut-\u00eatre trouver le contenu que vous recherchez \u00e0 l&rsquo;aide de notre plan du site: Ou nous pouvons vous aider personnellement. Il suffit de [&hellip;]\" \/>\n<meta property=\"og:url\" content=\"https:\/\/www.entris-banking.ch\/fr\/404-2\/\" \/>\n<meta property=\"og:site_name\" content=\"Entris Banking AG\" \/>\n<meta property=\"article:modified_time\" content=\"2017-12-20T16:14:46+00:00\" \/>\n<meta name=\"twitter:card\" content=\"summary_large_image\" \/>\n<meta name=\"twitter:label1\" content=\"Dur\u00e9e de lecture estim\u00e9e\" \/>\n\t<meta name=\"twitter:data1\" content=\"1 minute\" \/>\n<script type=\"application\/ld+json\" class=\"yoast-schema-graph\">{\"@context\":\"https:\\\/\\\/schema.org\",\"@graph\":[{\"@type\":\"WebPage\",\"@id\":\"https:\\\/\\\/www.entris-banking.ch\\\/fr\\\/404-2\\\/\",\"url\":\"https:\\\/\\\/www.entris-banking.ch\\\/fr\\\/404-2\\\/\",\"name\":\"404 - Entris Banking AG\",\"isPartOf\":{\"@id\":\"https:\\\/\\\/www.entris-banking.ch\\\/#website\"},\"datePublished\":\"2017-10-25T12:32:40+00:00\",\"dateModified\":\"2017-12-20T16:14:46+00:00\",\"breadcrumb\":{\"@id\":\"https:\\\/\\\/www.entris-banking.ch\\\/fr\\\/404-2\\\/#breadcrumb\"},\"inLanguage\":\"fr-FR\",\"potentialAction\":[{\"@type\":\"ReadAction\",\"target\":[\"https:\\\/\\\/www.entris-banking.ch\\\/fr\\\/404-2\\\/\"]}]},{\"@type\":\"BreadcrumbList\",\"@id\":\"https:\\\/\\\/www.entris-banking.ch\\\/fr\\\/404-2\\\/#breadcrumb\",\"itemListElement\":[{\"@type\":\"ListItem\",\"position\":1,\"name\":\"Startseite\",\"item\":\"https:\\\/\\\/www.entris-banking.ch\\\/fr\\\/\"},{\"@type\":\"ListItem\",\"position\":2,\"name\":\"404\"}]},{\"@type\":\"WebSite\",\"@id\":\"https:\\\/\\\/www.entris-banking.ch\\\/#website\",\"url\":\"https:\\\/\\\/www.entris-banking.ch\\\/\",\"name\":\"Entris Banking AG\",\"description\":\"\",\"publisher\":{\"@id\":\"https:\\\/\\\/www.entris-banking.ch\\\/#organization\"},\"potentialAction\":[{\"@type\":\"SearchAction\",\"target\":{\"@type\":\"EntryPoint\",\"urlTemplate\":\"https:\\\/\\\/www.entris-banking.ch\\\/?s={search_term_string}\"},\"query-input\":{\"@type\":\"PropertyValueSpecification\",\"valueRequired\":true,\"valueName\":\"search_term_string\"}}],\"inLanguage\":\"fr-FR\"},{\"@type\":\"Organization\",\"@id\":\"https:\\\/\\\/www.entris-banking.ch\\\/#organization\",\"name\":\"Entris Banking AG\",\"url\":\"https:\\\/\\\/www.entris-banking.ch\\\/\",\"logo\":{\"@type\":\"ImageObject\",\"inLanguage\":\"fr-FR\",\"@id\":\"https:\\\/\\\/www.entris-banking.ch\\\/#\\\/schema\\\/logo\\\/image\\\/\",\"url\":\"https:\\\/\\\/www.entris-banking.ch\\\/wp-content\\\/uploads\\\/entris-banking_logo.png\",\"contentUrl\":\"https:\\\/\\\/www.entris-banking.ch\\\/wp-content\\\/uploads\\\/entris-banking_logo.png\",\"width\":240,\"height\":128,\"caption\":\"Entris Banking AG\"},\"image\":{\"@id\":\"https:\\\/\\\/www.entris-banking.ch\\\/#\\\/schema\\\/logo\\\/image\\\/\"}}]}<\/script>\n<!-- \/ Yoast SEO plugin. -->","yoast_head_json":{"title":"404 - Entris Banking AG","robots":{"index":"noindex","follow":"nofollow"},"og_locale":"fr_FR","og_type":"article","og_title":"404 - Entris Banking AG","og_description":"[vc_row full_width=\u00a0\u00bbstretch_row\u00a0\u00bb el_class=\u00a0\u00bbcolor intro blue\u00a0\u00bb][vc_column][vc_column_text] Oups, une erreur. Nous ne trouvons pas cette page sur notre site. Vous avez peut-\u00eatre appel\u00e9 une URL incorrecte ou obsol\u00e8te. Veuillez v\u00e9rifier votre entr\u00e9e.[\/vc_column_text][\/vc_column][\/vc_row][vc_row][vc_column][vc_column_text] Vous pourrez peut-\u00eatre trouver le contenu que vous recherchez \u00e0 l&rsquo;aide de notre plan du site: Ou nous pouvons vous aider personnellement. Il suffit de [&hellip;]","og_url":"https:\/\/www.entris-banking.ch\/fr\/404-2\/","og_site_name":"Entris Banking AG","article_modified_time":"2017-12-20T16:14:46+00:00","twitter_card":"summary_large_image","twitter_misc":{"Dur\u00e9e de lecture estim\u00e9e":"1 minute"},"schema":{"@context":"https:\/\/schema.org","@graph":[{"@type":"WebPage","@id":"https:\/\/www.entris-banking.ch\/fr\/404-2\/","url":"https:\/\/www.entris-banking.ch\/fr\/404-2\/","name":"404 - Entris Banking AG","isPartOf":{"@id":"https:\/\/www.entris-banking.ch\/#website"},"datePublished":"2017-10-25T12:32:40+00:00","dateModified":"2017-12-20T16:14:46+00:00","breadcrumb":{"@id":"https:\/\/www.entris-banking.ch\/fr\/404-2\/#breadcrumb"},"inLanguage":"fr-FR","potentialAction":[{"@type":"ReadAction","target":["https:\/\/www.entris-banking.ch\/fr\/404-2\/"]}]},{"@type":"BreadcrumbList","@id":"https:\/\/www.entris-banking.ch\/fr\/404-2\/#breadcrumb","itemListElement":[{"@type":"ListItem","position":1,"name":"Startseite","item":"https:\/\/www.entris-banking.ch\/fr\/"},{"@type":"ListItem","position":2,"name":"404"}]},{"@type":"WebSite","@id":"https:\/\/www.entris-banking.ch\/#website","url":"https:\/\/www.entris-banking.ch\/","name":"Entris Banking AG","description":"","publisher":{"@id":"https:\/\/www.entris-banking.ch\/#organization"},"potentialAction":[{"@type":"SearchAction","target":{"@type":"EntryPoint","urlTemplate":"https:\/\/www.entris-banking.ch\/?s={search_term_string}"},"query-input":{"@type":"PropertyValueSpecification","valueRequired":true,"valueName":"search_term_string"}}],"inLanguage":"fr-FR"},{"@type":"Organization","@id":"https:\/\/www.entris-banking.ch\/#organization","name":"Entris Banking AG","url":"https:\/\/www.entris-banking.ch\/","logo":{"@type":"ImageObject","inLanguage":"fr-FR","@id":"https:\/\/www.entris-banking.ch\/#\/schema\/logo\/image\/","url":"https:\/\/www.entris-banking.ch\/wp-content\/uploads\/entris-banking_logo.png","contentUrl":"https:\/\/www.entris-banking.ch\/wp-content\/uploads\/entris-banking_logo.png","width":240,"height":128,"caption":"Entris Banking AG"},"image":{"@id":"https:\/\/www.entris-banking.ch\/#\/schema\/logo\/image\/"}}]}},"_links":{"self":[{"href":"https:\/\/www.entris-banking.ch\/fr\/wp-json\/wp\/v2\/pages\/1390","targetHints":{"allow":["GET"]}}],"collection":[{"href":"https:\/\/www.entris-banking.ch\/fr\/wp-json\/wp\/v2\/pages"}],"about":[{"href":"https:\/\/www.entris-banking.ch\/fr\/wp-json\/wp\/v2\/types\/page"}],"author":[{"embeddable":true,"href":"https:\/\/www.entris-banking.ch\/fr\/wp-json\/wp\/v2\/users\/3"}],"replies":[{"embeddable":true,"href":"https:\/\/www.entris-banking.ch\/fr\/wp-json\/wp\/v2\/comments?post=1390"}],"version-history":[{"count":0,"href":"https:\/\/www.entris-banking.ch\/fr\/wp-json\/wp\/v2\/pages\/1390\/revisions"}],"wp:attachment":[{"href":"https:\/\/www.entris-banking.ch\/fr\/wp-json\/wp\/v2\/media?parent=1390"}],"curies":[{"name":"wp","href":"https:\/\/api.w.org\/{rel}","templated":true}]}}