{"id":1391,"date":"2017-09-27T14:17:24","date_gmt":"2017-09-27T12:17:24","guid":{"rendered":"https:\/\/www.entris-banking.ch\/finanzdienstleistungen\/"},"modified":"2024-07-01T15:30:11","modified_gmt":"2024-07-01T13:30:11","slug":"services-financiers","status":"publish","type":"page","link":"https:\/\/www.entris-banking.ch\/fr\/services-financiers\/","title":{"rendered":"Services financiers"},"content":{"rendered":"<div class=\"wpb-content-wrapper\"><p>[vc_row full_width=\u00a0\u00bbstretch_row\u00a0\u00bb el_class=\u00a0\u00bbintro color blue\u00a0\u00bb][vc_column][vc_column_text css=\u00a0\u00bb\u00a0\u00bb]<\/p>\n<h1>Services financiers pour banques<\/h1>\n<p>Gr\u00e2ce \u00e0 notre offre polyvalente dans le domaine Business Process Outsourcing (BPO), vous pouvez externaliser une grande partie de vos processus de back-office et de support. Avec nos services, nous prenons en charge pour l&rsquo;essentiel votre c\u0153ur de m\u00e9tier dans les domaines Paiements, Moyens de paiement, Placements, Pr\u00e9voyance ainsi que la gestion des risques et la gestion de la r\u00e9glementation. Gr\u00e2ce \u00e0 notre fonction de banque centrale, nous vous donnons \u00e9galement acc\u00e8s aux march\u00e9s mon\u00e9taires et financiers. Cela vous permer d\u2019optimisez votre capital, vos co\u00fbts, revenus et risques.<\/p>\n<p>Nos experts vous accompagnent par leur savoir-faire dans les services financiers suivants:[\/vc_column_text][\/vc_column][\/vc_row][vc_row el_class=\u00a0\u00bbcenter dienstleistungen\u00a0\u00bb][vc_column]<div class=\"service-container\"><div class=\"service anlegen-bankprodukte\"><a class=\"full\" href=\"https:\/\/www.entris-banking.ch\/fr\/services-financiers\/placements-produits-bancaires\/\">Placements & Produits bancaires<\/a><h3>Placements & Produits bancaires<\/h3><div class=\"service-overlay\"><h3>Placements & Produits bancaires<\/h3><p>En tant que d\u00e9positaire central, nous vous offrons tous les services dans les domaines Global Custody, n\u00e9goce de fonds, ex\u00e9cution globale, Fondsinvest et Fondsinvest Liberta.<div class=\"more\">En savoir plus<\/div><\/div><\/div><div class=\"service bancomaten\"><a class=\"full\" href=\"https:\/\/www.entris-banking.ch\/fr\/services-financiers\/bancomat\/\">Bancomat<\/a><h3>Bancomat<\/h3><div class=\"service-overlay\"><h3>Bancomat<\/h3><p>Nous vous soutenons dans l\u2019\u00e9valuation, l\u2019acquisition, l\u2019entretien et l\u2019exploitation de distributeurs automatiques de billets.<div class=\"more\">En savoir plus<\/div><\/div><\/div><div class=\"service giroorganisation-banking\"><a class=\"full\" href=\"https:\/\/www.entris-banking.ch\/fr\/services-financiers\/organisation-de-giro-banking\/\">Organisation de giro &amp; Banking<\/a><h3>Organisation de giro &amp; Banking<\/h3><div class=\"service-overlay\"><h3>Organisation de giro &amp; Banking<\/h3><p>En tant que banque centrale, nous proposons le raccordement \u00e0 SIC RBTR, Instant Payment et euroSIC avec une gamme compl\u00e8te d'instruments de gestion des liquidit\u00e9s et le traitement des ordres de paiement \u00e0 l'\u00e9tranger.<div class=\"more\">En savoir plus<\/div><\/div><\/div><div class=\"service alm-risiko-und-regulierungsmanagement\"><a class=\"full\" href=\"https:\/\/www.entris-banking.ch\/fr\/gestion-des-risques-et-gestion-de-la-reglementation\/\">Gestion des risques et de la r\u00e9glementation<\/a><h3>Gestion des risques et de la r\u00e9glementation<\/h3><div class=\"service-overlay\"><h3>Gestion des risques et de la r\u00e9glementation<\/h3><p>Nous vous conseillons et vous assistons dans tous les aspects de la gestion des risques, de la mise en \u0153uvre informatique des exigences r\u00e9glementaires et des directives.<div class=\"more\">En savoir plus<\/div><\/div><\/div><div class=\"service trading-treasury\"><a class=\"full\" href=\"https:\/\/www.entris-banking.ch\/fr\/services-financiers\/trading-treasury\/\">Trading & Treasury<\/a><h3>Trading & Treasury<\/h3><div class=\"service-overlay\"><h3>Trading & Treasury<\/h3><p>Nous assurons et pilotons la gestion de vos liquidit\u00e9s, le n\u00e9goce et le courtage, ainsi que la prise en charge d\u2019op\u00e9rations de d\u00e9riv\u00e9s de gr\u00e9 \u00e0 gr\u00e9 et de cr\u00e9dit. <div class=\"more\">En savoir plus<\/div><\/div><\/div><div class=\"service vorsorge\"><a class=\"full\" href=\"https:\/\/www.entris-banking.ch\/fr\/services-financiers\/prevoyance\/\">Pr\u00e9voyance<\/a><h3>Pr\u00e9voyance<\/h3><div class=\"service-overlay\"><h3>Pr\u00e9voyance<\/h3><p>Nos comp\u00e9tences principales sont la direction de fondations, la gestion de la pr\u00e9voyance adapt\u00e9e \u00e0 vos besoins et la tenue de la comptabilit\u00e9 de fondation.<div class=\"more\">En savoir plus<\/div><\/div><\/div><div class=\"service zahlungsmittel\"><a class=\"full\" href=\"https:\/\/www.entris-banking.ch\/fr\/services-financiers\/moyens-de-paiement\/\">Moyens de paiement<\/a><h3>Moyens de paiement<\/h3><div class=\"service-overlay\"><h3>Moyens de paiement<\/h3><p>Nous proposons des cartes de d\u00e9bit et de cr\u00e9dit ainsi que des moyens de paiement touristiques et vous d\u00e9chargeons d\u2019activit\u00e9s de back-office chronophages.<div class=\"more\">En savoir plus<\/div><\/div><\/div><\/div>[\/vc_column][\/vc_row]<\/p>\n<\/div>","protected":false},"excerpt":{"rendered":"<p>[vc_row full_width=\u00a0\u00bbstretch_row\u00a0\u00bb el_class=\u00a0\u00bbintro color blue\u00a0\u00bb][vc_column][vc_column_text css=\u00a0\u00bb\u00a0\u00bb] Services financiers pour banques Gr\u00e2ce \u00e0 notre offre polyvalente dans le domaine Business Process Outsourcing (BPO), vous pouvez externaliser une grande partie de vos processus de back-office et de support. Avec nos services, nous prenons en charge pour l&rsquo;essentiel votre c\u0153ur de m\u00e9tier dans les domaines Paiements, Moyens de [&hellip;]<\/p>\n","protected":false},"author":3,"featured_media":0,"parent":0,"menu_order":4,"comment_status":"closed","ping_status":"closed","template":"page-headerbild.php","meta":{"_acf_changed":false,"footnotes":""},"class_list":["post-1391","page","type-page","status-publish","hentry"],"acf":[],"yoast_head":"<!-- This site is optimized with the Yoast SEO plugin v27.4 - https:\/\/yoast.com\/product\/yoast-seo-wordpress\/ -->\n<title>Services financiers pour banques r\u00e9gionales et \u00e9tablissements financiers<\/title>\n<meta name=\"description\" content=\"Gr\u00e2ce \u00e0 notre offre BPO, vos processus de back-office et de support peuvent \u00eatre externalis\u00e9s et vous avez acc\u00e8s aux march\u00e9s mon\u00e9taires et financiers.\" \/>\n<meta name=\"robots\" content=\"index, follow, max-snippet:-1, max-image-preview:large, max-video-preview:-1\" \/>\n<link rel=\"canonical\" href=\"https:\/\/www.entris-banking.ch\/fr\/services-financiers\/\" \/>\n<meta property=\"og:locale\" content=\"fr_FR\" \/>\n<meta property=\"og:type\" content=\"article\" \/>\n<meta property=\"og:title\" content=\"Services financiers pour banques r\u00e9gionales et \u00e9tablissements financiers\" \/>\n<meta property=\"og:description\" content=\"Gr\u00e2ce \u00e0 notre offre BPO, vos processus de back-office et de support peuvent \u00eatre externalis\u00e9s et vous avez acc\u00e8s aux march\u00e9s mon\u00e9taires et financiers.\" \/>\n<meta property=\"og:url\" content=\"https:\/\/www.entris-banking.ch\/fr\/services-financiers\/\" \/>\n<meta property=\"og:site_name\" content=\"Entris Banking AG\" \/>\n<meta property=\"article:modified_time\" content=\"2024-07-01T13:30:11+00:00\" \/>\n<meta name=\"twitter:card\" content=\"summary_large_image\" \/>\n<meta name=\"twitter:label1\" content=\"Dur\u00e9e de lecture estim\u00e9e\" \/>\n\t<meta name=\"twitter:data1\" content=\"1 minute\" \/>\n<script type=\"application\/ld+json\" class=\"yoast-schema-graph\">{\"@context\":\"https:\\\/\\\/schema.org\",\"@graph\":[{\"@type\":\"WebPage\",\"@id\":\"https:\\\/\\\/www.entris-banking.ch\\\/fr\\\/services-financiers\\\/\",\"url\":\"https:\\\/\\\/www.entris-banking.ch\\\/fr\\\/services-financiers\\\/\",\"name\":\"Services financiers pour banques r\u00e9gionales et \u00e9tablissements financiers\",\"isPartOf\":{\"@id\":\"https:\\\/\\\/www.entris-banking.ch\\\/#website\"},\"datePublished\":\"2017-09-27T12:17:24+00:00\",\"dateModified\":\"2024-07-01T13:30:11+00:00\",\"description\":\"Gr\u00e2ce \u00e0 notre offre BPO, vos processus de back-office et de support peuvent \u00eatre externalis\u00e9s et vous avez acc\u00e8s aux march\u00e9s mon\u00e9taires et financiers.\",\"breadcrumb\":{\"@id\":\"https:\\\/\\\/www.entris-banking.ch\\\/fr\\\/services-financiers\\\/#breadcrumb\"},\"inLanguage\":\"fr-FR\",\"potentialAction\":[{\"@type\":\"ReadAction\",\"target\":[\"https:\\\/\\\/www.entris-banking.ch\\\/fr\\\/services-financiers\\\/\"]}]},{\"@type\":\"BreadcrumbList\",\"@id\":\"https:\\\/\\\/www.entris-banking.ch\\\/fr\\\/services-financiers\\\/#breadcrumb\",\"itemListElement\":[{\"@type\":\"ListItem\",\"position\":1,\"name\":\"Startseite\",\"item\":\"https:\\\/\\\/www.entris-banking.ch\\\/fr\\\/\"},{\"@type\":\"ListItem\",\"position\":2,\"name\":\"Services financiers\"}]},{\"@type\":\"WebSite\",\"@id\":\"https:\\\/\\\/www.entris-banking.ch\\\/#website\",\"url\":\"https:\\\/\\\/www.entris-banking.ch\\\/\",\"name\":\"Entris Banking AG\",\"description\":\"\",\"publisher\":{\"@id\":\"https:\\\/\\\/www.entris-banking.ch\\\/#organization\"},\"potentialAction\":[{\"@type\":\"SearchAction\",\"target\":{\"@type\":\"EntryPoint\",\"urlTemplate\":\"https:\\\/\\\/www.entris-banking.ch\\\/?s={search_term_string}\"},\"query-input\":{\"@type\":\"PropertyValueSpecification\",\"valueRequired\":true,\"valueName\":\"search_term_string\"}}],\"inLanguage\":\"fr-FR\"},{\"@type\":\"Organization\",\"@id\":\"https:\\\/\\\/www.entris-banking.ch\\\/#organization\",\"name\":\"Entris Banking AG\",\"url\":\"https:\\\/\\\/www.entris-banking.ch\\\/\",\"logo\":{\"@type\":\"ImageObject\",\"inLanguage\":\"fr-FR\",\"@id\":\"https:\\\/\\\/www.entris-banking.ch\\\/#\\\/schema\\\/logo\\\/image\\\/\",\"url\":\"https:\\\/\\\/www.entris-banking.ch\\\/wp-content\\\/uploads\\\/entris-banking_logo.png\",\"contentUrl\":\"https:\\\/\\\/www.entris-banking.ch\\\/wp-content\\\/uploads\\\/entris-banking_logo.png\",\"width\":240,\"height\":128,\"caption\":\"Entris Banking AG\"},\"image\":{\"@id\":\"https:\\\/\\\/www.entris-banking.ch\\\/#\\\/schema\\\/logo\\\/image\\\/\"}}]}<\/script>\n<!-- \/ Yoast SEO plugin. -->","yoast_head_json":{"title":"Services financiers pour banques r\u00e9gionales et \u00e9tablissements financiers","description":"Gr\u00e2ce \u00e0 notre offre BPO, vos processus de back-office et de support peuvent \u00eatre externalis\u00e9s et vous avez acc\u00e8s aux march\u00e9s mon\u00e9taires et financiers.","robots":{"index":"index","follow":"follow","max-snippet":"max-snippet:-1","max-image-preview":"max-image-preview:large","max-video-preview":"max-video-preview:-1"},"canonical":"https:\/\/www.entris-banking.ch\/fr\/services-financiers\/","og_locale":"fr_FR","og_type":"article","og_title":"Services financiers pour banques r\u00e9gionales et \u00e9tablissements financiers","og_description":"Gr\u00e2ce \u00e0 notre offre BPO, vos processus de back-office et de support peuvent \u00eatre externalis\u00e9s et vous avez acc\u00e8s aux march\u00e9s mon\u00e9taires et financiers.","og_url":"https:\/\/www.entris-banking.ch\/fr\/services-financiers\/","og_site_name":"Entris Banking AG","article_modified_time":"2024-07-01T13:30:11+00:00","twitter_card":"summary_large_image","twitter_misc":{"Dur\u00e9e de lecture estim\u00e9e":"1 minute"},"schema":{"@context":"https:\/\/schema.org","@graph":[{"@type":"WebPage","@id":"https:\/\/www.entris-banking.ch\/fr\/services-financiers\/","url":"https:\/\/www.entris-banking.ch\/fr\/services-financiers\/","name":"Services financiers pour banques r\u00e9gionales et \u00e9tablissements financiers","isPartOf":{"@id":"https:\/\/www.entris-banking.ch\/#website"},"datePublished":"2017-09-27T12:17:24+00:00","dateModified":"2024-07-01T13:30:11+00:00","description":"Gr\u00e2ce \u00e0 notre offre BPO, vos processus de back-office et de support peuvent \u00eatre externalis\u00e9s et vous avez acc\u00e8s aux march\u00e9s mon\u00e9taires et financiers.","breadcrumb":{"@id":"https:\/\/www.entris-banking.ch\/fr\/services-financiers\/#breadcrumb"},"inLanguage":"fr-FR","potentialAction":[{"@type":"ReadAction","target":["https:\/\/www.entris-banking.ch\/fr\/services-financiers\/"]}]},{"@type":"BreadcrumbList","@id":"https:\/\/www.entris-banking.ch\/fr\/services-financiers\/#breadcrumb","itemListElement":[{"@type":"ListItem","position":1,"name":"Startseite","item":"https:\/\/www.entris-banking.ch\/fr\/"},{"@type":"ListItem","position":2,"name":"Services financiers"}]},{"@type":"WebSite","@id":"https:\/\/www.entris-banking.ch\/#website","url":"https:\/\/www.entris-banking.ch\/","name":"Entris Banking AG","description":"","publisher":{"@id":"https:\/\/www.entris-banking.ch\/#organization"},"potentialAction":[{"@type":"SearchAction","target":{"@type":"EntryPoint","urlTemplate":"https:\/\/www.entris-banking.ch\/?s={search_term_string}"},"query-input":{"@type":"PropertyValueSpecification","valueRequired":true,"valueName":"search_term_string"}}],"inLanguage":"fr-FR"},{"@type":"Organization","@id":"https:\/\/www.entris-banking.ch\/#organization","name":"Entris Banking AG","url":"https:\/\/www.entris-banking.ch\/","logo":{"@type":"ImageObject","inLanguage":"fr-FR","@id":"https:\/\/www.entris-banking.ch\/#\/schema\/logo\/image\/","url":"https:\/\/www.entris-banking.ch\/wp-content\/uploads\/entris-banking_logo.png","contentUrl":"https:\/\/www.entris-banking.ch\/wp-content\/uploads\/entris-banking_logo.png","width":240,"height":128,"caption":"Entris Banking AG"},"image":{"@id":"https:\/\/www.entris-banking.ch\/#\/schema\/logo\/image\/"}}]}},"_links":{"self":[{"href":"https:\/\/www.entris-banking.ch\/fr\/wp-json\/wp\/v2\/pages\/1391","targetHints":{"allow":["GET"]}}],"collection":[{"href":"https:\/\/www.entris-banking.ch\/fr\/wp-json\/wp\/v2\/pages"}],"about":[{"href":"https:\/\/www.entris-banking.ch\/fr\/wp-json\/wp\/v2\/types\/page"}],"author":[{"embeddable":true,"href":"https:\/\/www.entris-banking.ch\/fr\/wp-json\/wp\/v2\/users\/3"}],"replies":[{"embeddable":true,"href":"https:\/\/www.entris-banking.ch\/fr\/wp-json\/wp\/v2\/comments?post=1391"}],"version-history":[{"count":1,"href":"https:\/\/www.entris-banking.ch\/fr\/wp-json\/wp\/v2\/pages\/1391\/revisions"}],"predecessor-version":[{"id":5663,"href":"https:\/\/www.entris-banking.ch\/fr\/wp-json\/wp\/v2\/pages\/1391\/revisions\/5663"}],"wp:attachment":[{"href":"https:\/\/www.entris-banking.ch\/fr\/wp-json\/wp\/v2\/media?parent=1391"}],"curies":[{"name":"wp","href":"https:\/\/api.w.org\/{rel}","templated":true}]}}