{"id":1822,"date":"2018-01-26T13:40:36","date_gmt":"2018-01-26T12:40:36","guid":{"rendered":"https:\/\/www.entris-banking.ch\/?page_id=1822"},"modified":"2020-05-07T07:52:07","modified_gmt":"2020-05-07T05:52:07","slug":"info-garantie-des-depots","status":"publish","type":"page","link":"https:\/\/www.entris-banking.ch\/fr\/info-garantie-des-depots\/","title":{"rendered":"Info garantie des d\u00e9p\u00f4ts"},"content":{"rendered":"<div class=\"wpb-content-wrapper\"><p>[vc_row full_width=\u00a0\u00bbstretch_row\u00a0\u00bb el_class=\u00a0\u00bbcolor blue intro\u00a0\u00bb][vc_column][vc_column_text]<\/p>\n<h1>Garantie des d\u00e9p\u00f4ts en Suisse<\/h1>\n<p>Mes d\u00e9p\u00f4ts sont-ils prot\u00e9g\u00e9s par la garantie des d\u00e9p\u00f4ts <em>esisuisse<\/em>? Oui, Entris Banking a l&rsquo;obligation, comme toute banque et toute maison de titres en Suisse, de signer l\u2019Autor\u00e9gulation \u00abConvention entre esisuisse et ses membres\u00bb. Les d\u00e9p\u00f4ts des clients sont donc assur\u00e9s jusqu&rsquo;\u00e0 un plafond de CHF 100\u2019000 par client. Sont \u00e9galement consid\u00e9r\u00e9es comme d\u00e9p\u00f4ts les obligations de caisse d\u00e9pos\u00e9es aupr\u00e8s de la banque \u00e9mettrice au nom du d\u00e9posant. C&rsquo;est esisuisse, dont le fonctionnement est expliqu\u00e9 en d\u00e9tail \u00e0 l&rsquo;adresse <a href=\"http:\/\/www.esisuisse.ch\/fr\" target=\"_blank\" rel=\"noopener noreferrer\">www.esisuisse.ch<\/a>, qui assure la garantie des d\u00e9p\u00f4ts en Suisse.[\/vc_column_text][\/vc_column][\/vc_row][vc_row el_class=\u00a0\u00bbcenter\u00a0\u00bb][vc_column][vc_column_text]<\/p>\n<h2>Nous nous tenons \u00e0 votre disposition si vous aviez des questions \u00e0 poser!<\/h2>\n<p>[\/vc_column_text]<div class=\"button\"><a href=\"https:\/\/www.entris-banking.ch\/fr\/contact\/\">Vers le formulaire de contact<\/a><\/div>[\/vc_column][\/vc_row]<\/p>\n<\/div>","protected":false},"excerpt":{"rendered":"<p>[vc_row full_width=\u00a0\u00bbstretch_row\u00a0\u00bb el_class=\u00a0\u00bbcolor blue intro\u00a0\u00bb][vc_column][vc_column_text] Garantie des d\u00e9p\u00f4ts en Suisse Mes d\u00e9p\u00f4ts sont-ils prot\u00e9g\u00e9s par la garantie des d\u00e9p\u00f4ts esisuisse? Oui, Entris Banking a l&rsquo;obligation, comme toute banque et toute maison de titres en Suisse, de signer l\u2019Autor\u00e9gulation \u00abConvention entre esisuisse et ses membres\u00bb. Les d\u00e9p\u00f4ts des clients sont donc assur\u00e9s jusqu&rsquo;\u00e0 un plafond de [&hellip;]<\/p>\n","protected":false},"author":5,"featured_media":0,"parent":0,"menu_order":36,"comment_status":"closed","ping_status":"closed","template":"","meta":{"_acf_changed":false,"footnotes":""},"class_list":["post-1822","page","type-page","status-publish","hentry"],"acf":[],"yoast_head":"<!-- This site is optimized with the Yoast SEO plugin v27.4 - https:\/\/yoast.com\/product\/yoast-seo-wordpress\/ -->\n<title>Garantie des d\u00e9p\u00f4ts en Suisse<\/title>\n<meta name=\"description\" content=\"Mes d\u00e9p\u00f4ts sont-ils prot\u00e9g\u00e9s par la garantie des d\u00e9p\u00f4ts?\" \/>\n<meta name=\"robots\" content=\"index, follow, max-snippet:-1, max-image-preview:large, max-video-preview:-1\" \/>\n<link rel=\"canonical\" href=\"https:\/\/www.entris-banking.ch\/fr\/info-garantie-des-depots\/\" \/>\n<meta property=\"og:locale\" content=\"fr_FR\" \/>\n<meta property=\"og:type\" content=\"article\" \/>\n<meta property=\"og:title\" content=\"Garantie des d\u00e9p\u00f4ts en Suisse\" \/>\n<meta property=\"og:description\" content=\"Mes d\u00e9p\u00f4ts sont-ils prot\u00e9g\u00e9s par la garantie des d\u00e9p\u00f4ts?\" \/>\n<meta property=\"og:url\" content=\"https:\/\/www.entris-banking.ch\/fr\/info-garantie-des-depots\/\" \/>\n<meta property=\"og:site_name\" content=\"Entris Banking AG\" \/>\n<meta property=\"article:modified_time\" content=\"2020-05-07T05:52:07+00:00\" \/>\n<meta name=\"twitter:card\" content=\"summary_large_image\" \/>\n<meta name=\"twitter:label1\" content=\"Dur\u00e9e de lecture estim\u00e9e\" \/>\n\t<meta name=\"twitter:data1\" content=\"1 minute\" \/>\n<script type=\"application\/ld+json\" class=\"yoast-schema-graph\">{\"@context\":\"https:\\\/\\\/schema.org\",\"@graph\":[{\"@type\":\"WebPage\",\"@id\":\"https:\\\/\\\/www.entris-banking.ch\\\/fr\\\/info-garantie-des-depots\\\/\",\"url\":\"https:\\\/\\\/www.entris-banking.ch\\\/fr\\\/info-garantie-des-depots\\\/\",\"name\":\"Garantie des d\u00e9p\u00f4ts en Suisse\",\"isPartOf\":{\"@id\":\"https:\\\/\\\/www.entris-banking.ch\\\/#website\"},\"datePublished\":\"2018-01-26T12:40:36+00:00\",\"dateModified\":\"2020-05-07T05:52:07+00:00\",\"description\":\"Mes d\u00e9p\u00f4ts sont-ils prot\u00e9g\u00e9s par la garantie des d\u00e9p\u00f4ts?\",\"breadcrumb\":{\"@id\":\"https:\\\/\\\/www.entris-banking.ch\\\/fr\\\/info-garantie-des-depots\\\/#breadcrumb\"},\"inLanguage\":\"fr-FR\",\"potentialAction\":[{\"@type\":\"ReadAction\",\"target\":[\"https:\\\/\\\/www.entris-banking.ch\\\/fr\\\/info-garantie-des-depots\\\/\"]}]},{\"@type\":\"BreadcrumbList\",\"@id\":\"https:\\\/\\\/www.entris-banking.ch\\\/fr\\\/info-garantie-des-depots\\\/#breadcrumb\",\"itemListElement\":[{\"@type\":\"ListItem\",\"position\":1,\"name\":\"Startseite\",\"item\":\"https:\\\/\\\/www.entris-banking.ch\\\/fr\\\/\"},{\"@type\":\"ListItem\",\"position\":2,\"name\":\"Info garantie des d\u00e9p\u00f4ts\"}]},{\"@type\":\"WebSite\",\"@id\":\"https:\\\/\\\/www.entris-banking.ch\\\/#website\",\"url\":\"https:\\\/\\\/www.entris-banking.ch\\\/\",\"name\":\"Entris Banking AG\",\"description\":\"\",\"publisher\":{\"@id\":\"https:\\\/\\\/www.entris-banking.ch\\\/#organization\"},\"potentialAction\":[{\"@type\":\"SearchAction\",\"target\":{\"@type\":\"EntryPoint\",\"urlTemplate\":\"https:\\\/\\\/www.entris-banking.ch\\\/?s={search_term_string}\"},\"query-input\":{\"@type\":\"PropertyValueSpecification\",\"valueRequired\":true,\"valueName\":\"search_term_string\"}}],\"inLanguage\":\"fr-FR\"},{\"@type\":\"Organization\",\"@id\":\"https:\\\/\\\/www.entris-banking.ch\\\/#organization\",\"name\":\"Entris Banking AG\",\"url\":\"https:\\\/\\\/www.entris-banking.ch\\\/\",\"logo\":{\"@type\":\"ImageObject\",\"inLanguage\":\"fr-FR\",\"@id\":\"https:\\\/\\\/www.entris-banking.ch\\\/#\\\/schema\\\/logo\\\/image\\\/\",\"url\":\"https:\\\/\\\/www.entris-banking.ch\\\/wp-content\\\/uploads\\\/entris-banking_logo.png\",\"contentUrl\":\"https:\\\/\\\/www.entris-banking.ch\\\/wp-content\\\/uploads\\\/entris-banking_logo.png\",\"width\":240,\"height\":128,\"caption\":\"Entris Banking AG\"},\"image\":{\"@id\":\"https:\\\/\\\/www.entris-banking.ch\\\/#\\\/schema\\\/logo\\\/image\\\/\"}}]}<\/script>\n<!-- \/ Yoast SEO plugin. -->","yoast_head_json":{"title":"Garantie des d\u00e9p\u00f4ts en Suisse","description":"Mes d\u00e9p\u00f4ts sont-ils prot\u00e9g\u00e9s par la garantie des d\u00e9p\u00f4ts?","robots":{"index":"index","follow":"follow","max-snippet":"max-snippet:-1","max-image-preview":"max-image-preview:large","max-video-preview":"max-video-preview:-1"},"canonical":"https:\/\/www.entris-banking.ch\/fr\/info-garantie-des-depots\/","og_locale":"fr_FR","og_type":"article","og_title":"Garantie des d\u00e9p\u00f4ts en Suisse","og_description":"Mes d\u00e9p\u00f4ts sont-ils prot\u00e9g\u00e9s par la garantie des d\u00e9p\u00f4ts?","og_url":"https:\/\/www.entris-banking.ch\/fr\/info-garantie-des-depots\/","og_site_name":"Entris Banking AG","article_modified_time":"2020-05-07T05:52:07+00:00","twitter_card":"summary_large_image","twitter_misc":{"Dur\u00e9e de lecture estim\u00e9e":"1 minute"},"schema":{"@context":"https:\/\/schema.org","@graph":[{"@type":"WebPage","@id":"https:\/\/www.entris-banking.ch\/fr\/info-garantie-des-depots\/","url":"https:\/\/www.entris-banking.ch\/fr\/info-garantie-des-depots\/","name":"Garantie des d\u00e9p\u00f4ts en Suisse","isPartOf":{"@id":"https:\/\/www.entris-banking.ch\/#website"},"datePublished":"2018-01-26T12:40:36+00:00","dateModified":"2020-05-07T05:52:07+00:00","description":"Mes d\u00e9p\u00f4ts sont-ils prot\u00e9g\u00e9s par la garantie des d\u00e9p\u00f4ts?","breadcrumb":{"@id":"https:\/\/www.entris-banking.ch\/fr\/info-garantie-des-depots\/#breadcrumb"},"inLanguage":"fr-FR","potentialAction":[{"@type":"ReadAction","target":["https:\/\/www.entris-banking.ch\/fr\/info-garantie-des-depots\/"]}]},{"@type":"BreadcrumbList","@id":"https:\/\/www.entris-banking.ch\/fr\/info-garantie-des-depots\/#breadcrumb","itemListElement":[{"@type":"ListItem","position":1,"name":"Startseite","item":"https:\/\/www.entris-banking.ch\/fr\/"},{"@type":"ListItem","position":2,"name":"Info garantie des d\u00e9p\u00f4ts"}]},{"@type":"WebSite","@id":"https:\/\/www.entris-banking.ch\/#website","url":"https:\/\/www.entris-banking.ch\/","name":"Entris Banking AG","description":"","publisher":{"@id":"https:\/\/www.entris-banking.ch\/#organization"},"potentialAction":[{"@type":"SearchAction","target":{"@type":"EntryPoint","urlTemplate":"https:\/\/www.entris-banking.ch\/?s={search_term_string}"},"query-input":{"@type":"PropertyValueSpecification","valueRequired":true,"valueName":"search_term_string"}}],"inLanguage":"fr-FR"},{"@type":"Organization","@id":"https:\/\/www.entris-banking.ch\/#organization","name":"Entris Banking AG","url":"https:\/\/www.entris-banking.ch\/","logo":{"@type":"ImageObject","inLanguage":"fr-FR","@id":"https:\/\/www.entris-banking.ch\/#\/schema\/logo\/image\/","url":"https:\/\/www.entris-banking.ch\/wp-content\/uploads\/entris-banking_logo.png","contentUrl":"https:\/\/www.entris-banking.ch\/wp-content\/uploads\/entris-banking_logo.png","width":240,"height":128,"caption":"Entris Banking AG"},"image":{"@id":"https:\/\/www.entris-banking.ch\/#\/schema\/logo\/image\/"}}]}},"_links":{"self":[{"href":"https:\/\/www.entris-banking.ch\/fr\/wp-json\/wp\/v2\/pages\/1822","targetHints":{"allow":["GET"]}}],"collection":[{"href":"https:\/\/www.entris-banking.ch\/fr\/wp-json\/wp\/v2\/pages"}],"about":[{"href":"https:\/\/www.entris-banking.ch\/fr\/wp-json\/wp\/v2\/types\/page"}],"author":[{"embeddable":true,"href":"https:\/\/www.entris-banking.ch\/fr\/wp-json\/wp\/v2\/users\/5"}],"replies":[{"embeddable":true,"href":"https:\/\/www.entris-banking.ch\/fr\/wp-json\/wp\/v2\/comments?post=1822"}],"version-history":[{"count":4,"href":"https:\/\/www.entris-banking.ch\/fr\/wp-json\/wp\/v2\/pages\/1822\/revisions"}],"predecessor-version":[{"id":3972,"href":"https:\/\/www.entris-banking.ch\/fr\/wp-json\/wp\/v2\/pages\/1822\/revisions\/3972"}],"wp:attachment":[{"href":"https:\/\/www.entris-banking.ch\/fr\/wp-json\/wp\/v2\/media?parent=1822"}],"curies":[{"name":"wp","href":"https:\/\/api.w.org\/{rel}","templated":true}]}}