{"id":4359,"date":"2021-06-10T10:21:42","date_gmt":"2021-06-10T08:21:42","guid":{"rendered":"https:\/\/www.entris-banking.ch\/?page_id=4359"},"modified":"2021-06-30T11:23:55","modified_gmt":"2021-06-30T09:23:55","slug":"bancomat","status":"publish","type":"page","link":"https:\/\/www.entris-banking.ch\/fr\/services-financiers\/bancomat\/","title":{"rendered":"Bancomat"},"content":{"rendered":"<div class=\"wpb-content-wrapper\"><p>[vc_row full_width=\u00a0\u00bbstretch_row\u00a0\u00bb el_class=\u00a0\u00bbintro color blue\u00a0\u00bb][vc_column][vc_column_text]<\/p>\n<h1>Bancomat<\/h1>\n<p>Nous acqu\u00e9rons vos appareils dans le segment Bancomat et vous proposons des fonctionnalit\u00e9s de libre-service (par exemple, versement de pi\u00e8ces, distributeur de rouleaux de monnaie, syst\u00e8mes de kiosque, etc.), de m\u00eame que des services mat\u00e9riels et logiciels n\u00e9cessaires pour garantir une exploitation fluide et une disponibilit\u00e9 optimale. Nous nous occupons \u00e9galement des contrats n\u00e9cessaires pour les services de surveillance, les logiciels (\u00abas a Service\u00bb) et la maintenance. Gr\u00e2ce \u00e0 notre offre de services g\u00e9r\u00e9s (Managed Services, surveillance, externalisation BPO) jusqu\u2019\u00e0 des solutions compl\u00e8tes \u00abATM as a service\u00bb, nous vous d\u00e9chargeons dans la mesure que vous souhaitez des processus de back-office. Nous r\u00e9pondons \u00e0 l\u2019importance croissante des questions de s\u00e9curit\u00e9 et des processus de conseil, ainsi qu\u2019aux exigences en mati\u00e8re d\u2019assistance dans le conseil pour les concepts de libre-service et de succursales sans argent liquide.[\/vc_column_text][\/vc_column][\/vc_row][vc_row el_class=\u00a0\u00bbservices small\u00a0\u00bb][vc_column][vc_row_inner el_class=\u00a0\u00bbright\u00a0\u00bb][vc_column_inner][vc_single_image image=\u00a0\u00bb4383&Prime; img_size=\u00a0\u00bbfull\u00a0\u00bb][\/vc_column_inner][\/vc_row_inner][vc_row_inner][vc_column_inner][vc_column_text]<\/p>\n<h3>Appareils Bancomat \u2013 Hardware<\/h3>\n<p>Les syst\u00e8mes de libre-service sont essentiels \u00e0 l\u2019interaction avec le client. Ils connectent l\u2019exp\u00e9rience num\u00e9rique avec le monde physique. Les syst\u00e8mes de libre-service peuvent enrichir, am\u00e9liorer, voire remplacer l\u2019exp\u00e9rience de banking dans la succursale. Dans le m\u00eame temps, ils sont l\u2019interface de votre marque. Les syst\u00e8mes de libre-service (Bancomat) sont l\u2019outil id\u00e9al pour les banques, aidant \u00e0 cibler leurs clients et \u00e0 les fid\u00e9liser pour les services bancaires num\u00e9riques de demain. Nous vous conseillons sur la s\u00e9lection, vous fournissons le mat\u00e9riel requis et nous coordonnons les activit\u00e9s d\u2019installation et de service.[\/vc_column_text][\/vc_column_inner][\/vc_row_inner][vc_row_inner][vc_column_inner][vc_column_text]<\/p>\n<h3>Services Hardware et Software<\/h3>\n<p>La disponibilit\u00e9 \u00e9lev\u00e9e du Bancomat d\u00e9termine une exp\u00e9rience client positive. Nous assurons l\u2019infrastructure de service, afin que vos syst\u00e8mes et solutions soient toujours op\u00e9rationnels et \u00e0 jour, quel que soit le fabricant. Nous nous effor\u00e7ons d\u2019am\u00e9liorer continuellement la disponibilit\u00e9 et la performance de vos Bancomat, dans le sens de vos clients.[\/vc_column_text][\/vc_column_inner][\/vc_row_inner][vc_row_inner][vc_column_inner][vc_column_text]<\/p>\n<h3>Managed Services<\/h3>\n<p>Notre zone de services g\u00e9r\u00e9s vous offre une solution de surveillance performante assistant une gestion ATM efficace, jusqu\u2019aux externalisations (partielles) de processus, par exemple la gestion de tr\u00e9sorerie. Nous concluons les contrats logiciels pertinents pour vous (\u00abas a Service\u00bb) et assurons\/prenons en charge l\u2019exploitation (BPO).[\/vc_column_text][\/vc_column_inner][\/vc_row_inner][vc_row_inner][vc_column_inner][vc_column_text]<\/p>\n<h3>ATM as a Service \u2013 Full Outsourcing<\/h3>\n<p>Vous recherchez des moyens d\u2019augmenter la productivit\u00e9 et de vous concentrer davantage sur votre c\u0153ur de m\u00e9tier? \u00abATM as a service\u00bb est une solution sur mesure qui optimise votre parc en libre-service. Nous vous offrons encore plus de flexibilit\u00e9 avec des solutions de financement des ressources.[\/vc_column_text][\/vc_column_inner][\/vc_row_inner][vc_row_inner][vc_column_inner][vc_column_text]<\/p>\n<h3>ATM Security<\/h3>\n<p>Les guichets automatiques sont une cible attrayante pour les criminels qui tentent d\u2019exploiter des vuln\u00e9rabilit\u00e9s ou des failles du syst\u00e8me. Pour contrer ces menaces, il est essentiel de s\u00e9curiser non seulement les distributeurs automatiques, mais \u00e9galement tout l\u2019\u00e9cosyst\u00e8me qui l\u2019entoure.[\/vc_column_text][\/vc_column_inner][\/vc_row_inner][\/vc_column][\/vc_row][vc_row full_width=\u00a0\u00bbstretch_row\u00a0\u00bb el_class=\u00a0\u00bbcolor blue list\u00a0\u00bb][vc_column][vc_column_text]<\/p>\n<h2>Vos avantages<\/h2>\n<p>[\/vc_column_text]<div class=\"list-item\"><div class=\"inside\"><div class=\"list-num\">1<\/div><div class=\"list-txt\">Gr\u00e2ce \u00e0 notre large gamme de syst\u00e8mes de libre-service, vous pouvez offrir \u00e0 vos clients des opportunit\u00e9s individuelles et vari\u00e9es dans le domaine Cash\/Non Cash.<\/div><\/div><\/div><div class=\"list-item\"><div class=\"inside\"><div class=\"list-num\">2<\/div><div class=\"list-txt\">Nous vous conseillons sur l\u2019ensemble de l\u2019\u00e9cosyst\u00e8me et vous soutenons dans l\u2019interaction future avec la client\u00e8le.<\/div><\/div><\/div><div class=\"list-item\"><div class=\"inside\"><div class=\"list-num\">3<\/div><div class=\"list-txt\">Nous vous d\u00e9chargeons des activit\u00e9s de back-office fastidieuses et vous permettons de planifier des ressources pour les activit\u00e9s de front et de march\u00e9.<\/div><\/div><\/div>[\/vc_column][\/vc_row]<\/p>\n<\/div>","protected":false},"excerpt":{"rendered":"<p>[vc_row full_width=\u00a0\u00bbstretch_row\u00a0\u00bb el_class=\u00a0\u00bbintro color blue\u00a0\u00bb][vc_column][vc_column_text] Bancomat Nous acqu\u00e9rons vos appareils dans le segment Bancomat et vous proposons des fonctionnalit\u00e9s de libre-service (par exemple, versement de pi\u00e8ces, distributeur de rouleaux de monnaie, syst\u00e8mes de kiosque, etc.), de m\u00eame que des services mat\u00e9riels et logiciels n\u00e9cessaires pour garantir une exploitation fluide et une disponibilit\u00e9 optimale. Nous nous [&hellip;]<\/p>\n","protected":false},"author":3,"featured_media":0,"parent":1391,"menu_order":11,"comment_status":"closed","ping_status":"closed","template":"","meta":{"_acf_changed":false,"footnotes":""},"class_list":["post-4359","page","type-page","status-publish","hentry"],"acf":[],"yoast_head":"<!-- This site is optimized with the Yoast SEO plugin v27.4 - https:\/\/yoast.com\/product\/yoast-seo-wordpress\/ -->\n<title>Bancomat<\/title>\n<meta name=\"description\" content=\"Entris Banking unterst\u00fctzt Sie in diversen Bancomaten-Services.\" \/>\n<meta name=\"robots\" content=\"index, follow, max-snippet:-1, max-image-preview:large, max-video-preview:-1\" \/>\n<link rel=\"canonical\" href=\"https:\/\/www.entris-banking.ch\/fr\/services-financiers\/bancomat\/\" \/>\n<meta property=\"og:locale\" content=\"fr_FR\" \/>\n<meta property=\"og:type\" content=\"article\" \/>\n<meta property=\"og:title\" content=\"Bancomat\" \/>\n<meta property=\"og:description\" content=\"Entris Banking unterst\u00fctzt Sie in diversen Bancomaten-Services.\" \/>\n<meta property=\"og:url\" content=\"https:\/\/www.entris-banking.ch\/fr\/services-financiers\/bancomat\/\" \/>\n<meta property=\"og:site_name\" content=\"Entris Banking AG\" \/>\n<meta property=\"article:modified_time\" content=\"2021-06-30T09:23:55+00:00\" \/>\n<meta name=\"twitter:card\" content=\"summary_large_image\" \/>\n<meta name=\"twitter:label1\" content=\"Dur\u00e9e de lecture estim\u00e9e\" \/>\n\t<meta name=\"twitter:data1\" content=\"3 minutes\" \/>\n<script type=\"application\/ld+json\" class=\"yoast-schema-graph\">{\"@context\":\"https:\\\/\\\/schema.org\",\"@graph\":[{\"@type\":\"WebPage\",\"@id\":\"https:\\\/\\\/www.entris-banking.ch\\\/fr\\\/services-financiers\\\/bancomat\\\/\",\"url\":\"https:\\\/\\\/www.entris-banking.ch\\\/fr\\\/services-financiers\\\/bancomat\\\/\",\"name\":\"Bancomat\",\"isPartOf\":{\"@id\":\"https:\\\/\\\/www.entris-banking.ch\\\/#website\"},\"datePublished\":\"2021-06-10T08:21:42+00:00\",\"dateModified\":\"2021-06-30T09:23:55+00:00\",\"description\":\"Entris Banking unterst\u00fctzt Sie in diversen Bancomaten-Services.\",\"breadcrumb\":{\"@id\":\"https:\\\/\\\/www.entris-banking.ch\\\/fr\\\/services-financiers\\\/bancomat\\\/#breadcrumb\"},\"inLanguage\":\"fr-FR\",\"potentialAction\":[{\"@type\":\"ReadAction\",\"target\":[\"https:\\\/\\\/www.entris-banking.ch\\\/fr\\\/services-financiers\\\/bancomat\\\/\"]}]},{\"@type\":\"BreadcrumbList\",\"@id\":\"https:\\\/\\\/www.entris-banking.ch\\\/fr\\\/services-financiers\\\/bancomat\\\/#breadcrumb\",\"itemListElement\":[{\"@type\":\"ListItem\",\"position\":1,\"name\":\"Startseite\",\"item\":\"https:\\\/\\\/www.entris-banking.ch\\\/fr\\\/\"},{\"@type\":\"ListItem\",\"position\":2,\"name\":\"Services financiers\",\"item\":\"https:\\\/\\\/www.entris-banking.ch\\\/fr\\\/services-financiers\\\/\"},{\"@type\":\"ListItem\",\"position\":3,\"name\":\"Bancomat\"}]},{\"@type\":\"WebSite\",\"@id\":\"https:\\\/\\\/www.entris-banking.ch\\\/#website\",\"url\":\"https:\\\/\\\/www.entris-banking.ch\\\/\",\"name\":\"Entris Banking AG\",\"description\":\"\",\"publisher\":{\"@id\":\"https:\\\/\\\/www.entris-banking.ch\\\/#organization\"},\"potentialAction\":[{\"@type\":\"SearchAction\",\"target\":{\"@type\":\"EntryPoint\",\"urlTemplate\":\"https:\\\/\\\/www.entris-banking.ch\\\/?s={search_term_string}\"},\"query-input\":{\"@type\":\"PropertyValueSpecification\",\"valueRequired\":true,\"valueName\":\"search_term_string\"}}],\"inLanguage\":\"fr-FR\"},{\"@type\":\"Organization\",\"@id\":\"https:\\\/\\\/www.entris-banking.ch\\\/#organization\",\"name\":\"Entris Banking AG\",\"url\":\"https:\\\/\\\/www.entris-banking.ch\\\/\",\"logo\":{\"@type\":\"ImageObject\",\"inLanguage\":\"fr-FR\",\"@id\":\"https:\\\/\\\/www.entris-banking.ch\\\/#\\\/schema\\\/logo\\\/image\\\/\",\"url\":\"https:\\\/\\\/www.entris-banking.ch\\\/wp-content\\\/uploads\\\/entris-banking_logo.png\",\"contentUrl\":\"https:\\\/\\\/www.entris-banking.ch\\\/wp-content\\\/uploads\\\/entris-banking_logo.png\",\"width\":240,\"height\":128,\"caption\":\"Entris Banking AG\"},\"image\":{\"@id\":\"https:\\\/\\\/www.entris-banking.ch\\\/#\\\/schema\\\/logo\\\/image\\\/\"}}]}<\/script>\n<!-- \/ Yoast SEO plugin. -->","yoast_head_json":{"title":"Bancomat","description":"Entris Banking unterst\u00fctzt Sie in diversen Bancomaten-Services.","robots":{"index":"index","follow":"follow","max-snippet":"max-snippet:-1","max-image-preview":"max-image-preview:large","max-video-preview":"max-video-preview:-1"},"canonical":"https:\/\/www.entris-banking.ch\/fr\/services-financiers\/bancomat\/","og_locale":"fr_FR","og_type":"article","og_title":"Bancomat","og_description":"Entris Banking unterst\u00fctzt Sie in diversen Bancomaten-Services.","og_url":"https:\/\/www.entris-banking.ch\/fr\/services-financiers\/bancomat\/","og_site_name":"Entris Banking AG","article_modified_time":"2021-06-30T09:23:55+00:00","twitter_card":"summary_large_image","twitter_misc":{"Dur\u00e9e de lecture estim\u00e9e":"3 minutes"},"schema":{"@context":"https:\/\/schema.org","@graph":[{"@type":"WebPage","@id":"https:\/\/www.entris-banking.ch\/fr\/services-financiers\/bancomat\/","url":"https:\/\/www.entris-banking.ch\/fr\/services-financiers\/bancomat\/","name":"Bancomat","isPartOf":{"@id":"https:\/\/www.entris-banking.ch\/#website"},"datePublished":"2021-06-10T08:21:42+00:00","dateModified":"2021-06-30T09:23:55+00:00","description":"Entris Banking unterst\u00fctzt Sie in diversen Bancomaten-Services.","breadcrumb":{"@id":"https:\/\/www.entris-banking.ch\/fr\/services-financiers\/bancomat\/#breadcrumb"},"inLanguage":"fr-FR","potentialAction":[{"@type":"ReadAction","target":["https:\/\/www.entris-banking.ch\/fr\/services-financiers\/bancomat\/"]}]},{"@type":"BreadcrumbList","@id":"https:\/\/www.entris-banking.ch\/fr\/services-financiers\/bancomat\/#breadcrumb","itemListElement":[{"@type":"ListItem","position":1,"name":"Startseite","item":"https:\/\/www.entris-banking.ch\/fr\/"},{"@type":"ListItem","position":2,"name":"Services financiers","item":"https:\/\/www.entris-banking.ch\/fr\/services-financiers\/"},{"@type":"ListItem","position":3,"name":"Bancomat"}]},{"@type":"WebSite","@id":"https:\/\/www.entris-banking.ch\/#website","url":"https:\/\/www.entris-banking.ch\/","name":"Entris Banking AG","description":"","publisher":{"@id":"https:\/\/www.entris-banking.ch\/#organization"},"potentialAction":[{"@type":"SearchAction","target":{"@type":"EntryPoint","urlTemplate":"https:\/\/www.entris-banking.ch\/?s={search_term_string}"},"query-input":{"@type":"PropertyValueSpecification","valueRequired":true,"valueName":"search_term_string"}}],"inLanguage":"fr-FR"},{"@type":"Organization","@id":"https:\/\/www.entris-banking.ch\/#organization","name":"Entris Banking AG","url":"https:\/\/www.entris-banking.ch\/","logo":{"@type":"ImageObject","inLanguage":"fr-FR","@id":"https:\/\/www.entris-banking.ch\/#\/schema\/logo\/image\/","url":"https:\/\/www.entris-banking.ch\/wp-content\/uploads\/entris-banking_logo.png","contentUrl":"https:\/\/www.entris-banking.ch\/wp-content\/uploads\/entris-banking_logo.png","width":240,"height":128,"caption":"Entris Banking AG"},"image":{"@id":"https:\/\/www.entris-banking.ch\/#\/schema\/logo\/image\/"}}]}},"_links":{"self":[{"href":"https:\/\/www.entris-banking.ch\/fr\/wp-json\/wp\/v2\/pages\/4359","targetHints":{"allow":["GET"]}}],"collection":[{"href":"https:\/\/www.entris-banking.ch\/fr\/wp-json\/wp\/v2\/pages"}],"about":[{"href":"https:\/\/www.entris-banking.ch\/fr\/wp-json\/wp\/v2\/types\/page"}],"author":[{"embeddable":true,"href":"https:\/\/www.entris-banking.ch\/fr\/wp-json\/wp\/v2\/users\/3"}],"replies":[{"embeddable":true,"href":"https:\/\/www.entris-banking.ch\/fr\/wp-json\/wp\/v2\/comments?post=4359"}],"version-history":[{"count":9,"href":"https:\/\/www.entris-banking.ch\/fr\/wp-json\/wp\/v2\/pages\/4359\/revisions"}],"predecessor-version":[{"id":4402,"href":"https:\/\/www.entris-banking.ch\/fr\/wp-json\/wp\/v2\/pages\/4359\/revisions\/4402"}],"up":[{"embeddable":true,"href":"https:\/\/www.entris-banking.ch\/fr\/wp-json\/wp\/v2\/pages\/1391"}],"wp:attachment":[{"href":"https:\/\/www.entris-banking.ch\/fr\/wp-json\/wp\/v2\/media?parent=4359"}],"curies":[{"name":"wp","href":"https:\/\/api.w.org\/{rel}","templated":true}]}}